{"id":11380,"date":"2021-11-03T10:08:59","date_gmt":"2021-11-03T10:08:59","guid":{"rendered":"https:\/\/www.thereveriesaigon.com\/spa-phong-tap-the-hinh\/"},"modified":"2025-10-30T04:48:40","modified_gmt":"2025-10-30T04:48:40","slug":"spa-phong-tap-the-hinh","status":"publish","type":"page","link":"https:\/\/www.thereveriesaigon.com\/vi\/spa-phong-tap-the-hinh\/","title":{"rendered":"Spa &#038; Ph\u00f2ng t\u1eadp"},"content":{"rendered":"<div data-type=\"organism\" data-temp=\"header-image-block.twig\" class=\"header-image-block \">\n    <div class=\"bg-secondary relative\">\n        <div class=\"site-width flex justify-center flex-column vh-90 \">\n                        <h1 class=\"fs-120 ff-2 t-shadow c-white relative z-20\">\n               <i class=\"fs-110\">The Spa<\/i><br>\n               <span>The Reverie Saigon<\/span>\n            <\/h1> \n                        \n        <\/div>\n\n        \n\t \n\t \n\t\t \n\t \n\n\n\n\n\n\n\n\t\t\t<picture>\n\t\t\t<source srcset=\"\n\t\t\t\thttps:\/\/www.thereveriesaigon.com\/wp-content\/uploads\/2025\/08\/IMG_4108-2-300x217.jpg 379w, \n\t\t\t\thttps:\/\/www.thereveriesaigon.com\/wp-content\/uploads\/2025\/08\/IMG_4108-2-300x217.jpg 420w, \n\t\t\t\thttps:\/\/www.thereveriesaigon.com\/wp-content\/uploads\/2025\/08\/IMG_4108-2-1024x739.jpg 768w, \n\t\t\t\thttps:\/\/www.thereveriesaigon.com\/wp-content\/uploads\/2025\/08\/IMG_4108-2-1200x867.jpg 1020w, \n\t\t\t\thttps:\/\/www.thereveriesaigon.com\/wp-content\/uploads\/2025\/08\/IMG_4108-2.jpg 1600w, \n\t\t\t\thttps:\/\/www.thereveriesaigon.com\/wp-content\/uploads\/2025\/08\/IMG_4108-2.jpg 1900w,\"\n\t\t\t\tsizes=\"100vw\" alt=\"\" type=\"image\/webp\">\n\t\t\t\t\t\t<img decoding=\"async\" src=\"https:\/\/www.thereveriesaigon.com\/wp-content\/uploads\/2025\/08\/IMG_4108-2.jpg\" alt=\"\" class=\"div-fill absolute z-10\"  loading=\"lazy\">\n\t\t<\/picture>\n\t    <\/div>\n<\/div><div class=\"introduction-and-table-block site-width flex justify-between gap-135 m-flex-wrap m-gap-0 flex-row-reverse m-flex-column-reverse mv-140 align-items-center\" data-type=\"organism\" data-temp=\"introduction-and-award-block.twig\">\n\t<div class=\"m-w-100 col-675 align-self-stretch flex flex-column\">\n\n\t\t<!-- Retrieve ACF values from retrieved post type -->\n\t\n\t\n\t\t<div class=\"flex flex-column w-100 mt-30\">\n\t\t\t\n\n    <ol class=\"data-table-repeater small-data-table\">\n                    <li class=\"flex\">\n                <span class=\"column left text-left\">\n                    <b>GI\u1edc HO\u1ea0T \u0110\u1ed8NG C\u1ee6A SPA<\/b>\n                <\/span>\n                <span class=\"column right text-left\">\n                      10:00 \u2013 22:00 daily\n                <\/span>\n            <\/li>\n                    <li class=\"flex\">\n                <span class=\"column left text-left\">\n                    <b>\u0110\u1ecaA \u0110I\u1ec2M<\/b>\n                <\/span>\n                <span class=\"column right text-left\">\n                       6th &#038; 7th Floors | Entrance on 6F\n                <\/span>\n            <\/li>\n                    <li class=\"flex\">\n                <span class=\"column left text-left\">\n                    <b>\u0110I\u1ec6N THO\u1ea0I<\/b>\n                <\/span>\n                <span class=\"column right text-left\">\n                      +84 28 3823 6688 \n                <\/span>\n            <\/li>\n                    <li class=\"flex\">\n                <span class=\"column left text-left\">\n                    <b>EMAIL<\/b>\n                <\/span>\n                <span class=\"column right text-left\">\n                      spa@thereveriesaigon.com\n                <\/span>\n            <\/li>\n            <\/ol>\n\t\t<\/div>\n\n\t\t<div class=\"flex w-100 ls-none\">\n\t\t\t<div class=\"w-33\"><\/div>\n\t\t\t<div class=\"w-66\">\n\t\t\t\t<!-- Add Standard Text -->\n<p><sup>*Nh\u1eadn \u0111\u1eb7t l\u1ecbch \u0111\u1ea7u ti\u00ean t\u1eeb 10:30 s\u00e1ng<\/sup><\/p>\n<p><sup>*Nh\u1eadn \u0111\u1eb7t l\u1ecbch cu\u1ed1i c\u00f9ng (60 ph\u00fat tr\u1ecb li\u1ec7u) v\u00e0o l\u00fac 20:30<\/sup><\/p>\n<p><sup>*Kh\u00e1ch d\u01b0\u1edbi 14 tu\u1ed5i ph\u1ea3i c\u00f3 s\u1ef1 gi\u00e1m s\u00e1t c\u1ee7a ng\u01b0\u1eddi l\u1edbn<\/sup><\/p>\n\t\t\t<\/div>\n\t\t<\/div>\n\t<\/div>\n\t<div class=\"col col-865\">\n\t\t\n\t\t<!-- Retrieve Text -->\n\t\t<span data-type=\"molecule\" data-temp=\"text.twig\" class=\"molecule-text\">\n<!-- Add Standard Text -->\n<p class=\"fs-40 ff-2 i-gold\">The Spa t\u1ea1i The Reverie Saigon, c\u00f9ng v\u1edbi trung t\u00e2m th\u1ec3 d\u1ee5c th\u1ec3 h\u00ecnh, \u0111\u01b0\u1ee3c b\u1ed1 tr\u00ed tr\u00ean hai t\u1ea7ng s\u00e1u v\u00e0 b\u1ea3y, m\u1edf ra th\u1ebf gi\u1edbi th\u01b0 gi\u00e3n v\u00e0 l\u00e0m \u0111\u1eb9p tuy\u1ec7t v\u1eddi tr\u00ean di\u1ec7n t\u00edch 1.200 m\u00e9t vu\u00f4ng.<\/p>\n<p>T\u1ecda l\u1ea1c ngay trung t\u00e2m Th\u00e0nh ph\u1ed1 H\u1ed3 Ch\u00ed Minh nh\u1ed9n nh\u1ecbp, v\u1edbi m\u01b0\u1eddi hai ph\u00f2ng tr\u1ecb li\u1ec7u ri\u00eang bi\u1ec7t, ph\u00f2ng x\u00f4ng h\u01a1i kh\u00f4 v\u00e0 \u01b0\u1edbt ri\u00eang cho nam v\u00e0 n\u1eef, m\u1ed9t salon ch\u0103m s\u00f3c s\u1eafc \u0111\u1eb9p v\u00e0 t\u00f3c, Spa sang tr\u1ecdng b\u1eadc nh\u1ea5t th\u00e0nh ph\u1ed1 n\u00e0y nh\u01b0 m\u1ed9t \u1ed1c \u0111\u1ea3o y\u00ean b\u00ecnh mang \u0111\u1ebfn s\u1ef1 th\u01b0 gi\u00e3n v\u00e0 tr\u1ebb h\u00f3a tuy\u1ec7t v\u1eddi.<\/p>\n<p>C\u00e1c ph\u01b0\u01a1ng ph\u00e1p tr\u1ecb li\u1ec7u t\u1ea1i The Spa \u0111\u01b0\u1ee3c k\u1ebft h\u1ee3p t\u1eeb b\u00ed quy\u1ebft spa truy\u1ec1n th\u1ed1ng c\u1ee7a \u0110\u00f4ng Nam \u00c1 c\u0169ng nh\u01b0 c\u00e1c li\u1ec7u ph\u00e1p m\u00f9i h\u01b0\u01a1ng (Aromatherapy) l\u1ea5y c\u1ea3m h\u1ee9ng t\u1eeb Ch\u00e2u \u00c2u, gi\u00fap th\u01b0 gi\u00e3n v\u00e0 tr\u1ebb h\u00f3a c\u01a1 th\u1ec3, tr\u00ed tu\u1ec7 v\u00e0 t\u00e2m h\u1ed3n.<\/p>\n\n\n<!-- Handle Download, External and Internal Links -->\n<div class=\"flex flex-wrap gap-36 m-inherit btn-parent\">\n\t<\/div><\/span>\n\t<\/div>\n<\/div>\t<div class=\"landscape-image-block site-width flex m-flex-column-reverse mv-140 align-items-center landscape-image-block\" data-type=\"organism\" data-temp=\"landscape-image-block.twig\">\n\t<div class=\"col w-100 m-w-100 row-730 relative\">\n\t\t\n\t\t\n\t \n\t \n\t\t \n\t \n\n\n\n\n\n\n\n\t\t\t<picture>\n\t\t\t<source srcset=\"\n\t\t\t\thttps:\/\/www.thereveriesaigon.com\/wp-content\/uploads\/2025\/08\/IMG_4195-2_edited-300x176.jpg 379w, \n\t\t\t\thttps:\/\/www.thereveriesaigon.com\/wp-content\/uploads\/2025\/08\/IMG_4195-2_edited-300x176.jpg 420w, \n\t\t\t\thttps:\/\/www.thereveriesaigon.com\/wp-content\/uploads\/2025\/08\/IMG_4195-2_edited-1024x600.jpg 768w, \n\t\t\t\thttps:\/\/www.thereveriesaigon.com\/wp-content\/uploads\/2025\/08\/IMG_4195-2_edited-1200x703.jpg 1020w, \n\t\t\t\thttps:\/\/www.thereveriesaigon.com\/wp-content\/uploads\/2025\/08\/IMG_4195-2_edited.jpg 1600w, \n\t\t\t\thttps:\/\/www.thereveriesaigon.com\/wp-content\/uploads\/2025\/08\/IMG_4195-2_edited.jpg 1900w,\"\n\t\t\t\tsizes=\"100vw\" alt=\"\" type=\"image\/webp\">\n\t\t\t\t\t\t<img decoding=\"async\" src=\"https:\/\/www.thereveriesaigon.com\/wp-content\/uploads\/2025\/08\/IMG_4195-2_edited.jpg\" alt=\"\" class=\"bg-primary div-fill absolute\"  loading=\"lazy\">\n\t\t<\/picture>\n\t\t<\/div>\n<\/div><div class=\"separator-block site-width\" data-type=\"organism\" data-temp=\"introduction-and-award-block.twig\">\n    <div class=\"inner relative w-100\">\n        <div class=\"seperator-badge absolute\">\n          \n        <\/div>\n    <\/div>\n<\/div>\n\n<div class=\"square-image-text-block site-width flex justify-end gap-36 m-flex-wrap m-gap-0  m-flex-column-reverse mv-140 align-items-center square-image-text-block flex-row-reverse\" data-type=\"organism\" data-temp=\"square-image-text-block.twig\">\n\t<div class=\"col col-780 m-w-100 pr-100 m-pr-0\">\n\t\t<span data-type=\"molecule\" data-temp=\"text.twig\" class=\"molecule-text\">\n<!-- Add Standard Text -->\n<p class=\"fs-40 ff-2 i-gold\">The Spa<\/p>\n<p class=\"fs-18\">Tr\u1ea3i nghi\u1ec7m th\u01b0 gi\u00e3n b\u1eaft \u0111\u1ea7u t\u1ea1i The Spa v\u1edbi c\u00e1c d\u1ecbch v\u1ee5 l\u00e0m \u0111\u1eb9p cao c\u1ea5p, c\u00e1c s\u1ea3n ph\u1ea9m ch\u0103m s\u00f3c c\u01a1 th\u1ec3 h\u1eefu c\u01a1, v\u00e0 c\u00e1c tr\u1ea3i nghi\u1ec7m x\u00f4ng h\u01a1i ti\u00ean ti\u1ebfn.<\/p>\n\n\n<!-- Handle Download, External and Internal Links -->\n<div class=\"flex flex-wrap gap-36 m-inherit btn-parent\">\n\t\t\t<a class=\"btn \" \n\t\t\thref=\"\t\t\t\t\thttps:\/\/www.thereveriesaigon.com\/vi\/spa-phong-tap-the-hinh\/tham-quan-the-spa\/\n\t\t\t\t\t\t\t\t\t\t\t\t\" \n\t\t\t\t\n\t\t\t\t\n\t\t\t\t\t\t\t\t>\n\t\t\tKh\u00e1m Ph\u00e1\n\t\t<\/a>\n\t<\/div><\/span>\t<\/div>\n\n\t<div class=\"col-780 align-self-stretch m-w-100 m-mb-30 relative\">\n\t\t\n\t \n\t \n\t\t \n\t \n\n\n\n\n\t\t\t\t\t\t\t\t\t\t\t\t\t\t\t\n\n\n\t\t\t<picture>\n\t\t\t<source srcset=\"\n\t\t\t\thttps:\/\/www.thereveriesaigon.com\/wp-content\/uploads\/2025\/08\/IMG_5440-2_edited-300x167.jpg 379w, \n\t\t\t\thttps:\/\/www.thereveriesaigon.com\/wp-content\/uploads\/2025\/08\/IMG_5440-2_edited-300x167.jpg 420w, \n\t\t\t\thttps:\/\/www.thereveriesaigon.com\/wp-content\/uploads\/2025\/08\/IMG_5440-2_edited-1024x570.jpg 768w, \n\t\t\t\thttps:\/\/www.thereveriesaigon.com\/wp-content\/uploads\/2025\/08\/IMG_5440-2_edited-1200x668.jpg 1020w, \n\t\t\t\thttps:\/\/www.thereveriesaigon.com\/wp-content\/uploads\/2025\/08\/IMG_5440-2_edited-2000x1114.jpg 1600w, \n\t\t\t\thttps:\/\/www.thereveriesaigon.com\/wp-content\/uploads\/2025\/08\/IMG_5440-2_edited-2000x1114.jpg 1900w,\"\n\t\t\t\tsizes=\"100vw\" alt=\"\" type=\"image\/webp\">\n\t\t\t\t\t\t<img decoding=\"async\" src=\"https:\/\/www.thereveriesaigon.com\/wp-content\/uploads\/2025\/08\/IMG_5440-2_edited-2000x1114.jpg\" alt=\"\" class=\"bg-primary div-fill-soft row-600 m-row-260\"  loading=\"lazy\">\n\t\t<\/picture>\n\t\t<\/div>\n<\/div><div class=\"square-image-text-block site-width flex justify-end gap-36 m-flex-wrap m-gap-0  m-flex-column-reverse mv-140 align-items-center square-image-text-block default\" data-type=\"organism\" data-temp=\"square-image-text-block.twig\">\n\t<div class=\"col col-780 m-w-100 pr-100 m-pr-0\">\n\t\t<span data-type=\"molecule\" data-temp=\"text.twig\" class=\"molecule-text\">\n<!-- Add Standard Text -->\n<p class=\"fs-40 ff-2 i-gold\">Ph\u00f2ng T\u1eadp Th\u1ec3 H\u00ecnh &amp; H\u1ed3 B\u01a1i<\/p>\n<p class=\"fs-18\">C\u00f9ng v\u1edbi The Spa, t\u1ea7ng 6 c\u00f2n l\u00e0 trung t\u00e2m th\u1ec3 h\u00ecnh \u1ea5n t\u01b0\u1ee3ng nh\u1ea5t th\u00e0nh ph\u1ed1 H\u1ed3 Ch\u00ed Minh. V\u1edbi di\u1ec7n t\u00edch 120 m\u00e9t vu\u00f4ng, ph\u00f2ng t\u1eadp c\u1ea1nh h\u1ed3 b\u01a1i n\u00e0y \u0111\u01b0\u1ee3c trang b\u1ecb c\u00e1c m\u00e1y t\u1eadp cardino ARTIS d\u00f2ng m\u1edbi nh\u1ea5t c\u1ee7a TechnoGym c\u00f3 b\u1ea3ng \u0111i\u1ec1u khi\u1ec3n h\u1ed7 tr\u1ee3 Wi-Fi \u0111\u1ec3 k\u1ebft n\u1ed1i li\u1ec1n m\u1ea1ch v\u1edbi \u0111i\u1ec7n tho\u1ea1i th\u00f4ng minh v\u00e0 iPod.<\/p>\n\n\n<!-- Handle Download, External and Internal Links -->\n<div class=\"flex flex-wrap gap-36 m-inherit btn-parent\">\n\t\t\t<a class=\"btn \" \n\t\t\thref=\"\t\t\t\t\thttps:\/\/www.thereveriesaigon.com\/vi\/spa-phong-tap-the-hinh\/trung-tam-the-hinh-ho-boi\/\n\t\t\t\t\t\t\t\t\t\t\t\t\" \n\t\t\t\t\n\t\t\t\t\n\t\t\t\t\t\t\t\t>\n\t\t\tKh\u00e1m Ph\u00e1\n\t\t<\/a>\n\t<\/div><\/span>\t<\/div>\n\n\t<div class=\"col-780 align-self-stretch m-w-100 m-mb-30 relative\">\n\t\t\n\t \n\t \n\t\t \n\t \n\n\n\n\n\t\t\t\t\t\t\t\t\t\t\t\t\t\t\t\n\n\n\t\t\t<picture>\n\t\t\t<source srcset=\"\n\t\t\t\thttps:\/\/www.thereveriesaigon.com\/wp-content\/uploads\/2021\/12\/The-Reverie-Saigon-The-Spa-Swimming-Pool-Evening-II-780x600-1-300x231.jpg 379w, \n\t\t\t\thttps:\/\/www.thereveriesaigon.com\/wp-content\/uploads\/2021\/12\/The-Reverie-Saigon-The-Spa-Swimming-Pool-Evening-II-780x600-1-300x231.jpg 420w, \n\t\t\t\thttps:\/\/www.thereveriesaigon.com\/wp-content\/uploads\/2021\/12\/The-Reverie-Saigon-The-Spa-Swimming-Pool-Evening-II-780x600-1.jpg 768w, \n\t\t\t\thttps:\/\/www.thereveriesaigon.com\/wp-content\/uploads\/2021\/12\/The-Reverie-Saigon-The-Spa-Swimming-Pool-Evening-II-780x600-1.jpg 1020w, \n\t\t\t\thttps:\/\/www.thereveriesaigon.com\/wp-content\/uploads\/2021\/12\/The-Reverie-Saigon-The-Spa-Swimming-Pool-Evening-II-780x600-1.jpg 1600w, \n\t\t\t\thttps:\/\/www.thereveriesaigon.com\/wp-content\/uploads\/2021\/12\/The-Reverie-Saigon-The-Spa-Swimming-Pool-Evening-II-780x600-1.jpg 1900w,\"\n\t\t\t\tsizes=\"100vw\" alt=\"The Reverie Saigon | The Spa | Swimming Pool\" type=\"image\/webp\">\n\t\t\t\t\t\t<img decoding=\"async\" src=\"https:\/\/www.thereveriesaigon.com\/wp-content\/uploads\/2021\/12\/The-Reverie-Saigon-The-Spa-Swimming-Pool-Evening-II-780x600-1.jpg\" alt=\"The Reverie Saigon | The Spa | Swimming Pool\" class=\"bg-primary div-fill-soft row-600 m-row-260\"  loading=\"lazy\">\n\t\t<\/picture>\n\t\t<\/div>\n<\/div><div class=\"people-profile-block relative\" data-type=\"organism\" data-temp=\"people-profile-block.twig\">\n\t<div class=\"mv row-730 m-h-auto flex tx-grey-2\">\n\t\t<div class=\"site-width flex gap-36 m-gap-0 m-flex-wrap m-flex-column-reverse m-mt-86\">\n\t\t\t<div class=\"col w-50 m-w-100\">\n\t\t\t\t\n\t\n\n\n\n\n\n\n\t\t\t<picture>\n\t\t\t<source srcset=\"\n\t\t\t\thttps:\/\/www.thereveriesaigon.com\/wp-content\/uploads\/2022\/01\/Layer-2-300x458-379x0-c-default.webp 379w, \n\t\t\t\thttps:\/\/www.thereveriesaigon.com\/wp-content\/uploads\/2022\/01\/Layer-2-196x300-420x0-c-default.webp 420w, \n\t\t\t\thttps:\/\/www.thereveriesaigon.com\/wp-content\/uploads\/2022\/01\/Layer-2-671x1024-768x0-c-default.webp 768w, \n\t\t\t\thttps:\/\/www.thereveriesaigon.com\/wp-content\/uploads\/2022\/01\/Layer-2-1200x1833-1020x0-c-default.webp 1020w, \n\t\t\t\thttps:\/\/www.thereveriesaigon.com\/wp-content\/uploads\/2022\/01\/Layer-2-2000x3054-1600x0-c-default.webp 1600w, \n\t\t\t\thttps:\/\/www.thereveriesaigon.com\/wp-content\/uploads\/2022\/01\/Layer-2-2000x3054-1920x0-c-default.webp 1900w,\"\n\t\t\t\tsizes=\"100vw\" alt=\"\" type=\"image\/webp\">\n\t\t\t\t\t\t<img decoding=\"async\" src=\"https:\/\/www.thereveriesaigon.com\/wp-content\/uploads\/2022\/01\/Layer-2-2000x3054.jpg\" alt=\"\" class=\"div-fill-soft m-row-375\" loading=\"lazy\">\n\t\t<\/picture>\n\t\t\t\t<\/div>\n\t\t\t<div class=\"col w-50 m-w-100 pv-100 m-pt-100 flex flex-column justify-center\">\n\t\t\t\t<span class=\"flex\">\n\t\t\t\t\t<span class=\"tt-uppercase\">Chuy\u00ean vi\u00ean tr\u1ecb li\u1ec7u Spa<\/span>\n\t\t\t\t<\/span>\n\n\t\t\t\t<p class=\"fs-40 ff-2 i-gold\">Ch\u00e0o \u0111\u00f3n qu\u00fd kh\u00e1ch \u0111\u1ebfn v\u1edbi d\u1ecbch v\u1ee5 ch\u0103m s\u00f3c s\u1ee9c kh\u1ecfe <em>ri\u00eang bi\u1ec7t v\u00e0 sang tr\u1ecdng<\/em> c\u1ee7a The Spa, n\u01a1i m\u00e0 \u0111\u1ed9i ng\u0169 nh\u00e2n vi\u00ean chuy\u00ean nghi\u1ec7p v\u00e0 t\u1eadn t\u00e2m c\u1ee7a ch\u00fang t\u00f4i s\u1ebd mang \u0111\u1ebfn nh\u1eefng li\u1ec7u ph\u00e1p l\u00e0m \u0111\u1eb9p cho t\u00f3c v\u00e0 da gi\u00fap <em>th\u01b0 gi\u00e3n v\u00e0 tr\u1ebb ho\u00e1\u00a0<\/em>c\u0169ng nh\u01b0 tr\u1ea3i nghi\u1ec7m nh\u1eefng s\u1ea3n ph\u1ea9m cao c\u1ea5p v\u00e0 li\u1ec7u tr\u00ecnh ch\u0103m s\u00f3c \u0111\u1eb7c bi\u1ec7t.<\/p>\n\n\t\t\t\t\n\t\t\t\t\t\t\t<\/div>\n\t\t<\/div>\n\t<\/div>\n<\/div>\n","protected":false},"excerpt":{"rendered":"","protected":false},"author":9,"featured_media":0,"parent":0,"menu_order":64,"comment_status":"closed","ping_status":"closed","template":"","meta":{"_acf_changed":false,"inline_featured_image":false,"footnotes":""},"class_list":["post-11380","page","type-page","status-publish","hentry"],"acf":{"default":"is_default_theme","theme_type":"is_default_theme"},"yoast_head":"<!-- This site is optimized with the Yoast SEO plugin v27.0 - https:\/\/yoast.com\/product\/yoast-seo-wordpress\/ -->\n<title>The Reverie Saigon Spa | Spa Sang Tr\u1ecdng T\u1ea1i Vi\u1ec7t Nam<\/title>\n<meta name=\"description\" content=\"The Spa t\u1ea1i The Reverie Saigon, c\u00f9ng v\u1edbi trung t\u00e2m th\u1ec3 d\u1ee5c th\u1ec3 h\u00ecnh, \u0111\u01b0\u1ee3c b\u1ed1 tr\u00ed tr\u00ean hai t\u1ea7ng s\u00e1u v\u00e0 b\u1ea3y, m\u1edf ra th\u1ebf gi\u1edbi th\u01b0 gi\u00e3n v\u00e0 l\u00e0m \u0111\u1eb9p tuy\u1ec7t v\u1eddi tr\u00ean di\u1ec7n t\u00edch 1.200 m\u00e9t vu\u00f4ng.\" \/>\n<meta name=\"robots\" content=\"index, follow, max-snippet:-1, max-image-preview:large, max-video-preview:-1\" \/>\n<link rel=\"canonical\" href=\"https:\/\/www.thereveriesaigon.com\/vi\/spa-phong-tap-the-hinh\/\" \/>\n<meta property=\"og:locale\" content=\"vi_VN\" \/>\n<meta property=\"og:type\" content=\"article\" \/>\n<meta property=\"og:title\" content=\"The Reverie Saigon Spa | Spa Sang Tr\u1ecdng T\u1ea1i Vi\u1ec7t Nam\" \/>\n<meta property=\"og:description\" content=\"The Spa t\u1ea1i The Reverie Saigon, c\u00f9ng v\u1edbi trung t\u00e2m th\u1ec3 d\u1ee5c th\u1ec3 h\u00ecnh, \u0111\u01b0\u1ee3c b\u1ed1 tr\u00ed tr\u00ean hai t\u1ea7ng s\u00e1u v\u00e0 b\u1ea3y, m\u1edf ra th\u1ebf gi\u1edbi th\u01b0 gi\u00e3n v\u00e0 l\u00e0m \u0111\u1eb9p tuy\u1ec7t v\u1eddi tr\u00ean di\u1ec7n t\u00edch 1.200 m\u00e9t vu\u00f4ng.\" \/>\n<meta property=\"og:url\" content=\"https:\/\/www.thereveriesaigon.com\/vi\/spa-phong-tap-the-hinh\/\" \/>\n<meta property=\"og:site_name\" content=\"The Reverie Saigon\" \/>\n<meta property=\"article:modified_time\" content=\"2025-10-30T04:48:40+00:00\" \/>\n<meta name=\"twitter:card\" content=\"summary_large_image\" \/>\n<script type=\"application\/ld+json\" class=\"yoast-schema-graph\">{\"@context\":\"https:\/\/schema.org\",\"@graph\":[{\"@type\":\"WebPage\",\"@id\":\"https:\/\/www.thereveriesaigon.com\/vi\/spa-phong-tap-the-hinh\/\",\"url\":\"https:\/\/www.thereveriesaigon.com\/vi\/spa-phong-tap-the-hinh\/\",\"name\":\"The Reverie Saigon Spa | Spa Sang Tr\u1ecdng T\u1ea1i Vi\u1ec7t Nam\",\"isPartOf\":{\"@id\":\"https:\/\/www.thereveriesaigon.com\/#website\"},\"datePublished\":\"2021-11-03T10:08:59+00:00\",\"dateModified\":\"2025-10-30T04:48:40+00:00\",\"description\":\"The Spa t\u1ea1i The Reverie Saigon, c\u00f9ng v\u1edbi trung t\u00e2m th\u1ec3 d\u1ee5c th\u1ec3 h\u00ecnh, \u0111\u01b0\u1ee3c b\u1ed1 tr\u00ed tr\u00ean hai t\u1ea7ng s\u00e1u v\u00e0 b\u1ea3y, m\u1edf ra th\u1ebf gi\u1edbi th\u01b0 gi\u00e3n v\u00e0 l\u00e0m \u0111\u1eb9p tuy\u1ec7t v\u1eddi tr\u00ean di\u1ec7n t\u00edch 1.200 m\u00e9t vu\u00f4ng.\",\"inLanguage\":\"vi-VN\",\"potentialAction\":[{\"@type\":\"ReadAction\",\"target\":[\"https:\/\/www.thereveriesaigon.com\/vi\/spa-phong-tap-the-hinh\/\"]}]},{\"@type\":\"WebSite\",\"@id\":\"https:\/\/www.thereveriesaigon.com\/#website\",\"url\":\"https:\/\/www.thereveriesaigon.com\/\",\"name\":\"The Reverie Saigon\",\"description\":\"\",\"publisher\":{\"@id\":\"https:\/\/www.thereveriesaigon.com\/#organization\"},\"potentialAction\":[{\"@type\":\"SearchAction\",\"target\":{\"@type\":\"EntryPoint\",\"urlTemplate\":\"https:\/\/www.thereveriesaigon.com\/?s={search_term_string}\"},\"query-input\":{\"@type\":\"PropertyValueSpecification\",\"valueRequired\":true,\"valueName\":\"search_term_string\"}}],\"inLanguage\":\"vi-VN\"},{\"@type\":\"Organization\",\"@id\":\"https:\/\/www.thereveriesaigon.com\/#organization\",\"name\":\"The Reverie Saigon\",\"url\":\"https:\/\/www.thereveriesaigon.com\/\",\"logo\":{\"@type\":\"ImageObject\",\"inLanguage\":\"vi-VN\",\"@id\":\"https:\/\/www.thereveriesaigon.com\/#\/schema\/logo\/image\/\",\"url\":\"https:\/\/www.thereveriesaigon.com\/wp-content\/uploads\/2021\/11\/TRS-Master-Wine-List-5.pdf2021\/11\/TRS-Master-Wine-List-4.pdf2021\/11\/TRS-Master-Wine-List-5.pdf2021\/11\/Thousands-of-Shining-Star-3.pdf2021\/11\/Thousands-of-Shining-Star-4.pdf2021\/11\/Thousands-of-Shining-Star.pdf2021\/11\/Chef-Wong-s-Recommendation-August.pdf2022\/11\/Truffle-menu---Caf-Cardinal.pdf2022\/11\/Truffle-menu---Da-Vittorio-Saigon.pdf2021\/10\/The-Reverie-Logo.jpg\",\"contentUrl\":\"https:\/\/www.thereveriesaigon.com\/wp-content\/uploads\/2021\/11\/TRS-Master-Wine-List-5.pdf2021\/11\/TRS-Master-Wine-List-4.pdf2021\/11\/TRS-Master-Wine-List-5.pdf2021\/11\/Thousands-of-Shining-Star-3.pdf2021\/11\/Thousands-of-Shining-Star-4.pdf2021\/11\/Thousands-of-Shining-Star.pdf2021\/11\/Chef-Wong-s-Recommendation-August.pdf2022\/11\/Truffle-menu---Caf-Cardinal.pdf2022\/11\/Truffle-menu---Da-Vittorio-Saigon.pdf2021\/10\/The-Reverie-Logo.jpg\",\"width\":2000,\"height\":1597,\"caption\":\"The Reverie Saigon\"},\"image\":{\"@id\":\"https:\/\/www.thereveriesaigon.com\/#\/schema\/logo\/image\/\"}}]}<\/script>\n<!-- \/ Yoast SEO plugin. -->","yoast_head_json":{"title":"The Reverie Saigon Spa | Spa Sang Tr\u1ecdng T\u1ea1i Vi\u1ec7t Nam","description":"The Spa t\u1ea1i The Reverie Saigon, c\u00f9ng v\u1edbi trung t\u00e2m th\u1ec3 d\u1ee5c th\u1ec3 h\u00ecnh, \u0111\u01b0\u1ee3c b\u1ed1 tr\u00ed tr\u00ean hai t\u1ea7ng s\u00e1u v\u00e0 b\u1ea3y, m\u1edf ra th\u1ebf gi\u1edbi th\u01b0 gi\u00e3n v\u00e0 l\u00e0m \u0111\u1eb9p tuy\u1ec7t v\u1eddi tr\u00ean di\u1ec7n t\u00edch 1.200 m\u00e9t vu\u00f4ng.","robots":{"index":"index","follow":"follow","max-snippet":"max-snippet:-1","max-image-preview":"max-image-preview:large","max-video-preview":"max-video-preview:-1"},"canonical":"https:\/\/www.thereveriesaigon.com\/vi\/spa-phong-tap-the-hinh\/","og_locale":"vi_VN","og_type":"article","og_title":"The Reverie Saigon Spa | Spa Sang Tr\u1ecdng T\u1ea1i Vi\u1ec7t Nam","og_description":"The Spa t\u1ea1i The Reverie Saigon, c\u00f9ng v\u1edbi trung t\u00e2m th\u1ec3 d\u1ee5c th\u1ec3 h\u00ecnh, \u0111\u01b0\u1ee3c b\u1ed1 tr\u00ed tr\u00ean hai t\u1ea7ng s\u00e1u v\u00e0 b\u1ea3y, m\u1edf ra th\u1ebf gi\u1edbi th\u01b0 gi\u00e3n v\u00e0 l\u00e0m \u0111\u1eb9p tuy\u1ec7t v\u1eddi tr\u00ean di\u1ec7n t\u00edch 1.200 m\u00e9t vu\u00f4ng.","og_url":"https:\/\/www.thereveriesaigon.com\/vi\/spa-phong-tap-the-hinh\/","og_site_name":"The Reverie Saigon","article_modified_time":"2025-10-30T04:48:40+00:00","twitter_card":"summary_large_image","schema":{"@context":"https:\/\/schema.org","@graph":[{"@type":"WebPage","@id":"https:\/\/www.thereveriesaigon.com\/vi\/spa-phong-tap-the-hinh\/","url":"https:\/\/www.thereveriesaigon.com\/vi\/spa-phong-tap-the-hinh\/","name":"The Reverie Saigon Spa | Spa Sang Tr\u1ecdng T\u1ea1i Vi\u1ec7t Nam","isPartOf":{"@id":"https:\/\/www.thereveriesaigon.com\/#website"},"datePublished":"2021-11-03T10:08:59+00:00","dateModified":"2025-10-30T04:48:40+00:00","description":"The Spa t\u1ea1i The Reverie Saigon, c\u00f9ng v\u1edbi trung t\u00e2m th\u1ec3 d\u1ee5c th\u1ec3 h\u00ecnh, \u0111\u01b0\u1ee3c b\u1ed1 tr\u00ed tr\u00ean hai t\u1ea7ng s\u00e1u v\u00e0 b\u1ea3y, m\u1edf ra th\u1ebf gi\u1edbi th\u01b0 gi\u00e3n v\u00e0 l\u00e0m \u0111\u1eb9p tuy\u1ec7t v\u1eddi tr\u00ean di\u1ec7n t\u00edch 1.200 m\u00e9t vu\u00f4ng.","inLanguage":"vi-VN","potentialAction":[{"@type":"ReadAction","target":["https:\/\/www.thereveriesaigon.com\/vi\/spa-phong-tap-the-hinh\/"]}]},{"@type":"WebSite","@id":"https:\/\/www.thereveriesaigon.com\/#website","url":"https:\/\/www.thereveriesaigon.com\/","name":"The Reverie Saigon","description":"","publisher":{"@id":"https:\/\/www.thereveriesaigon.com\/#organization"},"potentialAction":[{"@type":"SearchAction","target":{"@type":"EntryPoint","urlTemplate":"https:\/\/www.thereveriesaigon.com\/?s={search_term_string}"},"query-input":{"@type":"PropertyValueSpecification","valueRequired":true,"valueName":"search_term_string"}}],"inLanguage":"vi-VN"},{"@type":"Organization","@id":"https:\/\/www.thereveriesaigon.com\/#organization","name":"The Reverie Saigon","url":"https:\/\/www.thereveriesaigon.com\/","logo":{"@type":"ImageObject","inLanguage":"vi-VN","@id":"https:\/\/www.thereveriesaigon.com\/#\/schema\/logo\/image\/","url":"https:\/\/www.thereveriesaigon.com\/wp-content\/uploads\/2021\/11\/TRS-Master-Wine-List-5.pdf2021\/11\/TRS-Master-Wine-List-4.pdf2021\/11\/TRS-Master-Wine-List-5.pdf2021\/11\/Thousands-of-Shining-Star-3.pdf2021\/11\/Thousands-of-Shining-Star-4.pdf2021\/11\/Thousands-of-Shining-Star.pdf2021\/11\/Chef-Wong-s-Recommendation-August.pdf2022\/11\/Truffle-menu---Caf-Cardinal.pdf2022\/11\/Truffle-menu---Da-Vittorio-Saigon.pdf2021\/10\/The-Reverie-Logo.jpg","contentUrl":"https:\/\/www.thereveriesaigon.com\/wp-content\/uploads\/2021\/11\/TRS-Master-Wine-List-5.pdf2021\/11\/TRS-Master-Wine-List-4.pdf2021\/11\/TRS-Master-Wine-List-5.pdf2021\/11\/Thousands-of-Shining-Star-3.pdf2021\/11\/Thousands-of-Shining-Star-4.pdf2021\/11\/Thousands-of-Shining-Star.pdf2021\/11\/Chef-Wong-s-Recommendation-August.pdf2022\/11\/Truffle-menu---Caf-Cardinal.pdf2022\/11\/Truffle-menu---Da-Vittorio-Saigon.pdf2021\/10\/The-Reverie-Logo.jpg","width":2000,"height":1597,"caption":"The Reverie Saigon"},"image":{"@id":"https:\/\/www.thereveriesaigon.com\/#\/schema\/logo\/image\/"}}]}},"_links":{"self":[{"href":"https:\/\/www.thereveriesaigon.com\/vi\/wp-json\/wp\/v2\/pages\/11380","targetHints":{"allow":["GET"]}}],"collection":[{"href":"https:\/\/www.thereveriesaigon.com\/vi\/wp-json\/wp\/v2\/pages"}],"about":[{"href":"https:\/\/www.thereveriesaigon.com\/vi\/wp-json\/wp\/v2\/types\/page"}],"author":[{"embeddable":true,"href":"https:\/\/www.thereveriesaigon.com\/vi\/wp-json\/wp\/v2\/users\/9"}],"replies":[{"embeddable":true,"href":"https:\/\/www.thereveriesaigon.com\/vi\/wp-json\/wp\/v2\/comments?post=11380"}],"version-history":[{"count":4,"href":"https:\/\/www.thereveriesaigon.com\/vi\/wp-json\/wp\/v2\/pages\/11380\/revisions"}],"predecessor-version":[{"id":42064,"href":"https:\/\/www.thereveriesaigon.com\/vi\/wp-json\/wp\/v2\/pages\/11380\/revisions\/42064"}],"wp:attachment":[{"href":"https:\/\/www.thereveriesaigon.com\/vi\/wp-json\/wp\/v2\/media?parent=11380"}],"curies":[{"name":"wp","href":"https:\/\/api.w.org\/{rel}","templated":true}]}}