{"id":11490,"date":"2021-11-01T08:01:20","date_gmt":"2021-11-01T08:01:20","guid":{"rendered":"https:\/\/www.thereveriesaigon.com\/hop-mat-hoi-nghi\/"},"modified":"2025-10-30T08:22:24","modified_gmt":"2025-10-30T08:22:24","slug":"hop-mat-hoi-nghi","status":"publish","type":"page","link":"https:\/\/www.thereveriesaigon.com\/vi\/hoi-hop-su-kien\/hop-mat-hoi-nghi\/","title":{"rendered":"H\u1ecdp &#038; H\u1ed9i ngh\u1ecb"},"content":{"rendered":"<div data-type=\"organism\" data-temp=\"header-image-block.twig\" class=\"header-image-block \">\n    <div class=\"bg-secondary relative\">\n        <div class=\"site-width flex justify-center flex-column vh-90 \">\n                        <h1 class=\"fs-120 ff-2 t-shadow c-white relative z-20\">\n               <i class=\"fs-110\">\u0110\u1eb3ng C\u1ea5p Th\u1ebf Gi\u1edbi<\/i><br>\n               <span>H\u1ecdp M\u1eb7t &#038; H\u1ed9i Ngh\u1ecb<\/span>\n            <\/h1> \n                        \n        <\/div>\n\n        \n\t \n\t \n\t\t \n\t \n\n\n\n\n\n\n\n\t\t\t<picture>\n\t\t\t<source srcset=\"\n\t\t\t\thttps:\/\/www.thereveriesaigon.com\/wp-content\/uploads\/2021\/10\/la-scala-ballroom-meeting-conference-f-the-reverie-saigon-300x169.jpg 379w, \n\t\t\t\thttps:\/\/www.thereveriesaigon.com\/wp-content\/uploads\/2021\/10\/la-scala-ballroom-meeting-conference-f-the-reverie-saigon-300x169.jpg 420w, \n\t\t\t\thttps:\/\/www.thereveriesaigon.com\/wp-content\/uploads\/2021\/10\/la-scala-ballroom-meeting-conference-f-the-reverie-saigon-1024x576.jpg 768w, \n\t\t\t\thttps:\/\/www.thereveriesaigon.com\/wp-content\/uploads\/2021\/10\/la-scala-ballroom-meeting-conference-f-the-reverie-saigon-1200x675.jpg 1020w, \n\t\t\t\thttps:\/\/www.thereveriesaigon.com\/wp-content\/uploads\/2021\/10\/la-scala-ballroom-meeting-conference-f-the-reverie-saigon.jpg 1600w, \n\t\t\t\thttps:\/\/www.thereveriesaigon.com\/wp-content\/uploads\/2021\/10\/la-scala-ballroom-meeting-conference-f-the-reverie-saigon.jpg 1900w,\"\n\t\t\t\tsizes=\"100vw\" alt=\"la-scala-ballroom-meeting-conference-f-the-reverie-saigon | Saigon Accommodation | The Reverie Saigon\" type=\"image\/webp\">\n\t\t\t\t\t\t<img decoding=\"async\" src=\"https:\/\/www.thereveriesaigon.com\/wp-content\/uploads\/2021\/10\/la-scala-ballroom-meeting-conference-f-the-reverie-saigon.jpg\" alt=\"la-scala-ballroom-meeting-conference-f-the-reverie-saigon | Saigon Accommodation | The Reverie Saigon\" class=\"div-fill absolute z-10\"  loading=\"lazy\">\n\t\t<\/picture>\n\t    <\/div>\n<\/div><div class=\"introduction site-width flex justify-between gap-135 m-flex-wrap m-gap-0 flex-row-reverse m-flex-column-reverse mv-140 align-items-center\" data-type=\"organism\" data-temp=\"introduction-and-award-block.twig\">\n\t<div class=\"m-w-100 col-510 align-self-stretch flex justify-end\">\n\t\t\n\t<\/div>\n\t<div class=\"col col-865\">\n\t\t<!-- Retrieve Text -->\n\t\t<span data-type=\"molecule\" data-temp=\"text.twig\" class=\"molecule-text\">\n<!-- Add Standard Text -->\n<p class=\"fs-40 ff-2 i-gold\">T\u00f2a nh\u00e0 <em>Times Square<\/em> v\u00e0 Kh\u00e1ch s\u1ea1n <em>The Reverie Saigon<\/em> c\u00f3 15 ph\u00f2ng h\u1ecdp v\u00e0 h\u1ed9i ngh\u1ecb \u0111a ch\u1ee9c n\u0103ng, v\u1edbi m\u1ed7i ph\u00f2ng \u0111\u01b0\u1ee3c trang b\u1ecb \u0111\u1ea7y \u0111\u1ee7 trang thi\u1ebft b\u1ecb cao c\u1ea5p, \u0111\u00e1p \u1ee9ng m\u1ecdi y\u00eau c\u1ea7u s\u1eed d\u1ee5ng \u0111a d\u1ea1ng c\u1ee7a kh\u00e1ch h\u00e0ng.<\/p>\n<p class=\"fs-18\">S\u1ea3nh ti\u1ec7c kh\u00f4ng-c\u1ed9t La Scala t\u1ea1i t\u1ea7ng n\u0103m ch\u00ednh l\u00e0 s\u1ea3nh ti\u1ec7c sang tr\u1ecdng v\u00e0 l\u1edbn nh\u1ea5t Vi\u1ec7t Nam.<\/p>\n<p class=\"fs-18\">T\u1ea7ng b\u00ean d\u01b0\u1edbi La Scala g\u1ed3m c\u00e1c ph\u00f2ng Jade and Amber c\u00f3 kh\u00f4ng gian nh\u1ecf v\u00e0 th\u00e2n m\u1eadt h\u01a1n, \u0111\u01b0\u1ee3c thi\u1ebft k\u1ebf sang tr\u1ecdng, r\u1ef1c r\u1ee1 v\u00e0 \u1ea5n t\u01b0\u1ee3ng.<\/p>\n<p class=\"fs-18\">T\u1ea1i t\u1ea7ng t\u00e1m, ch\u00fang t\u00f4i c\u0169ng c\u00f3 n\u0103m ph\u00f2ng kh\u00e1c d\u00e0nh cho h\u1ed9i h\u1ecdp v\u00e0 s\u1ef1 ki\u1ec7n, th\u00edch h\u1ee3p cho nh\u1eefng cu\u1ed9c h\u1ed9i h\u1ecdp nh\u1ecf c\u1ee7a ban gi\u00e1m \u0111\u1ed1c, h\u1ed9i th\u1ea3o nhi\u1ec1u ng\u00e0y, ho\u1eb7c b\u1eefa tr\u01b0a ri\u00eang t\u01b0.<\/p>\n\n\n<!-- Handle Download, External and Internal Links -->\n<div class=\"flex flex-wrap gap-36 m-inherit btn-parent\">\n\t\t\t<a class=\"btn \" \n\t\t\thref=\"\t\t\t\t\t\t\t\t\thttps:\/\/www.thereveriesaigon.com\/wp-content\/uploads\/2021\/12\/The-Reverie-Saigon-Meeting-Capacity.pdf\n\t\t\t\t\t\t\t\t\" \n\t\t\t\t\n\t\t\t\t\n\t\t\t\t\t\t\t\t\ttarget=\"_blank\"\n\t\t\t\t\t\t\t\t>\n\t\t\tXem S\u1ee9c Ch\u1ee9a C\u00e1c Ph\u00f2ng H\u1ecdp\n\t\t<\/a>\n\t\t\t<a class=\"btn \" \n\t\t\thref=\"\t\t\t\t\thttps:\/\/www.thereveriesaigon.com\/vi\/hoi-hop-su-kien\/goi-khuyen-mai\/\n\t\t\t\t\t\t\t\t\t\t\t\t\" \n\t\t\t\t\n\t\t\t\t\n\t\t\t\t\t\t\t\t>\n\t\t\t\u01afu \u0111\u00e3i \u0110\u1eb7c bi\u1ec7t\n\t\t<\/a>\n\t\t\t<a class=\"btn fill\" \n\t\t\thref=\"\t\t\t\t\thttps:\/\/www.thereveriesaigon.com\/vi\/hoi-hop-su-kien\/\n\t\t\t\t\t\t\t\t\t\t\t\t\" \n\t\t\t\t\n\t\t\t\t\n\t\t\t\t\t\t\t\t>\n\t\t\tTr\u1edd v\u1ec1 trang S\u1ef1 ki\u1ec7n &#038; H\u1ed9i ngh\u1ecb\n\t\t<\/a>\n\t<\/div><\/span>\t<\/div>\n<\/div><div class=\"separator-block site-width\" data-type=\"organism\" data-temp=\"introduction-and-award-block.twig\">\n    <div class=\"inner relative w-100\">\n        <div class=\"seperator-badge absolute\">\n          \n        <\/div>\n    <\/div>\n<\/div>\n\n<div id=\"filter-and-comparison-block\" class=\"filter-and-comparison-block mt-150 mb-160\" data-type=\"organism\" data-temp=\"filter-and-comparison-block.twig\">\n\t<div class=\"site-width is_top\">\n\t\t<!-- Bar -->\n\t\t<div class=\"filter-and-comparison-bar flex m-flex-wrap\">\n\t\t\t<!-- Filter -->\n\t\t\t\n\t\t\t<div class=\"w-50 m-w-100  m-mt-10\">\n\n\t\t\t\t\n\t\t\t<\/div>\n\t\t\n\t\t\t<div id=\"additional-filter-options\">\n\t\t\t\t\t\t\t\t\t<div data-attr=\"disable_filter\"><\/div>\n\t\t\t\t\t\t\t\t\t<div data-attr=\"show-all-on-load\"><\/div>\n\t\t\t\t\t\t\t<\/div>\n\t\t\t\n\t\t\t<!-- Comparison -->\n\t\t\t<div id=\"compare-section\" class=\"w-50 m-w-100  m-mt-10\">\n\t\t\t\t\t\t\t\t<div class=\"flex justify-end\">\n\t\t\t\t\t<ol id=\"compare-list\">\n\t\t\t\t\t\t<li class=\"ml-20 fs-40 ff-2 active-slot\" data-compare=\"01\">\n\t\t\t\t\t\t\t<span class=\"label\">01<\/span>\n\t\t\t\t\t\t\t<span class=\"clear\"><\/span>\n\t\t\t\t\t\t<\/li>\n\t\t\t\t\t\t<li class=\"ml-20 fs-40 ff-2\" data-compare=\"02\">\n\t\t\t\t\t\t\t<span class=\"label\">02<\/span>\n\t\t\t\t\t\t\t<span class=\"clear\"><\/span>\n\t\t\t\t\t\t<\/li>\n\t\t\t\t\t\t<li class=\"ml-20 fs-40 ff-2\" data-compare=\"03\">\n\t\t\t\t\t\t\t<span class=\"label\">03<\/span>\n\t\t\t\t\t\t\t<span class=\"clear\"><\/span>\n\t\t\t\t\t\t<\/li>\n\t\t\t\t\t<\/ol>\n\t\t\t\t\t<a id=\"compare-button\" class=\"ml-20\" href=\"#compare\">Go<\/a>\n\t\t\t\t<\/div>\n\t\t\t\t<div class=\"flex justify-end compare-checkbox-container compare-checkbox-container-example\">\n\t\t\t\t\tCompare accommodation using checkboxes\n\t\t\t\t\t<div class=\"compare-checkbox ml-20\"><span class=\"add-to-slot\"><\/span><\/div>\n\t\t\t\t<\/div>\n\t\t\t\t\t\t\t<\/div>\n\n\t\t<\/div>\n\n\t<\/div>\n\n\t<div id=\"filter-results\" class=\"filter-and-comparison-results\" data-filter-default=\"meetings\">\n\t<\/div>\n\n\t\n\n\t<div id=\"comparison-window\" class=\"pt-160 side-scrolling\">\n\t\t<div class=\"flex m-flex-column site-width justify-start pt-80 m-pt-80\">\n\t\t\t\n\t\t<\/div>\n\t\t<div class=\"close-comparison-window\"><\/div>\n\t\t<div class=\"temp-data\">\n\t\t\t<div data-comparison=\"1\" class=\"comparison\">\n\t\t\t\t\n\t\t\t<\/div>\n\t\t\t<div data-comparison=\"2\" class=\"comparison\">\n\t\t\t\t\n\t\t\t<\/div>\n\t\t\t<div data-comparison=\"3\" class=\"comparison\">\n\t\t\t\t\n\t\t\t<\/div>\n\t\t<\/div>\n\t<\/div>\n<\/div>","protected":false},"excerpt":{"rendered":"","protected":false},"author":9,"featured_media":3214,"parent":11722,"menu_order":74,"comment_status":"closed","ping_status":"closed","template":"","meta":{"_acf_changed":false,"inline_featured_image":false,"footnotes":""},"class_list":["post-11490","page","type-page","status-publish","has-post-thumbnail","hentry"],"acf":{"default":"is_default_theme","theme_type":"is_default_theme"},"yoast_head":"<!-- This site is optimized with the Yoast SEO plugin v27.0 - https:\/\/yoast.com\/product\/yoast-seo-wordpress\/ -->\n<title>The Reverie Saigon | H\u1ecdp &amp; H\u1ed9i ngh\u1ecb | Kh\u00e1ch s\u1ea1n doanh nh\u00e2n t\u1ea1i H\u1ed3 Ch\u00ed Minh<\/title>\n<meta name=\"description\" content=\"T\u00f2a nh\u00e0 Times Square v\u00e0 Kh\u00e1ch s\u1ea1n The Reverie Saigon c\u00f3 15 ph\u00f2ng h\u1ecdp v\u00e0 h\u1ed9i ngh\u1ecb \u0111a ch\u1ee9c n\u0103ng, v\u1edbi m\u1ed7i ph\u00f2ng \u0111\u01b0\u1ee3c trang b\u1ecb \u0111\u1ea7y \u0111\u1ee7 trang thi\u1ebft b\u1ecb cao c\u1ea5p, \u0111\u00e1p \u1ee9ng m\u1ecdi y\u00eau c\u1ea7u s\u1eed d\u1ee5ng \u0111a d\u1ea1ng c\u1ee7a kh\u00e1ch h\u00e0ng.\" \/>\n<meta name=\"robots\" content=\"index, follow, max-snippet:-1, max-image-preview:large, max-video-preview:-1\" \/>\n<link rel=\"canonical\" href=\"https:\/\/www.thereveriesaigon.com\/vi\/hoi-hop-su-kien\/hop-mat-hoi-nghi\/\" \/>\n<meta property=\"og:locale\" content=\"vi_VN\" \/>\n<meta property=\"og:type\" content=\"article\" \/>\n<meta property=\"og:title\" content=\"The Reverie Saigon | H\u1ecdp &amp; H\u1ed9i ngh\u1ecb | Kh\u00e1ch s\u1ea1n doanh nh\u00e2n t\u1ea1i H\u1ed3 Ch\u00ed Minh\" \/>\n<meta property=\"og:description\" content=\"T\u00f2a nh\u00e0 Times Square v\u00e0 Kh\u00e1ch s\u1ea1n The Reverie Saigon c\u00f3 15 ph\u00f2ng h\u1ecdp v\u00e0 h\u1ed9i ngh\u1ecb \u0111a ch\u1ee9c n\u0103ng, v\u1edbi m\u1ed7i ph\u00f2ng \u0111\u01b0\u1ee3c trang b\u1ecb \u0111\u1ea7y \u0111\u1ee7 trang thi\u1ebft b\u1ecb cao c\u1ea5p, \u0111\u00e1p \u1ee9ng m\u1ecdi y\u00eau c\u1ea7u s\u1eed d\u1ee5ng \u0111a d\u1ea1ng c\u1ee7a kh\u00e1ch h\u00e0ng.\" \/>\n<meta property=\"og:url\" content=\"https:\/\/www.thereveriesaigon.com\/vi\/hoi-hop-su-kien\/hop-mat-hoi-nghi\/\" \/>\n<meta property=\"og:site_name\" content=\"The Reverie Saigon\" \/>\n<meta property=\"article:modified_time\" content=\"2025-10-30T08:22:24+00:00\" \/>\n<meta property=\"og:image\" content=\"https:\/\/www.thereveriesaigon.com\/wp-content\/uploads\/2021\/10\/la-scala-ballroom-meeting-conference-f-the-reverie-saigon.jpg\" \/>\n\t<meta property=\"og:image:width\" content=\"1920\" \/>\n\t<meta property=\"og:image:height\" content=\"1080\" \/>\n\t<meta property=\"og:image:type\" content=\"image\/jpeg\" \/>\n<meta name=\"twitter:card\" content=\"summary_large_image\" \/>\n<script type=\"application\/ld+json\" class=\"yoast-schema-graph\">{\"@context\":\"https:\/\/schema.org\",\"@graph\":[{\"@type\":\"WebPage\",\"@id\":\"https:\/\/www.thereveriesaigon.com\/vi\/hoi-hop-su-kien\/hop-mat-hoi-nghi\/\",\"url\":\"https:\/\/www.thereveriesaigon.com\/vi\/hoi-hop-su-kien\/hop-mat-hoi-nghi\/\",\"name\":\"The Reverie Saigon | H\u1ecdp & H\u1ed9i ngh\u1ecb | Kh\u00e1ch s\u1ea1n doanh nh\u00e2n t\u1ea1i H\u1ed3 Ch\u00ed Minh\",\"isPartOf\":{\"@id\":\"https:\/\/www.thereveriesaigon.com\/#website\"},\"primaryImageOfPage\":{\"@id\":\"https:\/\/www.thereveriesaigon.com\/vi\/hoi-hop-su-kien\/hop-mat-hoi-nghi\/#primaryimage\"},\"image\":{\"@id\":\"https:\/\/www.thereveriesaigon.com\/vi\/hoi-hop-su-kien\/hop-mat-hoi-nghi\/#primaryimage\"},\"thumbnailUrl\":\"https:\/\/www.thereveriesaigon.com\/wp-content\/uploads\/2021\/10\/la-scala-ballroom-meeting-conference-f-the-reverie-saigon.jpg\",\"datePublished\":\"2021-11-01T08:01:20+00:00\",\"dateModified\":\"2025-10-30T08:22:24+00:00\",\"description\":\"T\u00f2a nh\u00e0 Times Square v\u00e0 Kh\u00e1ch s\u1ea1n The Reverie Saigon c\u00f3 15 ph\u00f2ng h\u1ecdp v\u00e0 h\u1ed9i ngh\u1ecb \u0111a ch\u1ee9c n\u0103ng, v\u1edbi m\u1ed7i ph\u00f2ng \u0111\u01b0\u1ee3c trang b\u1ecb \u0111\u1ea7y \u0111\u1ee7 trang thi\u1ebft b\u1ecb cao c\u1ea5p, \u0111\u00e1p \u1ee9ng m\u1ecdi y\u00eau c\u1ea7u s\u1eed d\u1ee5ng \u0111a d\u1ea1ng c\u1ee7a kh\u00e1ch h\u00e0ng.\",\"breadcrumb\":{\"@id\":\"https:\/\/www.thereveriesaigon.com\/vi\/hoi-hop-su-kien\/hop-mat-hoi-nghi\/#breadcrumb\"},\"inLanguage\":\"vi-VN\",\"potentialAction\":[{\"@type\":\"ReadAction\",\"target\":[\"https:\/\/www.thereveriesaigon.com\/vi\/hoi-hop-su-kien\/hop-mat-hoi-nghi\/\"]}]},{\"@type\":\"ImageObject\",\"inLanguage\":\"vi-VN\",\"@id\":\"https:\/\/www.thereveriesaigon.com\/vi\/hoi-hop-su-kien\/hop-mat-hoi-nghi\/#primaryimage\",\"url\":\"https:\/\/www.thereveriesaigon.com\/wp-content\/uploads\/2021\/10\/la-scala-ballroom-meeting-conference-f-the-reverie-saigon.jpg\",\"contentUrl\":\"https:\/\/www.thereveriesaigon.com\/wp-content\/uploads\/2021\/10\/la-scala-ballroom-meeting-conference-f-the-reverie-saigon.jpg\",\"width\":1920,\"height\":1080,\"caption\":\"la-scala-ballroom-meeting-conference-f-the-reverie-saigon | Saigon Accommodation | The Reverie Saigon\"},{\"@type\":\"BreadcrumbList\",\"@id\":\"https:\/\/www.thereveriesaigon.com\/vi\/hoi-hop-su-kien\/hop-mat-hoi-nghi\/#breadcrumb\",\"itemListElement\":[{\"@type\":\"ListItem\",\"position\":1,\"name\":\"H\u1ed9i H\u1ecdp &#038; S\u1ef1 Ki\u1ec7n\",\"item\":\"https:\/\/www.thereveriesaigon.com\/vi\/hoi-hop-su-kien\/\"},{\"@type\":\"ListItem\",\"position\":2,\"name\":\"H\u1ecdp &#038; H\u1ed9i ngh\u1ecb\"}]},{\"@type\":\"WebSite\",\"@id\":\"https:\/\/www.thereveriesaigon.com\/#website\",\"url\":\"https:\/\/www.thereveriesaigon.com\/\",\"name\":\"The Reverie Saigon\",\"description\":\"\",\"publisher\":{\"@id\":\"https:\/\/www.thereveriesaigon.com\/#organization\"},\"potentialAction\":[{\"@type\":\"SearchAction\",\"target\":{\"@type\":\"EntryPoint\",\"urlTemplate\":\"https:\/\/www.thereveriesaigon.com\/?s={search_term_string}\"},\"query-input\":{\"@type\":\"PropertyValueSpecification\",\"valueRequired\":true,\"valueName\":\"search_term_string\"}}],\"inLanguage\":\"vi-VN\"},{\"@type\":\"Organization\",\"@id\":\"https:\/\/www.thereveriesaigon.com\/#organization\",\"name\":\"The Reverie Saigon\",\"url\":\"https:\/\/www.thereveriesaigon.com\/\",\"logo\":{\"@type\":\"ImageObject\",\"inLanguage\":\"vi-VN\",\"@id\":\"https:\/\/www.thereveriesaigon.com\/#\/schema\/logo\/image\/\",\"url\":\"https:\/\/www.thereveriesaigon.com\/wp-content\/uploads\/2021\/11\/TRS-Master-Wine-List-5.pdf2021\/11\/TRS-Master-Wine-List-4.pdf2021\/11\/TRS-Master-Wine-List-5.pdf2021\/11\/Thousands-of-Shining-Star-3.pdf2021\/11\/Thousands-of-Shining-Star-4.pdf2021\/11\/Thousands-of-Shining-Star.pdf2021\/11\/Chef-Wong-s-Recommendation-August.pdf2022\/11\/Truffle-menu---Caf-Cardinal.pdf2022\/11\/Truffle-menu---Da-Vittorio-Saigon.pdf2021\/10\/The-Reverie-Logo.jpg\",\"contentUrl\":\"https:\/\/www.thereveriesaigon.com\/wp-content\/uploads\/2021\/11\/TRS-Master-Wine-List-5.pdf2021\/11\/TRS-Master-Wine-List-4.pdf2021\/11\/TRS-Master-Wine-List-5.pdf2021\/11\/Thousands-of-Shining-Star-3.pdf2021\/11\/Thousands-of-Shining-Star-4.pdf2021\/11\/Thousands-of-Shining-Star.pdf2021\/11\/Chef-Wong-s-Recommendation-August.pdf2022\/11\/Truffle-menu---Caf-Cardinal.pdf2022\/11\/Truffle-menu---Da-Vittorio-Saigon.pdf2021\/10\/The-Reverie-Logo.jpg\",\"width\":2000,\"height\":1597,\"caption\":\"The Reverie Saigon\"},\"image\":{\"@id\":\"https:\/\/www.thereveriesaigon.com\/#\/schema\/logo\/image\/\"}}]}<\/script>\n<!-- \/ Yoast SEO plugin. -->","yoast_head_json":{"title":"The Reverie Saigon | H\u1ecdp & H\u1ed9i ngh\u1ecb | Kh\u00e1ch s\u1ea1n doanh nh\u00e2n t\u1ea1i H\u1ed3 Ch\u00ed Minh","description":"T\u00f2a nh\u00e0 Times Square v\u00e0 Kh\u00e1ch s\u1ea1n The Reverie Saigon c\u00f3 15 ph\u00f2ng h\u1ecdp v\u00e0 h\u1ed9i ngh\u1ecb \u0111a ch\u1ee9c n\u0103ng, v\u1edbi m\u1ed7i ph\u00f2ng \u0111\u01b0\u1ee3c trang b\u1ecb \u0111\u1ea7y \u0111\u1ee7 trang thi\u1ebft b\u1ecb cao c\u1ea5p, \u0111\u00e1p \u1ee9ng m\u1ecdi y\u00eau c\u1ea7u s\u1eed d\u1ee5ng \u0111a d\u1ea1ng c\u1ee7a kh\u00e1ch h\u00e0ng.","robots":{"index":"index","follow":"follow","max-snippet":"max-snippet:-1","max-image-preview":"max-image-preview:large","max-video-preview":"max-video-preview:-1"},"canonical":"https:\/\/www.thereveriesaigon.com\/vi\/hoi-hop-su-kien\/hop-mat-hoi-nghi\/","og_locale":"vi_VN","og_type":"article","og_title":"The Reverie Saigon | H\u1ecdp & H\u1ed9i ngh\u1ecb | Kh\u00e1ch s\u1ea1n doanh nh\u00e2n t\u1ea1i H\u1ed3 Ch\u00ed Minh","og_description":"T\u00f2a nh\u00e0 Times Square v\u00e0 Kh\u00e1ch s\u1ea1n The Reverie Saigon c\u00f3 15 ph\u00f2ng h\u1ecdp v\u00e0 h\u1ed9i ngh\u1ecb \u0111a ch\u1ee9c n\u0103ng, v\u1edbi m\u1ed7i ph\u00f2ng \u0111\u01b0\u1ee3c trang b\u1ecb \u0111\u1ea7y \u0111\u1ee7 trang thi\u1ebft b\u1ecb cao c\u1ea5p, \u0111\u00e1p \u1ee9ng m\u1ecdi y\u00eau c\u1ea7u s\u1eed d\u1ee5ng \u0111a d\u1ea1ng c\u1ee7a kh\u00e1ch h\u00e0ng.","og_url":"https:\/\/www.thereveriesaigon.com\/vi\/hoi-hop-su-kien\/hop-mat-hoi-nghi\/","og_site_name":"The Reverie Saigon","article_modified_time":"2025-10-30T08:22:24+00:00","og_image":[{"width":1920,"height":1080,"url":"https:\/\/www.thereveriesaigon.com\/wp-content\/uploads\/2021\/10\/la-scala-ballroom-meeting-conference-f-the-reverie-saigon.jpg","type":"image\/jpeg"}],"twitter_card":"summary_large_image","schema":{"@context":"https:\/\/schema.org","@graph":[{"@type":"WebPage","@id":"https:\/\/www.thereveriesaigon.com\/vi\/hoi-hop-su-kien\/hop-mat-hoi-nghi\/","url":"https:\/\/www.thereveriesaigon.com\/vi\/hoi-hop-su-kien\/hop-mat-hoi-nghi\/","name":"The Reverie Saigon | H\u1ecdp & H\u1ed9i ngh\u1ecb | Kh\u00e1ch s\u1ea1n doanh nh\u00e2n t\u1ea1i H\u1ed3 Ch\u00ed Minh","isPartOf":{"@id":"https:\/\/www.thereveriesaigon.com\/#website"},"primaryImageOfPage":{"@id":"https:\/\/www.thereveriesaigon.com\/vi\/hoi-hop-su-kien\/hop-mat-hoi-nghi\/#primaryimage"},"image":{"@id":"https:\/\/www.thereveriesaigon.com\/vi\/hoi-hop-su-kien\/hop-mat-hoi-nghi\/#primaryimage"},"thumbnailUrl":"https:\/\/www.thereveriesaigon.com\/wp-content\/uploads\/2021\/10\/la-scala-ballroom-meeting-conference-f-the-reverie-saigon.jpg","datePublished":"2021-11-01T08:01:20+00:00","dateModified":"2025-10-30T08:22:24+00:00","description":"T\u00f2a nh\u00e0 Times Square v\u00e0 Kh\u00e1ch s\u1ea1n The Reverie Saigon c\u00f3 15 ph\u00f2ng h\u1ecdp v\u00e0 h\u1ed9i ngh\u1ecb \u0111a ch\u1ee9c n\u0103ng, v\u1edbi m\u1ed7i ph\u00f2ng \u0111\u01b0\u1ee3c trang b\u1ecb \u0111\u1ea7y \u0111\u1ee7 trang thi\u1ebft b\u1ecb cao c\u1ea5p, \u0111\u00e1p \u1ee9ng m\u1ecdi y\u00eau c\u1ea7u s\u1eed d\u1ee5ng \u0111a d\u1ea1ng c\u1ee7a kh\u00e1ch h\u00e0ng.","breadcrumb":{"@id":"https:\/\/www.thereveriesaigon.com\/vi\/hoi-hop-su-kien\/hop-mat-hoi-nghi\/#breadcrumb"},"inLanguage":"vi-VN","potentialAction":[{"@type":"ReadAction","target":["https:\/\/www.thereveriesaigon.com\/vi\/hoi-hop-su-kien\/hop-mat-hoi-nghi\/"]}]},{"@type":"ImageObject","inLanguage":"vi-VN","@id":"https:\/\/www.thereveriesaigon.com\/vi\/hoi-hop-su-kien\/hop-mat-hoi-nghi\/#primaryimage","url":"https:\/\/www.thereveriesaigon.com\/wp-content\/uploads\/2021\/10\/la-scala-ballroom-meeting-conference-f-the-reverie-saigon.jpg","contentUrl":"https:\/\/www.thereveriesaigon.com\/wp-content\/uploads\/2021\/10\/la-scala-ballroom-meeting-conference-f-the-reverie-saigon.jpg","width":1920,"height":1080,"caption":"la-scala-ballroom-meeting-conference-f-the-reverie-saigon | Saigon Accommodation | The Reverie Saigon"},{"@type":"BreadcrumbList","@id":"https:\/\/www.thereveriesaigon.com\/vi\/hoi-hop-su-kien\/hop-mat-hoi-nghi\/#breadcrumb","itemListElement":[{"@type":"ListItem","position":1,"name":"H\u1ed9i H\u1ecdp &#038; S\u1ef1 Ki\u1ec7n","item":"https:\/\/www.thereveriesaigon.com\/vi\/hoi-hop-su-kien\/"},{"@type":"ListItem","position":2,"name":"H\u1ecdp &#038; H\u1ed9i ngh\u1ecb"}]},{"@type":"WebSite","@id":"https:\/\/www.thereveriesaigon.com\/#website","url":"https:\/\/www.thereveriesaigon.com\/","name":"The Reverie Saigon","description":"","publisher":{"@id":"https:\/\/www.thereveriesaigon.com\/#organization"},"potentialAction":[{"@type":"SearchAction","target":{"@type":"EntryPoint","urlTemplate":"https:\/\/www.thereveriesaigon.com\/?s={search_term_string}"},"query-input":{"@type":"PropertyValueSpecification","valueRequired":true,"valueName":"search_term_string"}}],"inLanguage":"vi-VN"},{"@type":"Organization","@id":"https:\/\/www.thereveriesaigon.com\/#organization","name":"The Reverie Saigon","url":"https:\/\/www.thereveriesaigon.com\/","logo":{"@type":"ImageObject","inLanguage":"vi-VN","@id":"https:\/\/www.thereveriesaigon.com\/#\/schema\/logo\/image\/","url":"https:\/\/www.thereveriesaigon.com\/wp-content\/uploads\/2021\/11\/TRS-Master-Wine-List-5.pdf2021\/11\/TRS-Master-Wine-List-4.pdf2021\/11\/TRS-Master-Wine-List-5.pdf2021\/11\/Thousands-of-Shining-Star-3.pdf2021\/11\/Thousands-of-Shining-Star-4.pdf2021\/11\/Thousands-of-Shining-Star.pdf2021\/11\/Chef-Wong-s-Recommendation-August.pdf2022\/11\/Truffle-menu---Caf-Cardinal.pdf2022\/11\/Truffle-menu---Da-Vittorio-Saigon.pdf2021\/10\/The-Reverie-Logo.jpg","contentUrl":"https:\/\/www.thereveriesaigon.com\/wp-content\/uploads\/2021\/11\/TRS-Master-Wine-List-5.pdf2021\/11\/TRS-Master-Wine-List-4.pdf2021\/11\/TRS-Master-Wine-List-5.pdf2021\/11\/Thousands-of-Shining-Star-3.pdf2021\/11\/Thousands-of-Shining-Star-4.pdf2021\/11\/Thousands-of-Shining-Star.pdf2021\/11\/Chef-Wong-s-Recommendation-August.pdf2022\/11\/Truffle-menu---Caf-Cardinal.pdf2022\/11\/Truffle-menu---Da-Vittorio-Saigon.pdf2021\/10\/The-Reverie-Logo.jpg","width":2000,"height":1597,"caption":"The Reverie Saigon"},"image":{"@id":"https:\/\/www.thereveriesaigon.com\/#\/schema\/logo\/image\/"}}]}},"_links":{"self":[{"href":"https:\/\/www.thereveriesaigon.com\/vi\/wp-json\/wp\/v2\/pages\/11490","targetHints":{"allow":["GET"]}}],"collection":[{"href":"https:\/\/www.thereveriesaigon.com\/vi\/wp-json\/wp\/v2\/pages"}],"about":[{"href":"https:\/\/www.thereveriesaigon.com\/vi\/wp-json\/wp\/v2\/types\/page"}],"author":[{"embeddable":true,"href":"https:\/\/www.thereveriesaigon.com\/vi\/wp-json\/wp\/v2\/users\/9"}],"replies":[{"embeddable":true,"href":"https:\/\/www.thereveriesaigon.com\/vi\/wp-json\/wp\/v2\/comments?post=11490"}],"version-history":[{"count":4,"href":"https:\/\/www.thereveriesaigon.com\/vi\/wp-json\/wp\/v2\/pages\/11490\/revisions"}],"predecessor-version":[{"id":42107,"href":"https:\/\/www.thereveriesaigon.com\/vi\/wp-json\/wp\/v2\/pages\/11490\/revisions\/42107"}],"up":[{"embeddable":true,"href":"https:\/\/www.thereveriesaigon.com\/vi\/wp-json\/wp\/v2\/pages\/11722"}],"wp:featuredmedia":[{"embeddable":true,"href":"https:\/\/www.thereveriesaigon.com\/vi\/wp-json\/wp\/v2\/media\/3214"}],"wp:attachment":[{"href":"https:\/\/www.thereveriesaigon.com\/vi\/wp-json\/wp\/v2\/media?parent=11490"}],"curies":[{"name":"wp","href":"https:\/\/api.w.org\/{rel}","templated":true}]}}