{"id":11503,"date":"2021-12-13T10:27:05","date_gmt":"2021-12-13T10:27:05","guid":{"rendered":"https:\/\/www.thereveriesaigon.com\/khach-san\/"},"modified":"2025-10-30T07:44:30","modified_gmt":"2025-10-30T07:44:30","slug":"khach-san","status":"publish","type":"page","link":"https:\/\/www.thereveriesaigon.com\/vi\/khach-san\/","title":{"rendered":"Kh\u00e1ch S\u1ea1n"},"content":{"rendered":"<div data-type=\"organism\" data-temp=\"header-image-block.twig\" class=\"header-image-block \">\n    <div class=\"bg-secondary relative\">\n        <div class=\"site-width flex justify-center flex-column vh-90 \">\n                        <h1 class=\"fs-120 ff-2 t-shadow c-white relative z-20\">\n               <i class=\"fs-110\">Ch\u00e0o M\u1eebng Qu\u00fd Kh\u00e1ch \u0110\u1ebfn N\u01a1i<\/i><br>\n               <span>Tuy\u1ec7t Di\u1ec7u<\/span>\n            <\/h1> \n                        \n        <\/div>\n\n        \n\t \n\t \n\t\t \n\t \n\n\n\n\n\n\n\n\t\t\t<picture>\n\t\t\t<source srcset=\"\n\t\t\t\thttps:\/\/www.thereveriesaigon.com\/wp-content\/uploads\/2021\/10\/river-night-f-the-reverie-saigon-300x169.jpg 379w, \n\t\t\t\thttps:\/\/www.thereveriesaigon.com\/wp-content\/uploads\/2021\/10\/river-night-f-the-reverie-saigon-300x169.jpg 420w, \n\t\t\t\thttps:\/\/www.thereveriesaigon.com\/wp-content\/uploads\/2021\/10\/river-night-f-the-reverie-saigon-1024x576.jpg 768w, \n\t\t\t\thttps:\/\/www.thereveriesaigon.com\/wp-content\/uploads\/2021\/10\/river-night-f-the-reverie-saigon-1200x675.jpg 1020w, \n\t\t\t\thttps:\/\/www.thereveriesaigon.com\/wp-content\/uploads\/2021\/10\/river-night-f-the-reverie-saigon.jpg 1600w, \n\t\t\t\thttps:\/\/www.thereveriesaigon.com\/wp-content\/uploads\/2021\/10\/river-night-f-the-reverie-saigon.jpg 1900w,\"\n\t\t\t\tsizes=\"100vw\" alt=\"The Reverie Saigon | Kh\u00e1ch s\u1ea1n sang tr\u1ecdng t\u1ea1i Vi\u1ec7t Nam\" type=\"image\/webp\">\n\t\t\t\t\t\t<img decoding=\"async\" src=\"https:\/\/www.thereveriesaigon.com\/wp-content\/uploads\/2021\/10\/river-night-f-the-reverie-saigon.jpg\" alt=\"The Reverie Saigon | Kh\u00e1ch s\u1ea1n sang tr\u1ecdng t\u1ea1i Vi\u1ec7t Nam\" class=\"div-fill absolute z-10\"  loading=\"lazy\">\n\t\t<\/picture>\n\t    <\/div>\n<\/div><div class=\"introduction site-width flex justify-between gap-135 m-flex-wrap m-gap-0 flex-row-reverse m-flex-column-reverse mv-140 align-items-center\" data-type=\"organism\" data-temp=\"introduction-and-award-block.twig\">\n\t<div class=\"m-w-100 col-510 align-self-stretch flex justify-end\">\n\t\t\n\t<\/div>\n\t<div class=\"col col-865\">\n\t\t<!-- Retrieve Text -->\n\t\t<span data-type=\"molecule\" data-temp=\"text.twig\" class=\"molecule-text\">\n<!-- Add Standard Text -->\n<p class=\"fs-40 ff-2 i-gold\">The Reverie Saigon ra m\u1eaft l\u1ea7n \u0111\u1ea7u ti\u00ean v\u00e0o ng\u00e0y M\u1ed9t th\u00e1ng Ch\u00edn n\u0103m 2015 sau b\u1ea3y n\u0103m x\u00e2y d\u1ef1ng. Kh\u00e1ch s\u1ea1n n\u1eb1m trong t\u00f2a nh\u00e0 Times Square hi\u1ec7n \u0111\u1ea1i t\u1ea1i trung t\u00e2m S\u00e0i G\u00f2n s\u1ea7m u\u1ea5t danh gi\u00e1.<\/p>\n<p>L\u1ea5y c\u1ea3m h\u1ee9ng t\u1eeb mong mu\u1ed1n l\u00e0m n\u1ed5i b\u1eadt v\u00e0 k\u00edch th\u00edch tr\u00ed t\u01b0\u1edfng t\u01b0\u1ee3ng c\u1ee7a du kh\u00e1ch v\u1edbi nh\u1eefng kh\u00f4ng gian ch\u01b0a bao gi\u1edd \u0111\u01b0\u1ee3c nh\u00ecn th\u1ea5y ho\u1eb7c tr\u1ea3i nghi\u1ec7m qua tr\u01b0\u1edbc \u0111\u00f3, \u00fd t\u01b0\u1edfng ch\u00ednh l\u00e0 thi\u1ebft k\u1ebf m\u1ed9t khu ngh\u1ec9 d\u01b0\u1ee1ng sang tr\u1ecdng tr\u00ean t\u1ea7ng cao, c\u00f3 th\u1ec3 v\u01b0\u1ee3t xa m\u1ecdi c\u00f4ng tr\u00ecnh kh\u00e1c &#8211; c\u1ea3 v\u1ec1 ch\u1ea5t l\u01b0\u1ee3ng v\u00e0 d\u1ecbch v\u1ee5 hi\u1ebfu kh\u00e1ch. The Reverie Saigon c\u0169ng l\u00e0 bi\u1ec3u t\u01b0\u1ee3ng cho s\u1ef1 ph\u00e1t tri\u1ec3n m\u1ea1nh m\u1ebd c\u1ee7a Vi\u1ec7t Nam, th\u1ec3 hi\u1ec7n v\u1ebb \u0111\u1eb9p hi\u1ec7n \u0111\u1ea1i v\u00e0 th\u1ecbnh v\u01b0\u1ee3ng c\u1ee7a m\u1ed9t th\u00e0nh ph\u1ed1 v\u1edbi nhi\u1ec1u ti\u1ec1m n\u0103ng m\u1edf ra trong t\u01b0\u01a1ng lai.<\/p>\n\n\n<!-- Handle Download, External and Internal Links -->\n<div class=\"flex flex-wrap gap-36 m-inherit btn-parent\">\n\t<\/div><\/span>\t<\/div>\n<\/div><div class=\"separator-block site-width\" data-type=\"organism\" data-temp=\"introduction-and-award-block.twig\">\n    <div class=\"inner relative w-100\">\n        <div class=\"seperator-badge absolute\">\n          \n        <\/div>\n    <\/div>\n<\/div>\n\n<div class=\"text-left-portait-image-right-block site-width flex justify-between gap-135 m-flex-wrap m-gap-0 flex-row-reverse m-flex-column-reverse mv-140 align-items-center\" data-type=\"organism\" data-temp=\"introduction-and-award-block.twig\">\n\t<div class=\"m-w-100 col-510 align-self-stretch flex justify-end\">\n\n\t\t<div class=\"mt-30\">\n\t\t\t<img decoding=\"async\" class=\"z-10\" src=\"https:\/\/www.thereveriesaigon.com\/wp-content\/uploads\/2023\/02\/The-Reverie-Saigon-Saigon-Suite-Veliero-Bookcase-Detail-I-510x600-1-1.jpg\" alt=\"The-Reverie-Saigon-Saigon-Suite-Veliero-Bookcase-Detail\">\n\t\t<\/div>\n\n\t<\/div>\n\t<div class=\"col col-865 m-mb-50\">\n\t\t\n\t\t<!-- Retrieve Text -->\n\t\t<span data-type=\"molecule\" data-temp=\"text.twig\" class=\"molecule-text\">\n<!-- Add Standard Text -->\n<p class=\"fs-40 ff-2 i-gold\">\u0110\u01b0\u1ee3c thi\u1ebft k\u1ebf \u0111\u1ec3 t\u1ea1o \u1ea5n t\u01b0\u1ee3ng \u0111\u1eb7c bi\u1ec7t cho du kh\u00e1ch. Kh\u00e1ch s\u1ea1n h\u1ed9i t\u1ee5 c\u00e1c tuy\u1ec7t t\u00e1c t\u1eeb c\u00e1c th\u01b0\u01a1ng hi\u1ec7u danh ti\u1ebfng h\u00e0ng \u0111\u1ea7u c\u1ee7a \u00dd, v\u1edbi phong c\u00e1ch thi\u1ebft k\u1ebf n\u1ed9i th\u1ea5t chi\u1ebft trung mang m\u1ed9t ch\u1ee7 \u0111\u1ec1 xuy\u00ean su\u1ed1t nh\u1eb1m t\u00f4n vinh k\u1ef9 thu\u1eadt xu\u1ea5t s\u1eafc v\u00e0 v\u1ebb \u0111\u1eb9p tinh hoa c\u1ee7a ngh\u1ec7 thu\u1eadt ngh\u1ec1 th\u1ee7 c\u00f4ng \u00dd.<\/p>\n\n\n<!-- Handle Download, External and Internal Links -->\n<div class=\"flex flex-wrap gap-36 m-inherit btn-parent\">\n\t<\/div><\/span>\n\t<\/div>\n<\/div><div class=\"square-image-text-block site-width flex justify-end gap-135 m-flex-wrap m-gap-0  m-flex-column-reverse mv-140 align-items-center square-image-text-block flex-row-reverse\" data-type=\"organism\" data-temp=\"square-image-text-block.twig\">\n\t<div class=\"col col-780 m-w-100 pr-100 m-pr-0\">\n\t\t<span data-type=\"molecule\" data-temp=\"text.twig\" class=\"molecule-text\">\n<!-- Add Standard Text -->\n<p class=\"fs-40 ff-2 i-gold\">K\u1ebft h\u1ee3p v\u1edbi c\u01a1 s\u1edf v\u1eadt ch\u1ea5t v\u00e0 ti\u1ec7n nghi sang tr\u1ecdng, \u0111\u1ed9i ng\u0169 nh\u00e2n vi\u00ean gi\u00e0u kinh nghi\u1ec7m c\u00f9ng d\u1ecbch v\u1ee5 thanh l\u1ecbch v\u00e0 hi\u1ebfu kh\u00e1ch t\u1ea1o n\u00ean Kh\u00e1ch S\u1ea1n The Reverie Saigon.<\/p>\n<p>Tr\u1ea3i nghi\u1ec7m \u0111\u1ed9c nh\u1ea5t t\u1ea1i th\u00e0nh ph\u1ed1 H\u1ed3 Ch\u00ed Minh hi\u1ec7n \u0111\u1ea1i\u2026<\/p>\n\n\n<!-- Handle Download, External and Internal Links -->\n<div class=\"flex flex-wrap gap-36 m-inherit btn-parent\">\n\t\t\t<a class=\"btn \" \n\t\t\thref=\"\t\t\t\t\thttps:\/\/www.thereveriesaigon.com\/vi\/uu-dai-dac-biet\/\n\t\t\t\t\t\t\t\t\t\t\t\t\" \n\t\t\t\t\n\t\t\t\t\n\t\t\t\t\t\t\t\t>\n\t\t\t\u01afu \u0110\u00e3i \u0110\u1eb7c Bi\u1ec7t\n\t\t<\/a>\n\t<\/div><\/span>\t<\/div>\n\n\t<div class=\"col-780 align-self-stretch m-w-100 m-mb-30 relative\">\n\t\t\n\t \n\t \n\t\t \n\t \n\n\n\n\n\t\t\t\t\t\t\t\t\t\t\t\t\t\t\t\n\n\n\t\t\t<picture>\n\t\t\t<source srcset=\"\n\t\t\t\thttps:\/\/www.thereveriesaigon.com\/wp-content\/uploads\/2023\/02\/Saigon-Suite-Master-Bedroom-Parlour-1-1-1-300x231.jpg 379w, \n\t\t\t\thttps:\/\/www.thereveriesaigon.com\/wp-content\/uploads\/2023\/02\/Saigon-Suite-Master-Bedroom-Parlour-1-1-1-300x231.jpg 420w, \n\t\t\t\thttps:\/\/www.thereveriesaigon.com\/wp-content\/uploads\/2023\/02\/Saigon-Suite-Master-Bedroom-Parlour-1-1-1.jpg 768w, \n\t\t\t\thttps:\/\/www.thereveriesaigon.com\/wp-content\/uploads\/2023\/02\/Saigon-Suite-Master-Bedroom-Parlour-1-1-1.jpg 1020w, \n\t\t\t\thttps:\/\/www.thereveriesaigon.com\/wp-content\/uploads\/2023\/02\/Saigon-Suite-Master-Bedroom-Parlour-1-1-1.jpg 1600w, \n\t\t\t\thttps:\/\/www.thereveriesaigon.com\/wp-content\/uploads\/2023\/02\/Saigon-Suite-Master-Bedroom-Parlour-1-1-1.jpg 1900w,\"\n\t\t\t\tsizes=\"100vw\" alt=\"Saigon-Suite-Master-Bed\" type=\"image\/webp\">\n\t\t\t\t\t\t<img decoding=\"async\" src=\"https:\/\/www.thereveriesaigon.com\/wp-content\/uploads\/2023\/02\/Saigon-Suite-Master-Bedroom-Parlour-1-1-1.jpg\" alt=\"Saigon-Suite-Master-Bed\" class=\"bg-primary div-fill-soft row-600 m-row-260\"  loading=\"lazy\">\n\t\t<\/picture>\n\t\t<\/div>\n<\/div>\n<div class=\"wp-block-buttons is-layout-flex wp-block-buttons-is-layout-flex\"><\/div>\n\n<div class=\"wp-block-buttons is-layout-flex wp-block-buttons-is-layout-flex\"><\/div>\n","protected":false},"excerpt":{"rendered":"","protected":false},"author":4,"featured_media":24545,"parent":0,"menu_order":0,"comment_status":"closed","ping_status":"closed","template":"","meta":{"_acf_changed":false,"inline_featured_image":false,"footnotes":""},"class_list":["post-11503","page","type-page","status-publish","has-post-thumbnail","hentry"],"acf":{"default":"is_default_theme","theme_type":"is_default_theme"},"yoast_head":"<!-- This site is optimized with the Yoast SEO plugin v27.0 - https:\/\/yoast.com\/product\/yoast-seo-wordpress\/ -->\n<title>The Reverie Saigon | Kh\u00e1ch S\u1ea1n Sang Tr\u1ecdng T\u1ea1i Vi\u1ec7t Nam<\/title>\n<meta name=\"description\" content=\"The Reverie Saigon ra m\u1eaft l\u1ea7n \u0111\u1ea7u ti\u00ean v\u00e0o ng\u00e0y M\u1ed9t th\u00e1ng Ch\u00edn n\u0103m 2015 sau b\u1ea3y n\u0103m x\u00e2y d\u1ef1ng. Kh\u00e1ch s\u1ea1n n\u1eb1m trong t\u00f2a nh\u00e0 Times Square hi\u1ec7n \u0111\u1ea1i t\u1ea1i trung t\u00e2m Qu\u1eadn 1 danh gi\u00e1.\" \/>\n<meta name=\"robots\" content=\"index, follow, max-snippet:-1, max-image-preview:large, max-video-preview:-1\" \/>\n<link rel=\"canonical\" href=\"https:\/\/www.thereveriesaigon.com\/vi\/khach-san\/\" \/>\n<meta property=\"og:locale\" content=\"vi_VN\" \/>\n<meta property=\"og:type\" content=\"article\" \/>\n<meta property=\"og:title\" content=\"The Reverie Saigon | Kh\u00e1ch S\u1ea1n Sang Tr\u1ecdng T\u1ea1i Vi\u1ec7t Nam\" \/>\n<meta property=\"og:description\" content=\"The Reverie Saigon ra m\u1eaft l\u1ea7n \u0111\u1ea7u ti\u00ean v\u00e0o ng\u00e0y M\u1ed9t th\u00e1ng Ch\u00edn n\u0103m 2015 sau b\u1ea3y n\u0103m x\u00e2y d\u1ef1ng. Kh\u00e1ch s\u1ea1n n\u1eb1m trong t\u00f2a nh\u00e0 Times Square hi\u1ec7n \u0111\u1ea1i t\u1ea1i trung t\u00e2m Qu\u1eadn 1 danh gi\u00e1.\" \/>\n<meta property=\"og:url\" content=\"https:\/\/www.thereveriesaigon.com\/vi\/khach-san\/\" \/>\n<meta property=\"og:site_name\" content=\"The Reverie Saigon\" \/>\n<meta property=\"article:modified_time\" content=\"2025-10-30T07:44:30+00:00\" \/>\n<meta property=\"og:image\" content=\"https:\/\/www.thereveriesaigon.com\/wp-content\/uploads\/2023\/02\/river-night-f-the-reverie-saigon-1.jpg\" \/>\n\t<meta property=\"og:image:width\" content=\"1920\" \/>\n\t<meta property=\"og:image:height\" content=\"1080\" \/>\n\t<meta property=\"og:image:type\" content=\"image\/jpeg\" \/>\n<meta name=\"twitter:card\" content=\"summary_large_image\" \/>\n<script type=\"application\/ld+json\" class=\"yoast-schema-graph\">{\"@context\":\"https:\/\/schema.org\",\"@graph\":[{\"@type\":\"WebPage\",\"@id\":\"https:\/\/www.thereveriesaigon.com\/vi\/khach-san\/\",\"url\":\"https:\/\/www.thereveriesaigon.com\/vi\/khach-san\/\",\"name\":\"The Reverie Saigon | Kh\u00e1ch S\u1ea1n Sang Tr\u1ecdng T\u1ea1i Vi\u1ec7t Nam\",\"isPartOf\":{\"@id\":\"https:\/\/www.thereveriesaigon.com\/#website\"},\"primaryImageOfPage\":{\"@id\":\"https:\/\/www.thereveriesaigon.com\/vi\/khach-san\/#primaryimage\"},\"image\":{\"@id\":\"https:\/\/www.thereveriesaigon.com\/vi\/khach-san\/#primaryimage\"},\"thumbnailUrl\":\"https:\/\/www.thereveriesaigon.com\/wp-content\/uploads\/2023\/02\/river-night-f-the-reverie-saigon-1.jpg\",\"datePublished\":\"2021-12-13T10:27:05+00:00\",\"dateModified\":\"2025-10-30T07:44:30+00:00\",\"description\":\"The Reverie Saigon ra m\u1eaft l\u1ea7n \u0111\u1ea7u ti\u00ean v\u00e0o ng\u00e0y M\u1ed9t th\u00e1ng Ch\u00edn n\u0103m 2015 sau b\u1ea3y n\u0103m x\u00e2y d\u1ef1ng. Kh\u00e1ch s\u1ea1n n\u1eb1m trong t\u00f2a nh\u00e0 Times Square hi\u1ec7n \u0111\u1ea1i t\u1ea1i trung t\u00e2m Qu\u1eadn 1 danh gi\u00e1.\",\"inLanguage\":\"vi-VN\",\"potentialAction\":[{\"@type\":\"ReadAction\",\"target\":[\"https:\/\/www.thereveriesaigon.com\/vi\/khach-san\/\"]}]},{\"@type\":\"ImageObject\",\"inLanguage\":\"vi-VN\",\"@id\":\"https:\/\/www.thereveriesaigon.com\/vi\/khach-san\/#primaryimage\",\"url\":\"https:\/\/www.thereveriesaigon.com\/wp-content\/uploads\/2023\/02\/river-night-f-the-reverie-saigon-1.jpg\",\"contentUrl\":\"https:\/\/www.thereveriesaigon.com\/wp-content\/uploads\/2023\/02\/river-night-f-the-reverie-saigon-1.jpg\",\"width\":1920,\"height\":1080,\"caption\":\"The Reverie Saigon River At Night\"},{\"@type\":\"WebSite\",\"@id\":\"https:\/\/www.thereveriesaigon.com\/#website\",\"url\":\"https:\/\/www.thereveriesaigon.com\/\",\"name\":\"The Reverie Saigon\",\"description\":\"\",\"publisher\":{\"@id\":\"https:\/\/www.thereveriesaigon.com\/#organization\"},\"potentialAction\":[{\"@type\":\"SearchAction\",\"target\":{\"@type\":\"EntryPoint\",\"urlTemplate\":\"https:\/\/www.thereveriesaigon.com\/?s={search_term_string}\"},\"query-input\":{\"@type\":\"PropertyValueSpecification\",\"valueRequired\":true,\"valueName\":\"search_term_string\"}}],\"inLanguage\":\"vi-VN\"},{\"@type\":\"Organization\",\"@id\":\"https:\/\/www.thereveriesaigon.com\/#organization\",\"name\":\"The Reverie Saigon\",\"url\":\"https:\/\/www.thereveriesaigon.com\/\",\"logo\":{\"@type\":\"ImageObject\",\"inLanguage\":\"vi-VN\",\"@id\":\"https:\/\/www.thereveriesaigon.com\/#\/schema\/logo\/image\/\",\"url\":\"https:\/\/www.thereveriesaigon.com\/wp-content\/uploads\/2021\/11\/TRS-Master-Wine-List-5.pdf2021\/11\/TRS-Master-Wine-List-4.pdf2021\/11\/TRS-Master-Wine-List-5.pdf2021\/11\/Thousands-of-Shining-Star-3.pdf2021\/11\/Thousands-of-Shining-Star-4.pdf2021\/11\/Thousands-of-Shining-Star.pdf2021\/11\/Chef-Wong-s-Recommendation-August.pdf2022\/11\/Truffle-menu---Caf-Cardinal.pdf2022\/11\/Truffle-menu---Da-Vittorio-Saigon.pdf2021\/10\/The-Reverie-Logo.jpg\",\"contentUrl\":\"https:\/\/www.thereveriesaigon.com\/wp-content\/uploads\/2021\/11\/TRS-Master-Wine-List-5.pdf2021\/11\/TRS-Master-Wine-List-4.pdf2021\/11\/TRS-Master-Wine-List-5.pdf2021\/11\/Thousands-of-Shining-Star-3.pdf2021\/11\/Thousands-of-Shining-Star-4.pdf2021\/11\/Thousands-of-Shining-Star.pdf2021\/11\/Chef-Wong-s-Recommendation-August.pdf2022\/11\/Truffle-menu---Caf-Cardinal.pdf2022\/11\/Truffle-menu---Da-Vittorio-Saigon.pdf2021\/10\/The-Reverie-Logo.jpg\",\"width\":2000,\"height\":1597,\"caption\":\"The Reverie Saigon\"},\"image\":{\"@id\":\"https:\/\/www.thereveriesaigon.com\/#\/schema\/logo\/image\/\"}}]}<\/script>\n<!-- \/ Yoast SEO plugin. -->","yoast_head_json":{"title":"The Reverie Saigon | Kh\u00e1ch S\u1ea1n Sang Tr\u1ecdng T\u1ea1i Vi\u1ec7t Nam","description":"The Reverie Saigon ra m\u1eaft l\u1ea7n \u0111\u1ea7u ti\u00ean v\u00e0o ng\u00e0y M\u1ed9t th\u00e1ng Ch\u00edn n\u0103m 2015 sau b\u1ea3y n\u0103m x\u00e2y d\u1ef1ng. Kh\u00e1ch s\u1ea1n n\u1eb1m trong t\u00f2a nh\u00e0 Times Square hi\u1ec7n \u0111\u1ea1i t\u1ea1i trung t\u00e2m Qu\u1eadn 1 danh gi\u00e1.","robots":{"index":"index","follow":"follow","max-snippet":"max-snippet:-1","max-image-preview":"max-image-preview:large","max-video-preview":"max-video-preview:-1"},"canonical":"https:\/\/www.thereveriesaigon.com\/vi\/khach-san\/","og_locale":"vi_VN","og_type":"article","og_title":"The Reverie Saigon | Kh\u00e1ch S\u1ea1n Sang Tr\u1ecdng T\u1ea1i Vi\u1ec7t Nam","og_description":"The Reverie Saigon ra m\u1eaft l\u1ea7n \u0111\u1ea7u ti\u00ean v\u00e0o ng\u00e0y M\u1ed9t th\u00e1ng Ch\u00edn n\u0103m 2015 sau b\u1ea3y n\u0103m x\u00e2y d\u1ef1ng. Kh\u00e1ch s\u1ea1n n\u1eb1m trong t\u00f2a nh\u00e0 Times Square hi\u1ec7n \u0111\u1ea1i t\u1ea1i trung t\u00e2m Qu\u1eadn 1 danh gi\u00e1.","og_url":"https:\/\/www.thereveriesaigon.com\/vi\/khach-san\/","og_site_name":"The Reverie Saigon","article_modified_time":"2025-10-30T07:44:30+00:00","og_image":[{"width":1920,"height":1080,"url":"https:\/\/www.thereveriesaigon.com\/wp-content\/uploads\/2023\/02\/river-night-f-the-reverie-saigon-1.jpg","type":"image\/jpeg"}],"twitter_card":"summary_large_image","schema":{"@context":"https:\/\/schema.org","@graph":[{"@type":"WebPage","@id":"https:\/\/www.thereveriesaigon.com\/vi\/khach-san\/","url":"https:\/\/www.thereveriesaigon.com\/vi\/khach-san\/","name":"The Reverie Saigon | Kh\u00e1ch S\u1ea1n Sang Tr\u1ecdng T\u1ea1i Vi\u1ec7t Nam","isPartOf":{"@id":"https:\/\/www.thereveriesaigon.com\/#website"},"primaryImageOfPage":{"@id":"https:\/\/www.thereveriesaigon.com\/vi\/khach-san\/#primaryimage"},"image":{"@id":"https:\/\/www.thereveriesaigon.com\/vi\/khach-san\/#primaryimage"},"thumbnailUrl":"https:\/\/www.thereveriesaigon.com\/wp-content\/uploads\/2023\/02\/river-night-f-the-reverie-saigon-1.jpg","datePublished":"2021-12-13T10:27:05+00:00","dateModified":"2025-10-30T07:44:30+00:00","description":"The Reverie Saigon ra m\u1eaft l\u1ea7n \u0111\u1ea7u ti\u00ean v\u00e0o ng\u00e0y M\u1ed9t th\u00e1ng Ch\u00edn n\u0103m 2015 sau b\u1ea3y n\u0103m x\u00e2y d\u1ef1ng. Kh\u00e1ch s\u1ea1n n\u1eb1m trong t\u00f2a nh\u00e0 Times Square hi\u1ec7n \u0111\u1ea1i t\u1ea1i trung t\u00e2m Qu\u1eadn 1 danh gi\u00e1.","inLanguage":"vi-VN","potentialAction":[{"@type":"ReadAction","target":["https:\/\/www.thereveriesaigon.com\/vi\/khach-san\/"]}]},{"@type":"ImageObject","inLanguage":"vi-VN","@id":"https:\/\/www.thereveriesaigon.com\/vi\/khach-san\/#primaryimage","url":"https:\/\/www.thereveriesaigon.com\/wp-content\/uploads\/2023\/02\/river-night-f-the-reverie-saigon-1.jpg","contentUrl":"https:\/\/www.thereveriesaigon.com\/wp-content\/uploads\/2023\/02\/river-night-f-the-reverie-saigon-1.jpg","width":1920,"height":1080,"caption":"The Reverie Saigon River At Night"},{"@type":"WebSite","@id":"https:\/\/www.thereveriesaigon.com\/#website","url":"https:\/\/www.thereveriesaigon.com\/","name":"The Reverie Saigon","description":"","publisher":{"@id":"https:\/\/www.thereveriesaigon.com\/#organization"},"potentialAction":[{"@type":"SearchAction","target":{"@type":"EntryPoint","urlTemplate":"https:\/\/www.thereveriesaigon.com\/?s={search_term_string}"},"query-input":{"@type":"PropertyValueSpecification","valueRequired":true,"valueName":"search_term_string"}}],"inLanguage":"vi-VN"},{"@type":"Organization","@id":"https:\/\/www.thereveriesaigon.com\/#organization","name":"The Reverie Saigon","url":"https:\/\/www.thereveriesaigon.com\/","logo":{"@type":"ImageObject","inLanguage":"vi-VN","@id":"https:\/\/www.thereveriesaigon.com\/#\/schema\/logo\/image\/","url":"https:\/\/www.thereveriesaigon.com\/wp-content\/uploads\/2021\/11\/TRS-Master-Wine-List-5.pdf2021\/11\/TRS-Master-Wine-List-4.pdf2021\/11\/TRS-Master-Wine-List-5.pdf2021\/11\/Thousands-of-Shining-Star-3.pdf2021\/11\/Thousands-of-Shining-Star-4.pdf2021\/11\/Thousands-of-Shining-Star.pdf2021\/11\/Chef-Wong-s-Recommendation-August.pdf2022\/11\/Truffle-menu---Caf-Cardinal.pdf2022\/11\/Truffle-menu---Da-Vittorio-Saigon.pdf2021\/10\/The-Reverie-Logo.jpg","contentUrl":"https:\/\/www.thereveriesaigon.com\/wp-content\/uploads\/2021\/11\/TRS-Master-Wine-List-5.pdf2021\/11\/TRS-Master-Wine-List-4.pdf2021\/11\/TRS-Master-Wine-List-5.pdf2021\/11\/Thousands-of-Shining-Star-3.pdf2021\/11\/Thousands-of-Shining-Star-4.pdf2021\/11\/Thousands-of-Shining-Star.pdf2021\/11\/Chef-Wong-s-Recommendation-August.pdf2022\/11\/Truffle-menu---Caf-Cardinal.pdf2022\/11\/Truffle-menu---Da-Vittorio-Saigon.pdf2021\/10\/The-Reverie-Logo.jpg","width":2000,"height":1597,"caption":"The Reverie Saigon"},"image":{"@id":"https:\/\/www.thereveriesaigon.com\/#\/schema\/logo\/image\/"}}]}},"_links":{"self":[{"href":"https:\/\/www.thereveriesaigon.com\/vi\/wp-json\/wp\/v2\/pages\/11503","targetHints":{"allow":["GET"]}}],"collection":[{"href":"https:\/\/www.thereveriesaigon.com\/vi\/wp-json\/wp\/v2\/pages"}],"about":[{"href":"https:\/\/www.thereveriesaigon.com\/vi\/wp-json\/wp\/v2\/types\/page"}],"author":[{"embeddable":true,"href":"https:\/\/www.thereveriesaigon.com\/vi\/wp-json\/wp\/v2\/users\/4"}],"replies":[{"embeddable":true,"href":"https:\/\/www.thereveriesaigon.com\/vi\/wp-json\/wp\/v2\/comments?post=11503"}],"version-history":[{"count":4,"href":"https:\/\/www.thereveriesaigon.com\/vi\/wp-json\/wp\/v2\/pages\/11503\/revisions"}],"predecessor-version":[{"id":42086,"href":"https:\/\/www.thereveriesaigon.com\/vi\/wp-json\/wp\/v2\/pages\/11503\/revisions\/42086"}],"wp:featuredmedia":[{"embeddable":true,"href":"https:\/\/www.thereveriesaigon.com\/vi\/wp-json\/wp\/v2\/media\/24545"}],"wp:attachment":[{"href":"https:\/\/www.thereveriesaigon.com\/vi\/wp-json\/wp\/v2\/media?parent=11503"}],"curies":[{"name":"wp","href":"https:\/\/api.w.org\/{rel}","templated":true}]}}