{"id":11693,"date":"2021-12-13T17:04:33","date_gmt":"2021-12-13T17:04:33","guid":{"rendered":"https:\/\/www.thereveriesaigon.com\/cac-dich-vu-co-so-vat-chat\/"},"modified":"2025-10-30T08:52:36","modified_gmt":"2025-10-30T08:52:36","slug":"cac-dich-vu-co-so-vat-chat","status":"publish","type":"page","link":"https:\/\/www.thereveriesaigon.com\/vi\/hoi-hop-su-kien\/cac-dich-vu-co-so-vat-chat\/","title":{"rendered":"C\u00e1c D\u1ecbch V\u1ee5 &#038; C\u01a1 S\u1edf V\u1eadt Ch\u1ea5t"},"content":{"rendered":"<div data-type=\"organism\" data-temp=\"header-image-block.twig\" class=\"header-image-block \">\n    <div class=\"bg-secondary relative\">\n        <div class=\"site-width flex justify-center flex-column vh-90 \">\n                        <h1 class=\"fs-120 ff-2 t-shadow c-white relative z-20\">\n               <i class=\"fs-110\">H\u1ed9i H\u1ecdp &#038; S\u1ef1 Ki\u1ec7n<\/i><br>\n               <span>C\u00e1c D\u1ecbch V\u1ee5 &#038; C\u01a1 S\u1edf V\u1eadt Ch\u1ea5t<\/span>\n            <\/h1> \n                        \n        <\/div>\n\n        \n\t \n\t \n\t\t \n\t \n\n\n\n\n\n\n\n\t\t\t<picture>\n\t\t\t<source srcset=\"\n\t\t\t\thttps:\/\/www.thereveriesaigon.com\/wp-content\/uploads\/2022\/06\/the-reverie-saigon-meeting-package-sm-300x169.jpg 379w, \n\t\t\t\thttps:\/\/www.thereveriesaigon.com\/wp-content\/uploads\/2022\/06\/the-reverie-saigon-meeting-package-sm-300x169.jpg 420w, \n\t\t\t\thttps:\/\/www.thereveriesaigon.com\/wp-content\/uploads\/2022\/06\/the-reverie-saigon-meeting-package-sm-1024x576.jpg 768w, \n\t\t\t\thttps:\/\/www.thereveriesaigon.com\/wp-content\/uploads\/2022\/06\/the-reverie-saigon-meeting-package-sm-1200x675.jpg 1020w, \n\t\t\t\thttps:\/\/www.thereveriesaigon.com\/wp-content\/uploads\/2022\/06\/the-reverie-saigon-meeting-package-sm.jpg 1600w, \n\t\t\t\thttps:\/\/www.thereveriesaigon.com\/wp-content\/uploads\/2022\/06\/the-reverie-saigon-meeting-package-sm.jpg 1900w,\"\n\t\t\t\tsizes=\"100vw\" alt=\"The Reverie Saigon | Meeting | Meeting package\" type=\"image\/webp\">\n\t\t\t\t\t\t<img decoding=\"async\" src=\"https:\/\/www.thereveriesaigon.com\/wp-content\/uploads\/2022\/06\/the-reverie-saigon-meeting-package-sm.jpg\" alt=\"The Reverie Saigon | Meeting | Meeting package\" class=\"div-fill absolute z-10\"  loading=\"lazy\">\n\t\t<\/picture>\n\t    <\/div>\n<\/div><div class=\"introduction site-width flex justify-between gap-135 m-flex-wrap m-gap-0 flex-row-reverse m-flex-column-reverse mv-140 align-items-center\" data-type=\"organism\" data-temp=\"introduction-and-award-block.twig\">\n\t<div class=\"m-w-100 col-510 align-self-stretch flex justify-end\">\n\t\t\n\t<\/div>\n\t<div class=\"col col-865\">\n\t\t<!-- Retrieve Text -->\n\t\t<span data-type=\"molecule\" data-temp=\"text.twig\" class=\"molecule-text\">\n<!-- Add Standard Text -->\n<p class=\"fs-40 ff-2 i-gold\">B\u00ean c\u1ea1nh 15 kh\u00f4ng gian \u0111a ch\u1ee9c n\u0103ng \u0111\u01b0\u1ee3c thi\u1ebft k\u1ebf theo chu\u1ea9n ph\u00f2ng h\u1ecdp v\u00e0 s\u1ef1 ki\u1ec7n, \u0111\u1ed9i ng\u0169 nh\u00e2n vi\u00ean gi\u00e0u kinh nghi\u1ec7m c\u1ee7a ch\u00fang t\u00f4i s\u1eb5n s\u00e0ng t\u01b0 v\u1ea5n v\u00e0 h\u1ed7 t\u1ed1i \u0111a \u0111\u1ec3 t\u1ea1o n\u00ean c\u00e1c s\u1ef1 ki\u1ec7n \u1ea5n t\u01b0\u1ee3ng nh\u1ea5t.<\/p>\n<p>T\u1eeb phong c\u00e1ch trang ho\u00e0ng tinh t\u1ebf, \u0111a d\u1ea1ng c\u00e1c th\u1ef1c \u0111\u01a1n l\u1ef1a ch\u1ecdn, \u0111\u1ebfn c\u00e1c ho\u1ea1t \u0111\u1ed9ng gi\u1ea3i tr\u00ed v\u00e0 phong c\u00e1ch ph\u1ee5c v\u1ee5 thanh l\u1ecbch v\u00e0 \u0111\u1eb3ng c\u1ea5p nh\u1ea5t th\u00e0nh ph\u1ed1, kh\u00e1ch s\u1ea1n The Reverie Saigon ch\u00ednh l\u00e0 \u0111\u1ecba \u0111i\u1ec3m l\u00fd t\u01b0\u1edfng \u0111\u1ec3 t\u1ed5 ch\u1ee9c s\u1ef1 ki\u1ec7n.<\/p>\n<p>D\u00f9 qu\u00fd kh\u00e1ch mu\u1ed1n t\u1ed5 ch\u1ee9c s\u1ef1 ki\u1ec7n \u1edf quy m\u00f4 n\u00e0o \u0111\u1ec1u lu\u00f4n \u0111\u01b0\u1ee3c chu\u1ea9n b\u1ecb c\u1ef1c k\u1ef3 chu \u0111\u00e1o v\u00e0 \u1ea5n t\u01b0\u1ee3ng t\u1eeb l\u00fac m\u1edf \u0111\u1ea7u \u0111\u1ebfn khi k\u1ebft th\u00fac.<\/p>\n\n\n<!-- Handle Download, External and Internal Links -->\n<div class=\"flex flex-wrap gap-36 m-inherit btn-parent\">\n\t\t\t<a class=\"btn \" \n\t\t\thref=\"\t\t\t\t\t\t\t\t\thttps:\/\/www.thereveriesaigon.com\/wp-content\/uploads\/2021\/12\/The-Reverie-Saigon-Meeting-Capacity-1.pdf\n\t\t\t\t\t\t\t\t\" \n\t\t\t\t\n\t\t\t\t\n\t\t\t\t\t\t\t\t\ttarget=\"_blank\"\n\t\t\t\t\t\t\t\t>\n\t\t\tXem S\u1ee9c Ch\u1ee9a C\u00e1c Ph\u00f2ng H\u1ecdp\n\t\t<\/a>\n\t<\/div><\/span>\t<\/div>\n<\/div><div class=\"separator-block site-width\" data-type=\"organism\" data-temp=\"introduction-and-award-block.twig\">\n    <div class=\"inner relative w-100\">\n        <div class=\"seperator-badge absolute\">\n          \n        <\/div>\n    <\/div>\n<\/div>\n\n<div class=\"square-image-text-block site-width flex justify-end gap-36 m-flex-wrap m-gap-0  m-flex-column-reverse mv-140 align-items-center square-image-text-block default\" data-type=\"organism\" data-temp=\"square-image-text-block.twig\">\n\t<div class=\"col col-780 m-w-100 pr-100 m-pr-0\">\n\t\t<span data-type=\"molecule\" data-temp=\"text.twig\" class=\"molecule-text\">\n<!-- Add Standard Text -->\n<p class=\"fs-40 ff-2 i-gold\">C\u00e1c D\u1ecbch v\u1ee5 &amp; C\u01a1 s\u1edf v\u1eadt ch\u1ea5t c\u1ee7a ch\u00fang t\u00f4i bao g\u1ed3m:<\/p>\n<ul>\n<li>T\u1eb7ng ph\u00ed thu\u00ea ph\u00f2ng<\/li>\n<li>B\u00e3i \u0111\u1eadu xe mi\u1ec5n ph\u00ed &amp; Internet t\u1ed1c \u0111\u1ed9 cao<\/li>\n<li>B\u00e0n ti\u1ebfp t\u00e2n c\u00f3 hoa trang tr\u00ed<\/li>\n<li>Ph\u00f2ng h\u1ecdp \u0111\u01b0\u1ee3c chu\u1ea9n b\u1ecb s\u1eb5n gi\u1ea5y ghi ch\u00e9p, b\u00fat ch\u00ec, n\u01b0\u1edbc kho\u00e1ng v\u00e0 k\u1eb9o b\u1ea1c h\u00e0<\/li>\n<li>S\u00e2n kh\u1ea5u v\u1edbi b\u1ee5c, m\u00e1y chi\u1ebfu LCD v\u00e0 m\u00e0n h\u00ecnh<\/li>\n<li>Ti\u1ec7c c\u00e0 ph\u00ea \u0111\u1eb7c bi\u1ec7t v\u1edbi th\u1ef1c \u0111\u01a1n \u0111a d\u1ea1ng<\/li>\n<li>B\u1eefa tr\u01b0a v\u1edbi n\u01b0\u1edbc ng\u1ecdt v\u00e0 n\u01b0\u1edbc kho\u00e1ng kh\u00f4ng gi\u1edbi h\u1ea1n<\/li>\n<li>Ch\u01b0\u01a1ng tr\u00ecnh t\u00edch l\u0169y \u0111i\u1ec3m d\u00e0nh ri\u00eang cho ng\u01b0\u1eddi t\u1ed5 ch\u1ee9c<\/li>\n<\/ul>\n\n\n<!-- Handle Download, External and Internal Links -->\n<div class=\"flex flex-wrap gap-36 m-inherit btn-parent\">\n\t<\/div><\/span>\t<\/div>\n\n\t<div class=\"col-780 align-self-stretch m-w-100 m-mb-30 relative\">\n\t\t\n\t \n\t \n\t\t \n\t \n\n\n\n\n\t\t\t\t\t\t\t\t\t\t\t\t\t\t\t\n\n\n\t\t\t<picture>\n\t\t\t<source srcset=\"\n\t\t\t\thttps:\/\/www.thereveriesaigon.com\/wp-content\/uploads\/2021\/10\/the-reverie-saigon-meeting-setup-300x169.jpg 379w, \n\t\t\t\thttps:\/\/www.thereveriesaigon.com\/wp-content\/uploads\/2021\/10\/the-reverie-saigon-meeting-setup-300x169.jpg 420w, \n\t\t\t\thttps:\/\/www.thereveriesaigon.com\/wp-content\/uploads\/2021\/10\/the-reverie-saigon-meeting-setup-1024x576.jpg 768w, \n\t\t\t\thttps:\/\/www.thereveriesaigon.com\/wp-content\/uploads\/2021\/10\/the-reverie-saigon-meeting-setup-1200x675.jpg 1020w, \n\t\t\t\thttps:\/\/www.thereveriesaigon.com\/wp-content\/uploads\/2021\/10\/the-reverie-saigon-meeting-setup.jpg 1600w, \n\t\t\t\thttps:\/\/www.thereveriesaigon.com\/wp-content\/uploads\/2021\/10\/the-reverie-saigon-meeting-setup.jpg 1900w,\"\n\t\t\t\tsizes=\"100vw\" alt=\"The Reverie Saigon | Meetings and Conferences | Meeting Set Up\" type=\"image\/webp\">\n\t\t\t\t\t\t<img decoding=\"async\" src=\"https:\/\/www.thereveriesaigon.com\/wp-content\/uploads\/2021\/10\/the-reverie-saigon-meeting-setup.jpg\" alt=\"The Reverie Saigon | Meetings and Conferences | Meeting Set Up\" class=\"bg-primary div-fill-soft row-600 m-row-260\"  loading=\"lazy\">\n\t\t<\/picture>\n\t\t<\/div>\n<\/div>","protected":false},"excerpt":{"rendered":"","protected":false},"author":4,"featured_media":0,"parent":11722,"menu_order":21,"comment_status":"closed","ping_status":"closed","template":"","meta":{"_acf_changed":false,"inline_featured_image":false,"footnotes":""},"class_list":["post-11693","page","type-page","status-publish","hentry"],"acf":{"default":"is_default_theme","theme_type":"is_default_theme"},"yoast_head":"<!-- This site is optimized with the Yoast SEO plugin v27.0 - https:\/\/yoast.com\/product\/yoast-seo-wordpress\/ -->\n<title>The Reverie Saigon | Ph\u00f2ng h\u1ecdp H\u1ed3 Ch\u00ed Minh | C\u00e1c D\u1ecbch V\u1ee5 &amp; C\u01a1 S\u1edf V\u1eadt Ch\u1ea5t<\/title>\n<meta name=\"description\" content=\"B\u00ean c\u1ea1nh 15 kh\u00f4ng gian \u0111a ch\u1ee9c n\u0103ng \u0111\u01b0\u1ee3c thi\u1ebft k\u1ebf theo chu\u1ea9n ph\u00f2ng h\u1ecdp v\u00e0 s\u1ef1 ki\u1ec7n, \u0111\u1ed9i ng\u0169 nh\u00e2n vi\u00ean gi\u00e0u kinh nghi\u1ec7m c\u1ee7a ch\u00fang t\u00f4i s\u1eb5n s\u00e0ng t\u01b0 v\u1ea5n v\u00e0 h\u1ed7 t\u1ed1i \u0111a \u0111\u1ec3 t\u1ea1o n\u00ean c\u00e1c s\u1ef1 ki\u1ec7n \u1ea5n t\u01b0\u1ee3ng nh\u1ea5t.\" \/>\n<meta name=\"robots\" content=\"index, follow, max-snippet:-1, max-image-preview:large, max-video-preview:-1\" \/>\n<link rel=\"canonical\" href=\"https:\/\/www.thereveriesaigon.com\/vi\/hoi-hop-su-kien\/cac-dich-vu-co-so-vat-chat\/\" \/>\n<meta property=\"og:locale\" content=\"vi_VN\" \/>\n<meta property=\"og:type\" content=\"article\" \/>\n<meta property=\"og:title\" content=\"The Reverie Saigon | Ph\u00f2ng h\u1ecdp H\u1ed3 Ch\u00ed Minh | C\u00e1c D\u1ecbch V\u1ee5 &amp; C\u01a1 S\u1edf V\u1eadt Ch\u1ea5t\" \/>\n<meta property=\"og:description\" content=\"B\u00ean c\u1ea1nh 15 kh\u00f4ng gian \u0111a ch\u1ee9c n\u0103ng \u0111\u01b0\u1ee3c thi\u1ebft k\u1ebf theo chu\u1ea9n ph\u00f2ng h\u1ecdp v\u00e0 s\u1ef1 ki\u1ec7n, \u0111\u1ed9i ng\u0169 nh\u00e2n vi\u00ean gi\u00e0u kinh nghi\u1ec7m c\u1ee7a ch\u00fang t\u00f4i s\u1eb5n s\u00e0ng t\u01b0 v\u1ea5n v\u00e0 h\u1ed7 t\u1ed1i \u0111a \u0111\u1ec3 t\u1ea1o n\u00ean c\u00e1c s\u1ef1 ki\u1ec7n \u1ea5n t\u01b0\u1ee3ng nh\u1ea5t.\" \/>\n<meta property=\"og:url\" content=\"https:\/\/www.thereveriesaigon.com\/vi\/hoi-hop-su-kien\/cac-dich-vu-co-so-vat-chat\/\" \/>\n<meta property=\"og:site_name\" content=\"The Reverie Saigon\" \/>\n<meta property=\"article:modified_time\" content=\"2025-10-30T08:52:36+00:00\" \/>\n<meta name=\"twitter:card\" content=\"summary_large_image\" \/>\n<script type=\"application\/ld+json\" class=\"yoast-schema-graph\">{\"@context\":\"https:\/\/schema.org\",\"@graph\":[{\"@type\":\"WebPage\",\"@id\":\"https:\/\/www.thereveriesaigon.com\/vi\/hoi-hop-su-kien\/cac-dich-vu-co-so-vat-chat\/\",\"url\":\"https:\/\/www.thereveriesaigon.com\/vi\/hoi-hop-su-kien\/cac-dich-vu-co-so-vat-chat\/\",\"name\":\"The Reverie Saigon | Ph\u00f2ng h\u1ecdp H\u1ed3 Ch\u00ed Minh | C\u00e1c D\u1ecbch V\u1ee5 & C\u01a1 S\u1edf V\u1eadt Ch\u1ea5t\",\"isPartOf\":{\"@id\":\"https:\/\/www.thereveriesaigon.com\/#website\"},\"datePublished\":\"2021-12-13T17:04:33+00:00\",\"dateModified\":\"2025-10-30T08:52:36+00:00\",\"description\":\"B\u00ean c\u1ea1nh 15 kh\u00f4ng gian \u0111a ch\u1ee9c n\u0103ng \u0111\u01b0\u1ee3c thi\u1ebft k\u1ebf theo chu\u1ea9n ph\u00f2ng h\u1ecdp v\u00e0 s\u1ef1 ki\u1ec7n, \u0111\u1ed9i ng\u0169 nh\u00e2n vi\u00ean gi\u00e0u kinh nghi\u1ec7m c\u1ee7a ch\u00fang t\u00f4i s\u1eb5n s\u00e0ng t\u01b0 v\u1ea5n v\u00e0 h\u1ed7 t\u1ed1i \u0111a \u0111\u1ec3 t\u1ea1o n\u00ean c\u00e1c s\u1ef1 ki\u1ec7n \u1ea5n t\u01b0\u1ee3ng nh\u1ea5t.\",\"breadcrumb\":{\"@id\":\"https:\/\/www.thereveriesaigon.com\/vi\/hoi-hop-su-kien\/cac-dich-vu-co-so-vat-chat\/#breadcrumb\"},\"inLanguage\":\"vi-VN\",\"potentialAction\":[{\"@type\":\"ReadAction\",\"target\":[\"https:\/\/www.thereveriesaigon.com\/vi\/hoi-hop-su-kien\/cac-dich-vu-co-so-vat-chat\/\"]}]},{\"@type\":\"BreadcrumbList\",\"@id\":\"https:\/\/www.thereveriesaigon.com\/vi\/hoi-hop-su-kien\/cac-dich-vu-co-so-vat-chat\/#breadcrumb\",\"itemListElement\":[{\"@type\":\"ListItem\",\"position\":1,\"name\":\"H\u1ed9i H\u1ecdp &#038; S\u1ef1 Ki\u1ec7n\",\"item\":\"https:\/\/www.thereveriesaigon.com\/vi\/hoi-hop-su-kien\/\"},{\"@type\":\"ListItem\",\"position\":2,\"name\":\"C\u00e1c D\u1ecbch V\u1ee5 &#038; C\u01a1 S\u1edf V\u1eadt Ch\u1ea5t\"}]},{\"@type\":\"WebSite\",\"@id\":\"https:\/\/www.thereveriesaigon.com\/#website\",\"url\":\"https:\/\/www.thereveriesaigon.com\/\",\"name\":\"The Reverie Saigon\",\"description\":\"\",\"publisher\":{\"@id\":\"https:\/\/www.thereveriesaigon.com\/#organization\"},\"potentialAction\":[{\"@type\":\"SearchAction\",\"target\":{\"@type\":\"EntryPoint\",\"urlTemplate\":\"https:\/\/www.thereveriesaigon.com\/?s={search_term_string}\"},\"query-input\":{\"@type\":\"PropertyValueSpecification\",\"valueRequired\":true,\"valueName\":\"search_term_string\"}}],\"inLanguage\":\"vi-VN\"},{\"@type\":\"Organization\",\"@id\":\"https:\/\/www.thereveriesaigon.com\/#organization\",\"name\":\"The Reverie Saigon\",\"url\":\"https:\/\/www.thereveriesaigon.com\/\",\"logo\":{\"@type\":\"ImageObject\",\"inLanguage\":\"vi-VN\",\"@id\":\"https:\/\/www.thereveriesaigon.com\/#\/schema\/logo\/image\/\",\"url\":\"https:\/\/www.thereveriesaigon.com\/wp-content\/uploads\/2021\/11\/TRS-Master-Wine-List-5.pdf2021\/11\/TRS-Master-Wine-List-4.pdf2021\/11\/TRS-Master-Wine-List-5.pdf2021\/11\/Thousands-of-Shining-Star-3.pdf2021\/11\/Thousands-of-Shining-Star-4.pdf2021\/11\/Thousands-of-Shining-Star.pdf2021\/11\/Chef-Wong-s-Recommendation-August.pdf2022\/11\/Truffle-menu---Caf-Cardinal.pdf2022\/11\/Truffle-menu---Da-Vittorio-Saigon.pdf2021\/10\/The-Reverie-Logo.jpg\",\"contentUrl\":\"https:\/\/www.thereveriesaigon.com\/wp-content\/uploads\/2021\/11\/TRS-Master-Wine-List-5.pdf2021\/11\/TRS-Master-Wine-List-4.pdf2021\/11\/TRS-Master-Wine-List-5.pdf2021\/11\/Thousands-of-Shining-Star-3.pdf2021\/11\/Thousands-of-Shining-Star-4.pdf2021\/11\/Thousands-of-Shining-Star.pdf2021\/11\/Chef-Wong-s-Recommendation-August.pdf2022\/11\/Truffle-menu---Caf-Cardinal.pdf2022\/11\/Truffle-menu---Da-Vittorio-Saigon.pdf2021\/10\/The-Reverie-Logo.jpg\",\"width\":2000,\"height\":1597,\"caption\":\"The Reverie Saigon\"},\"image\":{\"@id\":\"https:\/\/www.thereveriesaigon.com\/#\/schema\/logo\/image\/\"}}]}<\/script>\n<!-- \/ Yoast SEO plugin. -->","yoast_head_json":{"title":"The Reverie Saigon | Ph\u00f2ng h\u1ecdp H\u1ed3 Ch\u00ed Minh | C\u00e1c D\u1ecbch V\u1ee5 & C\u01a1 S\u1edf V\u1eadt Ch\u1ea5t","description":"B\u00ean c\u1ea1nh 15 kh\u00f4ng gian \u0111a ch\u1ee9c n\u0103ng \u0111\u01b0\u1ee3c thi\u1ebft k\u1ebf theo chu\u1ea9n ph\u00f2ng h\u1ecdp v\u00e0 s\u1ef1 ki\u1ec7n, \u0111\u1ed9i ng\u0169 nh\u00e2n vi\u00ean gi\u00e0u kinh nghi\u1ec7m c\u1ee7a ch\u00fang t\u00f4i s\u1eb5n s\u00e0ng t\u01b0 v\u1ea5n v\u00e0 h\u1ed7 t\u1ed1i \u0111a \u0111\u1ec3 t\u1ea1o n\u00ean c\u00e1c s\u1ef1 ki\u1ec7n \u1ea5n t\u01b0\u1ee3ng nh\u1ea5t.","robots":{"index":"index","follow":"follow","max-snippet":"max-snippet:-1","max-image-preview":"max-image-preview:large","max-video-preview":"max-video-preview:-1"},"canonical":"https:\/\/www.thereveriesaigon.com\/vi\/hoi-hop-su-kien\/cac-dich-vu-co-so-vat-chat\/","og_locale":"vi_VN","og_type":"article","og_title":"The Reverie Saigon | Ph\u00f2ng h\u1ecdp H\u1ed3 Ch\u00ed Minh | C\u00e1c D\u1ecbch V\u1ee5 & C\u01a1 S\u1edf V\u1eadt Ch\u1ea5t","og_description":"B\u00ean c\u1ea1nh 15 kh\u00f4ng gian \u0111a ch\u1ee9c n\u0103ng \u0111\u01b0\u1ee3c thi\u1ebft k\u1ebf theo chu\u1ea9n ph\u00f2ng h\u1ecdp v\u00e0 s\u1ef1 ki\u1ec7n, \u0111\u1ed9i ng\u0169 nh\u00e2n vi\u00ean gi\u00e0u kinh nghi\u1ec7m c\u1ee7a ch\u00fang t\u00f4i s\u1eb5n s\u00e0ng t\u01b0 v\u1ea5n v\u00e0 h\u1ed7 t\u1ed1i \u0111a \u0111\u1ec3 t\u1ea1o n\u00ean c\u00e1c s\u1ef1 ki\u1ec7n \u1ea5n t\u01b0\u1ee3ng nh\u1ea5t.","og_url":"https:\/\/www.thereveriesaigon.com\/vi\/hoi-hop-su-kien\/cac-dich-vu-co-so-vat-chat\/","og_site_name":"The Reverie Saigon","article_modified_time":"2025-10-30T08:52:36+00:00","twitter_card":"summary_large_image","schema":{"@context":"https:\/\/schema.org","@graph":[{"@type":"WebPage","@id":"https:\/\/www.thereveriesaigon.com\/vi\/hoi-hop-su-kien\/cac-dich-vu-co-so-vat-chat\/","url":"https:\/\/www.thereveriesaigon.com\/vi\/hoi-hop-su-kien\/cac-dich-vu-co-so-vat-chat\/","name":"The Reverie Saigon | Ph\u00f2ng h\u1ecdp H\u1ed3 Ch\u00ed Minh | C\u00e1c D\u1ecbch V\u1ee5 & C\u01a1 S\u1edf V\u1eadt Ch\u1ea5t","isPartOf":{"@id":"https:\/\/www.thereveriesaigon.com\/#website"},"datePublished":"2021-12-13T17:04:33+00:00","dateModified":"2025-10-30T08:52:36+00:00","description":"B\u00ean c\u1ea1nh 15 kh\u00f4ng gian \u0111a ch\u1ee9c n\u0103ng \u0111\u01b0\u1ee3c thi\u1ebft k\u1ebf theo chu\u1ea9n ph\u00f2ng h\u1ecdp v\u00e0 s\u1ef1 ki\u1ec7n, \u0111\u1ed9i ng\u0169 nh\u00e2n vi\u00ean gi\u00e0u kinh nghi\u1ec7m c\u1ee7a ch\u00fang t\u00f4i s\u1eb5n s\u00e0ng t\u01b0 v\u1ea5n v\u00e0 h\u1ed7 t\u1ed1i \u0111a \u0111\u1ec3 t\u1ea1o n\u00ean c\u00e1c s\u1ef1 ki\u1ec7n \u1ea5n t\u01b0\u1ee3ng nh\u1ea5t.","breadcrumb":{"@id":"https:\/\/www.thereveriesaigon.com\/vi\/hoi-hop-su-kien\/cac-dich-vu-co-so-vat-chat\/#breadcrumb"},"inLanguage":"vi-VN","potentialAction":[{"@type":"ReadAction","target":["https:\/\/www.thereveriesaigon.com\/vi\/hoi-hop-su-kien\/cac-dich-vu-co-so-vat-chat\/"]}]},{"@type":"BreadcrumbList","@id":"https:\/\/www.thereveriesaigon.com\/vi\/hoi-hop-su-kien\/cac-dich-vu-co-so-vat-chat\/#breadcrumb","itemListElement":[{"@type":"ListItem","position":1,"name":"H\u1ed9i H\u1ecdp &#038; S\u1ef1 Ki\u1ec7n","item":"https:\/\/www.thereveriesaigon.com\/vi\/hoi-hop-su-kien\/"},{"@type":"ListItem","position":2,"name":"C\u00e1c D\u1ecbch V\u1ee5 &#038; C\u01a1 S\u1edf V\u1eadt Ch\u1ea5t"}]},{"@type":"WebSite","@id":"https:\/\/www.thereveriesaigon.com\/#website","url":"https:\/\/www.thereveriesaigon.com\/","name":"The Reverie Saigon","description":"","publisher":{"@id":"https:\/\/www.thereveriesaigon.com\/#organization"},"potentialAction":[{"@type":"SearchAction","target":{"@type":"EntryPoint","urlTemplate":"https:\/\/www.thereveriesaigon.com\/?s={search_term_string}"},"query-input":{"@type":"PropertyValueSpecification","valueRequired":true,"valueName":"search_term_string"}}],"inLanguage":"vi-VN"},{"@type":"Organization","@id":"https:\/\/www.thereveriesaigon.com\/#organization","name":"The Reverie Saigon","url":"https:\/\/www.thereveriesaigon.com\/","logo":{"@type":"ImageObject","inLanguage":"vi-VN","@id":"https:\/\/www.thereveriesaigon.com\/#\/schema\/logo\/image\/","url":"https:\/\/www.thereveriesaigon.com\/wp-content\/uploads\/2021\/11\/TRS-Master-Wine-List-5.pdf2021\/11\/TRS-Master-Wine-List-4.pdf2021\/11\/TRS-Master-Wine-List-5.pdf2021\/11\/Thousands-of-Shining-Star-3.pdf2021\/11\/Thousands-of-Shining-Star-4.pdf2021\/11\/Thousands-of-Shining-Star.pdf2021\/11\/Chef-Wong-s-Recommendation-August.pdf2022\/11\/Truffle-menu---Caf-Cardinal.pdf2022\/11\/Truffle-menu---Da-Vittorio-Saigon.pdf2021\/10\/The-Reverie-Logo.jpg","contentUrl":"https:\/\/www.thereveriesaigon.com\/wp-content\/uploads\/2021\/11\/TRS-Master-Wine-List-5.pdf2021\/11\/TRS-Master-Wine-List-4.pdf2021\/11\/TRS-Master-Wine-List-5.pdf2021\/11\/Thousands-of-Shining-Star-3.pdf2021\/11\/Thousands-of-Shining-Star-4.pdf2021\/11\/Thousands-of-Shining-Star.pdf2021\/11\/Chef-Wong-s-Recommendation-August.pdf2022\/11\/Truffle-menu---Caf-Cardinal.pdf2022\/11\/Truffle-menu---Da-Vittorio-Saigon.pdf2021\/10\/The-Reverie-Logo.jpg","width":2000,"height":1597,"caption":"The Reverie Saigon"},"image":{"@id":"https:\/\/www.thereveriesaigon.com\/#\/schema\/logo\/image\/"}}]}},"_links":{"self":[{"href":"https:\/\/www.thereveriesaigon.com\/vi\/wp-json\/wp\/v2\/pages\/11693","targetHints":{"allow":["GET"]}}],"collection":[{"href":"https:\/\/www.thereveriesaigon.com\/vi\/wp-json\/wp\/v2\/pages"}],"about":[{"href":"https:\/\/www.thereveriesaigon.com\/vi\/wp-json\/wp\/v2\/types\/page"}],"author":[{"embeddable":true,"href":"https:\/\/www.thereveriesaigon.com\/vi\/wp-json\/wp\/v2\/users\/4"}],"replies":[{"embeddable":true,"href":"https:\/\/www.thereveriesaigon.com\/vi\/wp-json\/wp\/v2\/comments?post=11693"}],"version-history":[{"count":4,"href":"https:\/\/www.thereveriesaigon.com\/vi\/wp-json\/wp\/v2\/pages\/11693\/revisions"}],"predecessor-version":[{"id":42136,"href":"https:\/\/www.thereveriesaigon.com\/vi\/wp-json\/wp\/v2\/pages\/11693\/revisions\/42136"}],"up":[{"embeddable":true,"href":"https:\/\/www.thereveriesaigon.com\/vi\/wp-json\/wp\/v2\/pages\/11722"}],"wp:attachment":[{"href":"https:\/\/www.thereveriesaigon.com\/vi\/wp-json\/wp\/v2\/media?parent=11693"}],"curies":[{"name":"wp","href":"https:\/\/api.w.org\/{rel}","templated":true}]}}