{"id":12295,"date":"2021-11-17T15:42:36","date_gmt":"2021-11-17T15:42:36","guid":{"rendered":"https:\/\/www.thereveriesaigon.com\/the-reverie-boutique\/"},"modified":"2026-02-02T10:03:26","modified_gmt":"2026-02-02T10:03:26","slug":"cua-hang-the-reverie-boutique-truc-tuyen","status":"publish","type":"page","link":"https:\/\/www.thereveriesaigon.com\/vi\/cua-hang-the-reverie-boutique-truc-tuyen\/","title":{"rendered":"The Reverie Boutique"},"content":{"rendered":"<div data-type=\"organism\" data-temp=\"header-image-block.twig\" class=\"header-image-block \">\n    <div class=\"bg-secondary relative\">\n        <div class=\"site-width flex justify-center flex-column vh-90 \">\n                        <h1 class=\"fs-120 ff-2 t-shadow c-white relative z-20\">\n               <i class=\"fs-110\">The Reverie Boutique<\/i><br>\n               <span>\u0110\u1eb7t Ngay<\/span>\n            <\/h1> \n                        \n        <\/div>\n\n        \n\t \n\t \n\t\t \n\t \n\n\n\n\n\n\n\n\t\t\t<picture>\n\t\t\t<source srcset=\"\n\t\t\t\thttps:\/\/www.thereveriesaigon.com\/wp-content\/uploads\/2026\/01\/IMG_6760-1-300x211.jpg 379w, \n\t\t\t\thttps:\/\/www.thereveriesaigon.com\/wp-content\/uploads\/2026\/01\/IMG_6760-1-300x211.jpg 420w, \n\t\t\t\thttps:\/\/www.thereveriesaigon.com\/wp-content\/uploads\/2026\/01\/IMG_6760-1-1024x720.jpg 768w, \n\t\t\t\thttps:\/\/www.thereveriesaigon.com\/wp-content\/uploads\/2026\/01\/IMG_6760-1-1200x844.jpg 1020w, \n\t\t\t\thttps:\/\/www.thereveriesaigon.com\/wp-content\/uploads\/2026\/01\/IMG_6760-1-2000x1407.jpg 1600w, \n\t\t\t\thttps:\/\/www.thereveriesaigon.com\/wp-content\/uploads\/2026\/01\/IMG_6760-1-2000x1407.jpg 1900w,\"\n\t\t\t\tsizes=\"100vw\" alt=\"\" type=\"image\/webp\">\n\t\t\t\t\t\t<img decoding=\"async\" src=\"https:\/\/www.thereveriesaigon.com\/wp-content\/uploads\/2026\/01\/IMG_6760-1-2000x1407.jpg\" alt=\"\" class=\"div-fill absolute z-10\"  loading=\"lazy\">\n\t\t<\/picture>\n\t    <\/div>\n<\/div>\n\n<div class=\"static-posttype-listing-block\" data-type=\"organism\" data-temp=\"static-posttype-listing-block.twig\">\n\t<div class=\"site-width\">\n\t\t<span data-type=\"molecule\" data-temp=\"text.twig\" class=\"molecule-text\">\n<!-- Add Standard Text -->\n\n\n<!-- Handle Download, External and Internal Links -->\n<div class=\"flex flex-wrap gap-36 m-inherit btn-parent\">\n\t<\/div><\/span>\t<\/div>\n\t\t\t\t<div class=\"landscape-image-text-block site-width flex justify-end   gap-135 m-flex-wrap m-gap-0 m-flex-column-reverse  mv-140 align-items-center static-posttype-listing-block inherit-link\" data-type=\"organism\">\n\t\t\t<div class=\"col col-420 m-w-100\" data-animation=\"text-animation-1\">\n\t\t\t\t\t\t\t\t\n\t\t\t\t\n               \t<h2 class=\"fs-40 ff-2 i-gold\">Phong C\u00e1ch S\u1ed1ng<\/h2>\n\t\t\t\t<p>B\u1ed9 s\u01b0u t\u1eadp Tuy\u1ec3n ch\u1ecdn t\u1eeb Reverie kh\u1eafc h\u1ecda r\u00f5 n\u00e9t d\u1ea5u \u1ea5n th\u1eddi th\u01b0\u1ee3ng v\u00e0 \u0111\u1eb3ng c\u1ea5p ri\u00eang bi\u1ec7t c\u1ee7a ch\u00fang t\u00f4i<\/p>\n\n\t\t\t\t\n\t\t\t\t\n\t\t\t\t\n\t\t\t\t\n\t\t\t\t\n\t\t\t\t\t\t\t\t\t<a href=\"https:\/\/www.thereveriesaigon.com\/vi\/boutique\/phong-cach-song\/\" class=\"btn\">Kh\u00e1m Ph\u00e1<\/a>\n\t\t\t\t                                \n\t\t\t<\/div>\n\t\t\t<div class=\"col-1055 align-self-stretch m-w-100 flex gap-36 m-mb-30\" data-animation=\"image-animation-2\">\n\t\t\t\t\t\t\t\t\t\t\t\t\t\t\t\t\t\t\t\t\t\n\t\n\n\n\n\t\t\t\t\t\t\t\t\t\t\t\t\t\t\t\n\n\n\t\t\t<picture>\n\t\t\t<source srcset=\"\n\t\t\t\thttps:\/\/www.thereveriesaigon.com\/wp-content\/uploads\/2026\/01\/748x427-Lifestyle_-300x171-379x0-c-default.webp 379w, \n\t\t\t\thttps:\/\/www.thereveriesaigon.com\/wp-content\/uploads\/2026\/01\/748x427-Lifestyle_-300x171-420x0-c-default.webp 420w, \n\t\t\t\thttps:\/\/www.thereveriesaigon.com\/wp-content\/uploads\/2026\/01\/748x427-Lifestyle_-768x0-c-default.webp 768w, \n\t\t\t\thttps:\/\/www.thereveriesaigon.com\/wp-content\/uploads\/2026\/01\/748x427-Lifestyle_-510x0-c-default.webp 1020w, \n\t\t\t\thttps:\/\/www.thereveriesaigon.com\/wp-content\/uploads\/2026\/01\/748x427-Lifestyle_-800x0-c-default.webp 1600w, \n\t\t\t\thttps:\/\/www.thereveriesaigon.com\/wp-content\/uploads\/2026\/01\/748x427-Lifestyle_-960x0-c-default.webp 1900w,\"\n\t\t\t\tsizes=\"100vw\" alt=\"\" type=\"image\/webp\">\n\t\t\t\t\t\t<img decoding=\"async\" src=\"https:\/\/www.thereveriesaigon.com\/wp-content\/uploads\/2026\/01\/748x427-Lifestyle_.jpg\" alt=\"\" class=\"m-res-h bg-primary div-fill-soft row-600 m-row-200 m-w-100 block\" loading=\"lazy\">\n\t\t<\/picture>\n\t\t\t\t\t\t\t\t\t\t\t\n\t\t\t\t\n\t\t\t\t\t\t\t\t\n\t\t\t\t\t\t\t<\/div>\n\t\t<\/div>\n\t\t\t<div class=\"landscape-image-text-block site-width flex justify-end flex-row-reverse  gap-135 m-flex-wrap m-gap-0 m-flex-column-reverse  mv-140 align-items-center static-posttype-listing-block inherit-link\" data-type=\"organism\">\n\t\t\t<div class=\"col col-420 m-w-100\" data-animation=\"text-animation-1\">\n\t\t\t\t\t\t\t\t\n\t\t\t\t\n               \t<h2 class=\"fs-40 ff-2 i-gold\">C\u00e0 Ph\u00ea &#038; Tr\u00e0<\/h2>\n\t\t\t\t<p>Th\u01b0\u1edfng th\u1ee9c tinh hoa trong b\u1ed9 s\u01b0u t\u1eadp c\u00e0 ph\u00ea v\u00e0 tr\u00e0 \u0111\u1eb7c s\u1eafc, n\u01a1i m\u1ed7i h\u1ea1t c\u00e0 ph\u00ea &#038; m\u1ed7i l\u00e1 tr\u00e0 \u0111\u1ec1u \u0111\u01b0\u1ee3c ch\u1eaft l\u1ecdc t\u1eeb nh\u1eefng \u0111\u1ed3n&hellip;<\/p>\n\n\t\t\t\t\n\t\t\t\t\n\t\t\t\t\n\t\t\t\t\n\t\t\t\t\n\t\t\t\t\t\t\t\t\t<a href=\"https:\/\/www.thereveriesaigon.com\/vi\/boutique\/ca-phe-tra\/\" class=\"btn\">Kh\u00e1m Ph\u00e1<\/a>\n\t\t\t\t                                \n\t\t\t<\/div>\n\t\t\t<div class=\"col-1055 align-self-stretch m-w-100 flex gap-36 m-mb-30\" data-animation=\"image-animation-2\">\n\t\t\t\t\t\t\t\t\t\t\t\t\t\t\t\t\t\t\t\t\t\n\t\n\n\n\n\t\t\t\t\t\t\t\t\t\t\t\t\t\t\t\n\n\n\t\t\t<picture>\n\t\t\t<source srcset=\"\n\t\t\t\thttps:\/\/www.thereveriesaigon.com\/wp-content\/uploads\/2026\/01\/748x427-Tea-Coffee-300x171-379x0-c-default.webp 379w, \n\t\t\t\thttps:\/\/www.thereveriesaigon.com\/wp-content\/uploads\/2026\/01\/748x427-Tea-Coffee-300x171-420x0-c-default.webp 420w, \n\t\t\t\thttps:\/\/www.thereveriesaigon.com\/wp-content\/uploads\/2026\/01\/748x427-Tea-Coffee-768x0-c-default.webp 768w, \n\t\t\t\thttps:\/\/www.thereveriesaigon.com\/wp-content\/uploads\/2026\/01\/748x427-Tea-Coffee-510x0-c-default.webp 1020w, \n\t\t\t\thttps:\/\/www.thereveriesaigon.com\/wp-content\/uploads\/2026\/01\/748x427-Tea-Coffee-800x0-c-default.webp 1600w, \n\t\t\t\thttps:\/\/www.thereveriesaigon.com\/wp-content\/uploads\/2026\/01\/748x427-Tea-Coffee-960x0-c-default.webp 1900w,\"\n\t\t\t\tsizes=\"100vw\" alt=\"\" type=\"image\/webp\">\n\t\t\t\t\t\t<img decoding=\"async\" src=\"https:\/\/www.thereveriesaigon.com\/wp-content\/uploads\/2026\/01\/748x427-Tea-Coffee.jpg\" alt=\"\" class=\"m-res-h bg-primary div-fill-soft row-600 m-row-200 m-w-100 block\" loading=\"lazy\">\n\t\t<\/picture>\n\t\t\t\t\t\t\t\t\t\t\t\n\t\t\t\t\n\t\t\t\t\t\t\t\t\n\t\t\t\t\t\t\t<\/div>\n\t\t<\/div>\n\t\t\t<div class=\"landscape-image-text-block site-width flex justify-end   gap-135 m-flex-wrap m-gap-0 m-flex-column-reverse  mv-140 align-items-center static-posttype-listing-block inherit-link\" data-type=\"organism\">\n\t\t\t<div class=\"col col-420 m-w-100\" data-animation=\"text-animation-1\">\n\t\t\t\t\t\t\t\t\n\t\t\t\t\n               \t<h2 class=\"fs-40 ff-2 i-gold\">B\u00e1nh Kem<\/h2>\n\t\t\t\t<p>G\u00f3i tr\u1ecdn ni\u1ec1m vui v\u00e0o nh\u1eefng chi\u1ebfc b\u00e1nh kh\u00f4ng ch\u1ec9 s\u1edf h\u1eefu v\u1ebb ngo\u00e0i l\u1ed9ng l\u1eaby m\u00e0 c\u00f2n mang \u0111\u1ebfn h\u01b0\u01a1ng v\u1ecb kh\u00f3 c\u01b0\u1ee1ng, ho\u00e0n h\u1ea3o cho d\u1ecbp \u0111\u1eb7c bi\u1ec7t<\/p>\n\n\t\t\t\t\n\t\t\t\t\n\t\t\t\t\n\t\t\t\t\n\t\t\t\t\n\t\t\t\t\t\t\t\t\t<a href=\"https:\/\/www.thereveriesaigon.com\/vi\/boutique\/banh-kem-2\/\" class=\"btn\">Kh\u00e1m Ph\u00e1<\/a>\n\t\t\t\t                                \n\t\t\t<\/div>\n\t\t\t<div class=\"col-1055 align-self-stretch m-w-100 flex gap-36 m-mb-30\" data-animation=\"image-animation-2\">\n\t\t\t\t\t\t\t\t\t\t\t\t\t\t\t\t\t\t\t\t\t\n\t\n\n\n\n\t\t\t\t\t\t\t\t\t\t\t\t\t\t\t\n\n\n\t\t\t<picture>\n\t\t\t<source srcset=\"\n\t\t\t\thttps:\/\/www.thereveriesaigon.com\/wp-content\/uploads\/2026\/01\/thumbnail_748x427px_Cake-Pastry-300x171-379x0-c-default.webp 379w, \n\t\t\t\thttps:\/\/www.thereveriesaigon.com\/wp-content\/uploads\/2026\/01\/thumbnail_748x427px_Cake-Pastry-300x171-420x0-c-default.webp 420w, \n\t\t\t\thttps:\/\/www.thereveriesaigon.com\/wp-content\/uploads\/2026\/01\/thumbnail_748x427px_Cake-Pastry-768x0-c-default.webp 768w, \n\t\t\t\thttps:\/\/www.thereveriesaigon.com\/wp-content\/uploads\/2026\/01\/thumbnail_748x427px_Cake-Pastry-510x0-c-default.webp 1020w, \n\t\t\t\thttps:\/\/www.thereveriesaigon.com\/wp-content\/uploads\/2026\/01\/thumbnail_748x427px_Cake-Pastry-800x0-c-default.webp 1600w, \n\t\t\t\thttps:\/\/www.thereveriesaigon.com\/wp-content\/uploads\/2026\/01\/thumbnail_748x427px_Cake-Pastry-960x0-c-default.webp 1900w,\"\n\t\t\t\tsizes=\"100vw\" alt=\"\" type=\"image\/webp\">\n\t\t\t\t\t\t<img decoding=\"async\" src=\"https:\/\/www.thereveriesaigon.com\/wp-content\/uploads\/2026\/01\/thumbnail_748x427px_Cake-Pastry.jpg\" alt=\"\" class=\"m-res-h bg-primary div-fill-soft row-600 m-row-200 m-w-100 block\" loading=\"lazy\">\n\t\t<\/picture>\n\t\t\t\t\t\t\t\t\t\t\t\n\t\t\t\t\n\t\t\t\t\t\t\t\t\n\t\t\t\t\t\t\t<\/div>\n\t\t<\/div>\n\t\t\t<div class=\"landscape-image-text-block site-width flex justify-end flex-row-reverse  gap-135 m-flex-wrap m-gap-0 m-flex-column-reverse  mv-140 align-items-center static-posttype-listing-block inherit-link\" data-type=\"organism\">\n\t\t\t<div class=\"col col-420 m-w-100\" data-animation=\"text-animation-1\">\n\t\t\t\t\t\t\t\t\n\t\t\t\t\n               \t<h2 class=\"fs-40 ff-2 i-gold\">S\u00f4-c\u00f4-la &#038; B\u00e1nh Macaron<\/h2>\n\t\t\t\t<p>T\u1ef1 t\u1ea1o n\u00ean b\u1ed9 s\u01b0u t\u1eadp pralines ho\u1eb7c macarons c\u1ee7a ri\u00eang b\u1ea1n v\u1edbi quy c\u00e1ch \u0111\u00f3ng g\u00f3i ho\u00e0n h\u1ea3o. Kh\u00e1m ph\u00e1 th\u1ebf gi\u1edbi h\u01b0\u01a1ng v\u1ecb \u0111a d\u1ea1ng \u0111\u1ec3 l\u1ea5p \u0111\u1ea7y&hellip;<\/p>\n\n\t\t\t\t\n\t\t\t\t\n\t\t\t\t\n\t\t\t\t\n\t\t\t\t\n\t\t\t\t\t\t\t\t\t<a href=\"https:\/\/www.thereveriesaigon.com\/vi\/boutique\/so-co-la-banh-macaron\/\" class=\"btn\">Kh\u00e1m Ph\u00e1<\/a>\n\t\t\t\t                                \n\t\t\t<\/div>\n\t\t\t<div class=\"col-1055 align-self-stretch m-w-100 flex gap-36 m-mb-30\" data-animation=\"image-animation-2\">\n\t\t\t\t\t\t\t\t\t\t\t\t\t\t\t\t\t\t\t\t\t\n\t\n\n\n\n\t\t\t\t\t\t\t\t\t\t\t\t\t\t\t\n\n\n\t\t\t<picture>\n\t\t\t<source srcset=\"\n\t\t\t\thttps:\/\/www.thereveriesaigon.com\/wp-content\/uploads\/2026\/01\/748x427-Macarons-Chocolates-300x171-379x0-c-default.webp 379w, \n\t\t\t\thttps:\/\/www.thereveriesaigon.com\/wp-content\/uploads\/2026\/01\/748x427-Macarons-Chocolates-300x171-420x0-c-default.webp 420w, \n\t\t\t\thttps:\/\/www.thereveriesaigon.com\/wp-content\/uploads\/2026\/01\/748x427-Macarons-Chocolates-1024x585-768x0-c-default.webp 768w, \n\t\t\t\thttps:\/\/www.thereveriesaigon.com\/wp-content\/uploads\/2026\/01\/748x427-Macarons-Chocolates-1200x685-510x0-c-default.webp 1020w, \n\t\t\t\thttps:\/\/www.thereveriesaigon.com\/wp-content\/uploads\/2026\/01\/748x427-Macarons-Chocolates-2000x1142-800x0-c-default.webp 1600w, \n\t\t\t\thttps:\/\/www.thereveriesaigon.com\/wp-content\/uploads\/2026\/01\/748x427-Macarons-Chocolates-2000x1142-960x0-c-default.webp 1900w,\"\n\t\t\t\tsizes=\"100vw\" alt=\"\" type=\"image\/webp\">\n\t\t\t\t\t\t<img decoding=\"async\" src=\"https:\/\/www.thereveriesaigon.com\/wp-content\/uploads\/2026\/01\/748x427-Macarons-Chocolates-2000x1142.jpg\" alt=\"\" class=\"m-res-h bg-primary div-fill-soft row-600 m-row-200 m-w-100 block\" loading=\"lazy\">\n\t\t<\/picture>\n\t\t\t\t\t\t\t\t\t\t\t\n\t\t\t\t\n\t\t\t\t\t\t\t\t\n\t\t\t\t\t\t\t<\/div>\n\t\t<\/div>\n\t\t\t<div class=\"landscape-image-text-block site-width flex justify-end   gap-135 m-flex-wrap m-gap-0 m-flex-column-reverse  mv-140 align-items-center static-posttype-listing-block inherit-link\" data-type=\"organism\">\n\t\t\t<div class=\"col col-420 m-w-100\" data-animation=\"text-animation-1\">\n\t\t\t\t\t\t\t\t\n\t\t\t\t\n               \t<h2 class=\"fs-40 ff-2 i-gold\">B\u1ed9 Qu\u00e0 T\u1eb7ng<\/h2>\n\t\t\t\t<p>M\u00f3n qu\u00e0 k\u1ef7 ni\u1ec7m ho\u00e0n h\u1ea3o. B\u1ed9 qu\u00e0 t\u1eb7ng bao g\u1ed3m nh\u1eefng \u0111\u1eb7c s\u1ea3n Vi\u1ec7t \u0111\u01b0\u1ee3c tuy\u1ec3n ch\u1ecdn tinh t\u1ebf v\u1edbi l\u1ef1a ch\u1ecdn Champagne, Platinum Whisky ho\u1eb7c Prosecco.<\/p>\n\n\t\t\t\t\n\t\t\t\t\n\t\t\t\t\n\t\t\t\t\n\t\t\t\t\n\t\t\t\t\t\t\t\t\t<a href=\"https:\/\/www.thereveriesaigon.com\/vi\/boutique\/bo-qua-tang-2\/\" class=\"btn\">Kh\u00e1m Ph\u00e1<\/a>\n\t\t\t\t                                \n\t\t\t<\/div>\n\t\t\t<div class=\"col-1055 align-self-stretch m-w-100 flex gap-36 m-mb-30\" data-animation=\"image-animation-2\">\n\t\t\t\t\t\t\t\t\t\t\t\t\t\t\t\t\t\t\t\t\t\n\t\n\n\n\n\t\t\t\t\t\t\t\t\t\t\t\t\t\t\t\n\n\n\t\t\t<picture>\n\t\t\t<source srcset=\"\n\t\t\t\thttps:\/\/www.thereveriesaigon.com\/wp-content\/uploads\/2026\/01\/thumbnail_748x427px-2-300x171-379x0-c-default.webp 379w, \n\t\t\t\thttps:\/\/www.thereveriesaigon.com\/wp-content\/uploads\/2026\/01\/thumbnail_748x427px-2-300x171-420x0-c-default.webp 420w, \n\t\t\t\thttps:\/\/www.thereveriesaigon.com\/wp-content\/uploads\/2026\/01\/thumbnail_748x427px-2-768x0-c-default.webp 768w, \n\t\t\t\thttps:\/\/www.thereveriesaigon.com\/wp-content\/uploads\/2026\/01\/thumbnail_748x427px-2-510x0-c-default.webp 1020w, \n\t\t\t\thttps:\/\/www.thereveriesaigon.com\/wp-content\/uploads\/2026\/01\/thumbnail_748x427px-2-800x0-c-default.webp 1600w, \n\t\t\t\thttps:\/\/www.thereveriesaigon.com\/wp-content\/uploads\/2026\/01\/thumbnail_748x427px-2-960x0-c-default.webp 1900w,\"\n\t\t\t\tsizes=\"100vw\" alt=\"\" type=\"image\/webp\">\n\t\t\t\t\t\t<img decoding=\"async\" src=\"https:\/\/www.thereveriesaigon.com\/wp-content\/uploads\/2026\/01\/thumbnail_748x427px-2.jpg\" alt=\"\" class=\"m-res-h bg-primary div-fill-soft row-600 m-row-200 m-w-100 block\" loading=\"lazy\">\n\t\t<\/picture>\n\t\t\t\t\t\t\t\t\t\t\t\n\t\t\t\t\n\t\t\t\t\t\t\t\t\n\t\t\t\t\t\t\t<\/div>\n\t\t<\/div>\n\t\t\t<div class=\"landscape-image-text-block site-width flex justify-end flex-row-reverse  gap-135 m-flex-wrap m-gap-0 m-flex-column-reverse  mv-140 align-items-center static-posttype-listing-block inherit-link\" data-type=\"organism\">\n\t\t\t<div class=\"col col-420 m-w-100\" data-animation=\"text-animation-1\">\n\t\t\t\t\t\t\t\t\n\t\t\t\t\n               \t<h2 class=\"fs-40 ff-2 i-gold\">Phi\u1ebfu Qu\u00e0 T\u1eb7ng<\/h2>\n\t\t\t\t<p>Phi\u1ebfu qu\u00e0 t\u1eb7ng bao g\u1ed3m c\u00e1c tr\u1ea3i nghi\u1ec7m \u1ea9m th\u1ef1c \u0111\u1ec9nh cao t\u1ea1i The Reverie S\u00e0i G\u00f2n, th\u00edch h\u1ee3p g\u1eedi trao ng\u01b0\u1eddi th\u00e2n y\u00eau hay l\u00e0m qu\u00e0 t\u1eb7ng.<\/p>\n\n\t\t\t\t\n\t\t\t\t\n\t\t\t\t\n\t\t\t\t\n\t\t\t\t\n\t\t\t\t\t\t\t\t\t<a href=\"https:\/\/www.thereveriesaigon.com\/vi\/boutique\/phieu-qua-tang\/\" class=\"btn\">Kh\u00e1m Ph\u00e1<\/a>\n\t\t\t\t                                \n\t\t\t<\/div>\n\t\t\t<div class=\"col-1055 align-self-stretch m-w-100 flex gap-36 m-mb-30\" data-animation=\"image-animation-2\">\n\t\t\t\t\t\t\t\t\t\t\t\t\t\t\t\t\t\t\t\t\t\n\t\n\n\n\n\t\t\t\t\t\t\t\t\t\t\t\t\t\t\t\n\n\n\t\t\t<picture>\n\t\t\t<source srcset=\"\n\t\t\t\thttps:\/\/www.thereveriesaigon.com\/wp-content\/uploads\/2023\/02\/MKT_0499-2-300x200-379x0-c-default.webp 379w, \n\t\t\t\thttps:\/\/www.thereveriesaigon.com\/wp-content\/uploads\/2023\/02\/MKT_0499-2-300x200-420x0-c-default.webp 420w, \n\t\t\t\thttps:\/\/www.thereveriesaigon.com\/wp-content\/uploads\/2023\/02\/MKT_0499-2-1024x684-768x0-c-default.webp 768w, \n\t\t\t\thttps:\/\/www.thereveriesaigon.com\/wp-content\/uploads\/2023\/02\/MKT_0499-2-510x0-c-default.webp 1020w, \n\t\t\t\thttps:\/\/www.thereveriesaigon.com\/wp-content\/uploads\/2023\/02\/MKT_0499-2-800x0-c-default.webp 1600w, \n\t\t\t\thttps:\/\/www.thereveriesaigon.com\/wp-content\/uploads\/2023\/02\/MKT_0499-2-960x0-c-default.webp 1900w,\"\n\t\t\t\tsizes=\"100vw\" alt=\"TRB-vouchers\" type=\"image\/webp\">\n\t\t\t\t\t\t<img decoding=\"async\" src=\"https:\/\/www.thereveriesaigon.com\/wp-content\/uploads\/2023\/02\/MKT_0499-2.jpg\" alt=\"TRB-vouchers\" class=\"m-res-h bg-primary div-fill-soft row-600 m-row-200 m-w-100 block\" loading=\"lazy\">\n\t\t<\/picture>\n\t\t\t\t\t\t\t\t\t\t\t\n\t\t\t\t\n\t\t\t\t\t\t\t\t\n\t\t\t\t\t\t\t<\/div>\n\t\t<\/div>\n\t<\/div>","protected":false},"excerpt":{"rendered":"","protected":false},"author":1,"featured_media":0,"parent":0,"menu_order":46,"comment_status":"closed","ping_status":"closed","template":"","meta":{"_acf_changed":false,"inline_featured_image":false,"footnotes":""},"class_list":["post-12295","page","type-page","status-publish","hentry"],"acf":{"default":"is_default_theme","theme_type":"is_default_theme"},"yoast_head":"<!-- This site is optimized with the Yoast SEO plugin v27.0 - https:\/\/yoast.com\/product\/yoast-seo-wordpress\/ -->\n<title>The Reverie Saigon | The Reverie Boutique | \u0110\u1ecba \u0111i\u1ec3m \u1ea9m th\u1ef1c t\u1ea1i S\u00e0i G\u00f2n<\/title>\n<meta name=\"description\" content=\"Cho d\u00f9 \u0111\u00f3 l\u00e0 chi\u1ebfc b\u00e1nh croissant gi\u1ea3n \u0111\u01a1n hay ly c\u00e0 ph\u00ea Vi\u1ec7t Nam v\u00e0o bu\u1ed5i s\u00e1ng, m\u1ed9t chi\u1ebfc b\u00e1nh sandwich \u0111\u00fang \u0111i\u1ec7u, m\u00f3n salad t\u01b0\u01a1i m\u1edbi v\u00e0o bu\u1ed5i tr\u01b0a, hay b\u00e1nh ng\u1ecdt, sinh t\u1ed1 v\u00e0 kem ph\u1ee5c v\u1ee5 su\u1ed1t c\u1ea3 ng\u00e0y d\u00e0i\" \/>\n<meta name=\"robots\" content=\"index, follow, max-snippet:-1, max-image-preview:large, max-video-preview:-1\" \/>\n<link rel=\"canonical\" href=\"https:\/\/www.thereveriesaigon.com\/vi\/cua-hang-the-reverie-boutique-truc-tuyen\/\" \/>\n<meta property=\"og:locale\" content=\"vi_VN\" \/>\n<meta property=\"og:type\" content=\"article\" \/>\n<meta property=\"og:title\" content=\"The Reverie Saigon | The Reverie Boutique | \u0110\u1ecba \u0111i\u1ec3m \u1ea9m th\u1ef1c t\u1ea1i S\u00e0i G\u00f2n\" \/>\n<meta property=\"og:description\" content=\"Cho d\u00f9 \u0111\u00f3 l\u00e0 chi\u1ebfc b\u00e1nh croissant gi\u1ea3n \u0111\u01a1n hay ly c\u00e0 ph\u00ea Vi\u1ec7t Nam v\u00e0o bu\u1ed5i s\u00e1ng, m\u1ed9t chi\u1ebfc b\u00e1nh sandwich \u0111\u00fang \u0111i\u1ec7u, m\u00f3n salad t\u01b0\u01a1i m\u1edbi v\u00e0o bu\u1ed5i tr\u01b0a, hay b\u00e1nh ng\u1ecdt, sinh t\u1ed1 v\u00e0 kem ph\u1ee5c v\u1ee5 su\u1ed1t c\u1ea3 ng\u00e0y d\u00e0i\" \/>\n<meta property=\"og:url\" content=\"https:\/\/www.thereveriesaigon.com\/vi\/cua-hang-the-reverie-boutique-truc-tuyen\/\" \/>\n<meta property=\"og:site_name\" content=\"The Reverie Saigon\" \/>\n<meta property=\"article:modified_time\" content=\"2026-02-02T10:03:26+00:00\" \/>\n<meta name=\"twitter:card\" content=\"summary_large_image\" \/>\n<script type=\"application\/ld+json\" class=\"yoast-schema-graph\">{\"@context\":\"https:\/\/schema.org\",\"@graph\":[{\"@type\":\"WebPage\",\"@id\":\"https:\/\/www.thereveriesaigon.com\/vi\/cua-hang-the-reverie-boutique-truc-tuyen\/\",\"url\":\"https:\/\/www.thereveriesaigon.com\/vi\/cua-hang-the-reverie-boutique-truc-tuyen\/\",\"name\":\"The Reverie Saigon | The Reverie Boutique | \u0110\u1ecba \u0111i\u1ec3m \u1ea9m th\u1ef1c t\u1ea1i S\u00e0i G\u00f2n\",\"isPartOf\":{\"@id\":\"https:\/\/www.thereveriesaigon.com\/#website\"},\"datePublished\":\"2021-11-17T15:42:36+00:00\",\"dateModified\":\"2026-02-02T10:03:26+00:00\",\"description\":\"Cho d\u00f9 \u0111\u00f3 l\u00e0 chi\u1ebfc b\u00e1nh croissant gi\u1ea3n \u0111\u01a1n hay ly c\u00e0 ph\u00ea Vi\u1ec7t Nam v\u00e0o bu\u1ed5i s\u00e1ng, m\u1ed9t chi\u1ebfc b\u00e1nh sandwich \u0111\u00fang \u0111i\u1ec7u, m\u00f3n salad t\u01b0\u01a1i m\u1edbi v\u00e0o bu\u1ed5i tr\u01b0a, hay b\u00e1nh ng\u1ecdt, sinh t\u1ed1 v\u00e0 kem ph\u1ee5c v\u1ee5 su\u1ed1t c\u1ea3 ng\u00e0y d\u00e0i\",\"inLanguage\":\"vi-VN\",\"potentialAction\":[{\"@type\":\"ReadAction\",\"target\":[\"https:\/\/www.thereveriesaigon.com\/vi\/cua-hang-the-reverie-boutique-truc-tuyen\/\"]}]},{\"@type\":\"WebSite\",\"@id\":\"https:\/\/www.thereveriesaigon.com\/#website\",\"url\":\"https:\/\/www.thereveriesaigon.com\/\",\"name\":\"The Reverie Saigon\",\"description\":\"\",\"publisher\":{\"@id\":\"https:\/\/www.thereveriesaigon.com\/#organization\"},\"potentialAction\":[{\"@type\":\"SearchAction\",\"target\":{\"@type\":\"EntryPoint\",\"urlTemplate\":\"https:\/\/www.thereveriesaigon.com\/?s={search_term_string}\"},\"query-input\":{\"@type\":\"PropertyValueSpecification\",\"valueRequired\":true,\"valueName\":\"search_term_string\"}}],\"inLanguage\":\"vi-VN\"},{\"@type\":\"Organization\",\"@id\":\"https:\/\/www.thereveriesaigon.com\/#organization\",\"name\":\"The Reverie Saigon\",\"url\":\"https:\/\/www.thereveriesaigon.com\/\",\"logo\":{\"@type\":\"ImageObject\",\"inLanguage\":\"vi-VN\",\"@id\":\"https:\/\/www.thereveriesaigon.com\/#\/schema\/logo\/image\/\",\"url\":\"https:\/\/www.thereveriesaigon.com\/wp-content\/uploads\/2021\/11\/TRS-Master-Wine-List-5.pdf2021\/11\/TRS-Master-Wine-List-4.pdf2021\/11\/TRS-Master-Wine-List-5.pdf2021\/11\/Thousands-of-Shining-Star-3.pdf2021\/11\/Thousands-of-Shining-Star-4.pdf2021\/11\/Thousands-of-Shining-Star.pdf2021\/11\/Chef-Wong-s-Recommendation-August.pdf2022\/11\/Truffle-menu---Caf-Cardinal.pdf2022\/11\/Truffle-menu---Da-Vittorio-Saigon.pdf2021\/10\/The-Reverie-Logo.jpg\",\"contentUrl\":\"https:\/\/www.thereveriesaigon.com\/wp-content\/uploads\/2021\/11\/TRS-Master-Wine-List-5.pdf2021\/11\/TRS-Master-Wine-List-4.pdf2021\/11\/TRS-Master-Wine-List-5.pdf2021\/11\/Thousands-of-Shining-Star-3.pdf2021\/11\/Thousands-of-Shining-Star-4.pdf2021\/11\/Thousands-of-Shining-Star.pdf2021\/11\/Chef-Wong-s-Recommendation-August.pdf2022\/11\/Truffle-menu---Caf-Cardinal.pdf2022\/11\/Truffle-menu---Da-Vittorio-Saigon.pdf2021\/10\/The-Reverie-Logo.jpg\",\"width\":2000,\"height\":1597,\"caption\":\"The Reverie Saigon\"},\"image\":{\"@id\":\"https:\/\/www.thereveriesaigon.com\/#\/schema\/logo\/image\/\"}}]}<\/script>\n<!-- \/ Yoast SEO plugin. -->","yoast_head_json":{"title":"The Reverie Saigon | The Reverie Boutique | \u0110\u1ecba \u0111i\u1ec3m \u1ea9m th\u1ef1c t\u1ea1i S\u00e0i G\u00f2n","description":"Cho d\u00f9 \u0111\u00f3 l\u00e0 chi\u1ebfc b\u00e1nh croissant gi\u1ea3n \u0111\u01a1n hay ly c\u00e0 ph\u00ea Vi\u1ec7t Nam v\u00e0o bu\u1ed5i s\u00e1ng, m\u1ed9t chi\u1ebfc b\u00e1nh sandwich \u0111\u00fang \u0111i\u1ec7u, m\u00f3n salad t\u01b0\u01a1i m\u1edbi v\u00e0o bu\u1ed5i tr\u01b0a, hay b\u00e1nh ng\u1ecdt, sinh t\u1ed1 v\u00e0 kem ph\u1ee5c v\u1ee5 su\u1ed1t c\u1ea3 ng\u00e0y d\u00e0i","robots":{"index":"index","follow":"follow","max-snippet":"max-snippet:-1","max-image-preview":"max-image-preview:large","max-video-preview":"max-video-preview:-1"},"canonical":"https:\/\/www.thereveriesaigon.com\/vi\/cua-hang-the-reverie-boutique-truc-tuyen\/","og_locale":"vi_VN","og_type":"article","og_title":"The Reverie Saigon | The Reverie Boutique | \u0110\u1ecba \u0111i\u1ec3m \u1ea9m th\u1ef1c t\u1ea1i S\u00e0i G\u00f2n","og_description":"Cho d\u00f9 \u0111\u00f3 l\u00e0 chi\u1ebfc b\u00e1nh croissant gi\u1ea3n \u0111\u01a1n hay ly c\u00e0 ph\u00ea Vi\u1ec7t Nam v\u00e0o bu\u1ed5i s\u00e1ng, m\u1ed9t chi\u1ebfc b\u00e1nh sandwich \u0111\u00fang \u0111i\u1ec7u, m\u00f3n salad t\u01b0\u01a1i m\u1edbi v\u00e0o bu\u1ed5i tr\u01b0a, hay b\u00e1nh ng\u1ecdt, sinh t\u1ed1 v\u00e0 kem ph\u1ee5c v\u1ee5 su\u1ed1t c\u1ea3 ng\u00e0y d\u00e0i","og_url":"https:\/\/www.thereveriesaigon.com\/vi\/cua-hang-the-reverie-boutique-truc-tuyen\/","og_site_name":"The Reverie Saigon","article_modified_time":"2026-02-02T10:03:26+00:00","twitter_card":"summary_large_image","schema":{"@context":"https:\/\/schema.org","@graph":[{"@type":"WebPage","@id":"https:\/\/www.thereveriesaigon.com\/vi\/cua-hang-the-reverie-boutique-truc-tuyen\/","url":"https:\/\/www.thereveriesaigon.com\/vi\/cua-hang-the-reverie-boutique-truc-tuyen\/","name":"The Reverie Saigon | The Reverie Boutique | \u0110\u1ecba \u0111i\u1ec3m \u1ea9m th\u1ef1c t\u1ea1i S\u00e0i G\u00f2n","isPartOf":{"@id":"https:\/\/www.thereveriesaigon.com\/#website"},"datePublished":"2021-11-17T15:42:36+00:00","dateModified":"2026-02-02T10:03:26+00:00","description":"Cho d\u00f9 \u0111\u00f3 l\u00e0 chi\u1ebfc b\u00e1nh croissant gi\u1ea3n \u0111\u01a1n hay ly c\u00e0 ph\u00ea Vi\u1ec7t Nam v\u00e0o bu\u1ed5i s\u00e1ng, m\u1ed9t chi\u1ebfc b\u00e1nh sandwich \u0111\u00fang \u0111i\u1ec7u, m\u00f3n salad t\u01b0\u01a1i m\u1edbi v\u00e0o bu\u1ed5i tr\u01b0a, hay b\u00e1nh ng\u1ecdt, sinh t\u1ed1 v\u00e0 kem ph\u1ee5c v\u1ee5 su\u1ed1t c\u1ea3 ng\u00e0y d\u00e0i","inLanguage":"vi-VN","potentialAction":[{"@type":"ReadAction","target":["https:\/\/www.thereveriesaigon.com\/vi\/cua-hang-the-reverie-boutique-truc-tuyen\/"]}]},{"@type":"WebSite","@id":"https:\/\/www.thereveriesaigon.com\/#website","url":"https:\/\/www.thereveriesaigon.com\/","name":"The Reverie Saigon","description":"","publisher":{"@id":"https:\/\/www.thereveriesaigon.com\/#organization"},"potentialAction":[{"@type":"SearchAction","target":{"@type":"EntryPoint","urlTemplate":"https:\/\/www.thereveriesaigon.com\/?s={search_term_string}"},"query-input":{"@type":"PropertyValueSpecification","valueRequired":true,"valueName":"search_term_string"}}],"inLanguage":"vi-VN"},{"@type":"Organization","@id":"https:\/\/www.thereveriesaigon.com\/#organization","name":"The Reverie Saigon","url":"https:\/\/www.thereveriesaigon.com\/","logo":{"@type":"ImageObject","inLanguage":"vi-VN","@id":"https:\/\/www.thereveriesaigon.com\/#\/schema\/logo\/image\/","url":"https:\/\/www.thereveriesaigon.com\/wp-content\/uploads\/2021\/11\/TRS-Master-Wine-List-5.pdf2021\/11\/TRS-Master-Wine-List-4.pdf2021\/11\/TRS-Master-Wine-List-5.pdf2021\/11\/Thousands-of-Shining-Star-3.pdf2021\/11\/Thousands-of-Shining-Star-4.pdf2021\/11\/Thousands-of-Shining-Star.pdf2021\/11\/Chef-Wong-s-Recommendation-August.pdf2022\/11\/Truffle-menu---Caf-Cardinal.pdf2022\/11\/Truffle-menu---Da-Vittorio-Saigon.pdf2021\/10\/The-Reverie-Logo.jpg","contentUrl":"https:\/\/www.thereveriesaigon.com\/wp-content\/uploads\/2021\/11\/TRS-Master-Wine-List-5.pdf2021\/11\/TRS-Master-Wine-List-4.pdf2021\/11\/TRS-Master-Wine-List-5.pdf2021\/11\/Thousands-of-Shining-Star-3.pdf2021\/11\/Thousands-of-Shining-Star-4.pdf2021\/11\/Thousands-of-Shining-Star.pdf2021\/11\/Chef-Wong-s-Recommendation-August.pdf2022\/11\/Truffle-menu---Caf-Cardinal.pdf2022\/11\/Truffle-menu---Da-Vittorio-Saigon.pdf2021\/10\/The-Reverie-Logo.jpg","width":2000,"height":1597,"caption":"The Reverie Saigon"},"image":{"@id":"https:\/\/www.thereveriesaigon.com\/#\/schema\/logo\/image\/"}}]}},"_links":{"self":[{"href":"https:\/\/www.thereveriesaigon.com\/vi\/wp-json\/wp\/v2\/pages\/12295","targetHints":{"allow":["GET"]}}],"collection":[{"href":"https:\/\/www.thereveriesaigon.com\/vi\/wp-json\/wp\/v2\/pages"}],"about":[{"href":"https:\/\/www.thereveriesaigon.com\/vi\/wp-json\/wp\/v2\/types\/page"}],"author":[{"embeddable":true,"href":"https:\/\/www.thereveriesaigon.com\/vi\/wp-json\/wp\/v2\/users\/1"}],"replies":[{"embeddable":true,"href":"https:\/\/www.thereveriesaigon.com\/vi\/wp-json\/wp\/v2\/comments?post=12295"}],"version-history":[{"count":4,"href":"https:\/\/www.thereveriesaigon.com\/vi\/wp-json\/wp\/v2\/pages\/12295\/revisions"}],"predecessor-version":[{"id":46063,"href":"https:\/\/www.thereveriesaigon.com\/vi\/wp-json\/wp\/v2\/pages\/12295\/revisions\/46063"}],"wp:attachment":[{"href":"https:\/\/www.thereveriesaigon.com\/vi\/wp-json\/wp\/v2\/media?parent=12295"}],"curies":[{"name":"wp","href":"https:\/\/api.w.org\/{rel}","templated":true}]}}