{"id":12379,"date":"2022-09-09T11:45:00","date_gmt":"2022-09-09T10:45:00","guid":{"rendered":"https:\/\/www.thereveriesaigon.com\/spa-phong-tap-the-hinh\/trung-tam-the-hinh-ho-boi\/"},"modified":"2025-10-30T03:33:17","modified_gmt":"2025-10-30T03:33:17","slug":"trung-tam-the-hinh-ho-boi","status":"publish","type":"page","link":"https:\/\/www.thereveriesaigon.com\/vi\/spa-phong-tap-the-hinh\/trung-tam-the-hinh-ho-boi\/","title":{"rendered":"Trung T\u00e2m Th\u1ec3 H\u00ecnh &#038; H\u1ed3 B\u01a1i"},"content":{"rendered":"<div data-type=\"organism\" data-temp=\"header-image-block.twig\" class=\"header-image-block \">\n    <div class=\"bg-secondary relative\">\n        <div class=\"site-width flex justify-center flex-column vh-90 \">\n                        <h1 class=\"fs-120 ff-2 t-shadow c-white relative z-20\">\n               <i class=\"fs-110\">The Reverie Saigon<\/i><br>\n               <span>Trung T\u00e2m Th\u1ec3 H\u00ecnh &#038; H\u1ed3 B\u01a1i<\/span>\n            <\/h1> \n                        \n        <\/div>\n\n        \n\t \n\t \n\t\t \n\t \n\n\n\n\n\n\n\n\t\t\t<picture>\n\t\t\t<source srcset=\"\n\t\t\t\thttps:\/\/www.thereveriesaigon.com\/wp-content\/uploads\/2021\/10\/pool-night-purple-f-the-reverie-saigon-300x169.jpg 379w, \n\t\t\t\thttps:\/\/www.thereveriesaigon.com\/wp-content\/uploads\/2021\/10\/pool-night-purple-f-the-reverie-saigon-300x169.jpg 420w, \n\t\t\t\thttps:\/\/www.thereveriesaigon.com\/wp-content\/uploads\/2021\/10\/pool-night-purple-f-the-reverie-saigon-1024x576.jpg 768w, \n\t\t\t\thttps:\/\/www.thereveriesaigon.com\/wp-content\/uploads\/2021\/10\/pool-night-purple-f-the-reverie-saigon-1200x675.jpg 1020w, \n\t\t\t\thttps:\/\/www.thereveriesaigon.com\/wp-content\/uploads\/2021\/10\/pool-night-purple-f-the-reverie-saigon.jpg 1600w, \n\t\t\t\thttps:\/\/www.thereveriesaigon.com\/wp-content\/uploads\/2021\/10\/pool-night-purple-f-the-reverie-saigon.jpg 1900w,\"\n\t\t\t\tsizes=\"100vw\" alt=\"The Reverie Saigon | The Spa | Swimming Pool\" type=\"image\/webp\">\n\t\t\t\t\t\t<img decoding=\"async\" src=\"https:\/\/www.thereveriesaigon.com\/wp-content\/uploads\/2021\/10\/pool-night-purple-f-the-reverie-saigon.jpg\" alt=\"The Reverie Saigon | The Spa | Swimming Pool\" class=\"div-fill absolute z-10\"  loading=\"lazy\">\n\t\t<\/picture>\n\t    <\/div>\n<\/div>\n\n<div class=\"introduction-and-table-block site-width flex justify-between gap-135 m-flex-wrap m-gap-0 flex-row-reverse m-flex-column-reverse mv-140 align-items-center\" data-type=\"organism\" data-temp=\"introduction-and-award-block.twig\">\n\t<div class=\"m-w-100 col-675 align-self-stretch flex flex-column\">\n\n\t\t<!-- Retrieve ACF values from retrieved post type -->\n\t\n\t\n\t\t<div class=\"flex flex-column w-100 mt-30\">\n\t\t\t\n\n    <ol class=\"data-table-repeater small-data-table\">\n                    <li class=\"flex\">\n                <span class=\"column left text-left\">\n                    <b>\u0110\u1ecaA \u0110I\u1ec2M<\/b>\n                <\/span>\n                <span class=\"column right text-left\">\n                      T\u1ea7ng 6\n                <\/span>\n            <\/li>\n                    <li class=\"flex\">\n                <span class=\"column left text-left\">\n                    <b>Gi\u1edd Ho\u1ea1t \u0110\u1ed9ng Ph\u00f2ng Th\u1ec3 H\u00ecnh<\/b>\n                <\/span>\n                <span class=\"column right text-left\">\n                      6:00 \u2013 22:00\n                <\/span>\n            <\/li>\n                    <li class=\"flex\">\n                <span class=\"column left text-left\">\n                    <b> <\/b>\n                <\/span>\n                <span class=\"column right text-left\">\n                      *Vui l\u00f2ng g\u1ecdi s\u1ed1 &#8220;0&#8221; sau gi\u1edd ho\u1ea1t \u0111\u1ed9ng\n                <\/span>\n            <\/li>\n                    <li class=\"flex\">\n                <span class=\"column left text-left\">\n                    <b>Gi\u1edd Ho\u1ea1t \u0110\u1ed9ng H\u1ed3 B\u01a1i<\/b>\n                <\/span>\n                <span class=\"column right text-left\">\n                      6:00 \u2013 22:00\n                <\/span>\n            <\/li>\n                    <li class=\"flex\">\n                <span class=\"column left text-left\">\n                    <b> <\/b>\n                <\/span>\n                <span class=\"column right text-left\">\n                      *C\u00f3 nh\u00e2n vi\u00ean c\u1ee9u h\u1ed9\n                <\/span>\n            <\/li>\n                    <li class=\"flex\">\n                <span class=\"column left text-left\">\n                    <b><\/b>\n                <\/span>\n                <span class=\"column right text-left\">\n                      *Vui l\u00f2ng g\u1ecdi s\u1ed1 &#8220;0&#8221; sau gi\u1edd ho\u1ea1t \u0111\u1ed9ng\n                <\/span>\n            <\/li>\n            <\/ol>\n\t\t<\/div>\n\n\t\t<div class=\"flex w-100 ls-none\">\n\t\t\t<div class=\"w-33\"><\/div>\n\t\t\t<div class=\"w-66\">\n\t\t\t\t<!-- Add Standard Text -->\n\t\t\t<\/div>\n\t\t<\/div>\n\t<\/div>\n\t<div class=\"col col-865\">\n\t\t\n\t\t<!-- Retrieve Text -->\n\t\t<span data-type=\"molecule\" data-temp=\"text.twig\" class=\"molecule-text\">\n<!-- Add Standard Text -->\n<div class=\"col c12 left-content\">\n<div class=\"left-internal\">\n<p class=\"fs-40 ff-2 i-gold\">C\u00f9ng v\u1edbi The Spa, t\u1ea7ng 6 c\u00f2n l\u00e0 trung t\u00e2m th\u1ec3 h\u00ecnh \u1ea5n t\u01b0\u1ee3ng nh\u1ea5t Th\u00e0nh ph\u1ed1 H\u1ed3 Ch\u00ed Minh. V\u1edbi di\u1ec7n t\u00edch 120 m\u00e9t vu\u00f4ng, ph\u00f2ng t\u1eadp c\u1ea1nh h\u1ed3 b\u01a1i n\u00e0y \u0111\u01b0\u1ee3c trang b\u1ecb c\u00e1c m\u00e1y t\u1eadp cardio ARTIS d\u00f2ng m\u1edbi nh\u1ea5t c\u1ee7a TechnoGym c\u00f3 b\u1ea3ng \u0111i\u1ec1u khi\u1ec3n h\u1ed7 tr\u1ee3 Wi-Fi \u0111\u1ec3 k\u1ebft n\u1ed1i li\u1ec1n m\u1ea1ch v\u1edbi \u0111i\u1ec7n tho\u1ea1i th\u00f4ng minh v\u00e0 iPod.<\/p>\n<p>T\u1ea1i t\u1ea7ng 6 c\u00f2n c\u00f3 kh\u00f4ng gian ngo\u00e0i tr\u1eddi, n\u01a1i c\u00f3 hai b\u1ec3 ng\u00e2m v\u00e0 h\u1ed3 b\u01a1i d\u00e0i 24 m\u00e9t \u0111\u01b0\u1ee3c trang tr\u00ed v\u1edbi g\u1ea1ch l\u00e1t n\u1ec1n \u0111\u1ed9c \u0111\u00e1o c\u1ee7a Sicis, \u00dd. H\u1ed3 b\u01a1i \u0111\u01b0\u1ee3c l\u1eafp \u0111\u1eb7t m\u1ed9t h\u1ec7 th\u1ed1ng t\u1ea1o ra \u00f4z\u00f4n \u0111\u1ec3 gi\u1eef n\u01b0\u1edbc s\u1ea1ch v\u00e0 m\u00e1t c\u00f9ng h\u1ec7 th\u1ed1ng nh\u1ea1c d\u01b0\u1edbi n\u01b0\u1edbc.<\/p>\n<p>T\u1eeb 18:00 m\u1ed7i t\u1ed1i qu\u00fd kh\u00e1ch c\u00f2n c\u00f3 th\u1ec3 tr\u1ea3i nghi\u1ec7m \u00e1nh s\u00e1ng ngh\u1ec7 thu\u1eadt \u0111\u01b0\u1ee3c l\u1eafp \u0111\u1eb7t b\u00ean d\u01b0\u1edbi h\u1ed3 b\u01a1i.<\/p>\n<\/div>\n<\/div>\n<div class=\"flex flex-wrap gap-36 m-inherit btn-parent\"><\/div>\n\n\n<!-- Handle Download, External and Internal Links -->\n<div class=\"flex flex-wrap gap-36 m-inherit btn-parent\">\n\t\t\t<a class=\"btn fill\" \n\t\t\thref=\"\t\t\t\t\t\t\t\t\" \n\t\t\t\t\n\t\t\t\t\n\t\t\t\t\t\t\t\t>\n\t\t\tTr\u1edf v\u1ec1 trang Spa &#038; Ph\u00f2ng t\u1eadp\n\t\t<\/a>\n\t<\/div><\/span>\n\t<\/div>\n<\/div>\t\n\n<div class=\"separator-block site-width\" data-type=\"organism\" data-temp=\"introduction-and-award-block.twig\">\n    <div class=\"inner relative w-100\">\n        <div class=\"seperator-badge absolute\">\n          \n        <\/div>\n    <\/div>\n<\/div>\n\n\n\n<div class=\"square-image-text-block site-width flex justify-end gap-36 m-flex-wrap m-gap-0  m-flex-column-reverse mv-140 align-items-center square-image-text-block default\" data-type=\"organism\" data-temp=\"square-image-text-block.twig\">\n\t<div class=\"col col-780 m-w-100 pr-100 m-pr-0\">\n\t\t<span data-type=\"molecule\" data-temp=\"text.twig\" class=\"molecule-text\">\n<!-- Add Standard Text -->\n<p>CH\u00c0O NG\u00c0Y M\u1edaI C\u00d9NG YOGA T\u1ea0I THE REVERIE SAIGON<\/p>\n<p class=\"fs-40 ff-2 i-gold\">H\u00f2a m\u00ecnh v\u00e0o kh\u00f4ng kh\u00ed thanh b\u00ecnh c\u1ee7a bu\u1ed5i s\u1edbm mai c\u00f9ng tr\u1ea3i nghi\u1ec7m <em>Yoga <\/em>mi\u1ec5n ph\u00ed d\u00e0nh ri\u00eang cho kh\u00e1ch l\u01b0u tr\u00fa t\u1ea1i kh\u00e1ch s\u1ea1n.<\/p>\n<p>C\u00e1c \u0111\u1ed9ng t\u00e1c yoga \u0111\u01b0\u1ee3c h\u01b0\u1edbng d\u1eabn b\u1edfi<br \/>\n<em>Chuy\u00ean gia Wellness<\/em> s\u1ebd \u0111\u01b0a c\u01a1 th\u1ec3 v\u00e0 t\u00e2m tr\u00ed b\u1ea1n v\u1ec1 tr\u1ea1ng th\u00e1i c\u00e2n b\u1eb1ng ho\u00e0n h\u1ea3o, mang \u0111\u1ebfn ngu\u1ed3n n\u0103ng l\u01b0\u1ee3ng t\u00edch c\u1ef1c cho ng\u00e0y m\u1edbi.<\/p>\n<ul>\n<li>\u00c1p d\u1ee5ng v\u00e0o m\u1ed7i Th\u1ee9 T\u01b0 &amp; Th\u1ee9 B\u1ea3y.<\/li>\n<li>T\u1eeb 6:30 \u2013 7:30.<\/li>\n<li>\u0110\u1ecba \u0111i\u1ec3m: khu v\u1ef1c h\u1ed3 b\u01a1i.<\/li>\n<li>Qu\u00fd kh\u00e1ch vui l\u00f2ng li\u00ean h\u1ec7 \u0111\u1eb7t ch\u1ed7 tr\u01b0\u1edbc 1 ng\u00e0y.<\/li>\n<\/ul>\n\n\n<!-- Handle Download, External and Internal Links -->\n<div class=\"flex flex-wrap gap-36 m-inherit btn-parent\">\n\t\t\t<a class=\"btn \" \n\t\t\thref=\"\t\t\t\t\t\t\t\t\t\t\t\t\thttps:\/\/www.thereveriesaigon.com\/spa-and-fitness\/fitness-centre-pool\/\n\t\t\t\t\" \n\t\t\t\t\n\t\t\t\t\n\t\t\t\t\t\t\t\t\ttarget=\"_blank\"\n\t\t\t\t\t\t\t\t>\n\t\t\tLi\u00ean H\u1ec7\n\t\t<\/a>\n\t<\/div><\/span>\t<\/div>\n\n\t<div class=\"col-780 align-self-stretch m-w-100 m-mb-30 relative\">\n\t\t\n\t \n\t \n\t\t \n\t \n\n\n\n\n\t\t\t\t\t\t\t\t\t\t\t\t\t\t\t\n\n\n\t\t\t<picture>\n\t\t\t<source srcset=\"\n\t\t\t\thttps:\/\/www.thereveriesaigon.com\/wp-content\/uploads\/2024\/01\/R6WI8213-300x450.jpg 379w, \n\t\t\t\thttps:\/\/www.thereveriesaigon.com\/wp-content\/uploads\/2024\/01\/R6WI8213-200x300.jpg 420w, \n\t\t\t\thttps:\/\/www.thereveriesaigon.com\/wp-content\/uploads\/2024\/01\/R6WI8213-683x1024.jpg 768w, \n\t\t\t\thttps:\/\/www.thereveriesaigon.com\/wp-content\/uploads\/2024\/01\/R6WI8213-1200x1800.jpg 1020w, \n\t\t\t\thttps:\/\/www.thereveriesaigon.com\/wp-content\/uploads\/2024\/01\/R6WI8213-2000x3000.jpg 1600w, \n\t\t\t\thttps:\/\/www.thereveriesaigon.com\/wp-content\/uploads\/2024\/01\/R6WI8213-2000x3000.jpg 1900w,\"\n\t\t\t\tsizes=\"100vw\" alt=\"\" type=\"image\/webp\">\n\t\t\t\t\t\t<img decoding=\"async\" src=\"https:\/\/www.thereveriesaigon.com\/wp-content\/uploads\/2024\/01\/R6WI8213-2000x3000.jpg\" alt=\"\" class=\"bg-primary div-fill-soft row-600 m-row-260\"  loading=\"lazy\">\n\t\t<\/picture>\n\t\t<\/div>\n<\/div>\n\n<div class=\"separator-block site-width\" data-type=\"organism\" data-temp=\"introduction-and-award-block.twig\">\n    <div class=\"inner relative w-100\">\n        <div class=\"seperator-badge absolute\">\n          \n        <\/div>\n    <\/div>\n<\/div>\n\n\n\n<div class=\"landscape-image-360-tour-block site-width flex m-flex-column-reverse mv-140 align-items-center landscape-image-360-tour-block\" data-type=\"organism\" data-temp=\"landscape-image-360-tour-block.twig\">\n\t<div class=\"col w-100 m-w-100 row-730 relative\">\n\t\t<div class=\"pop-up-link\" data-targetlightbox=\"lightbox\" data-linklightbox=\"lightbox\">\n\t\t\t<div class=\"col w-100 m-w-100 row-730 relative\">\n\t\t\t\t\n\t \n\t \n\t\t \n\t \n\n\n\n\n\n\n\n\t\t\t<picture>\n\t\t\t<source srcset=\"\n\t\t\t\thttps:\/\/www.thereveriesaigon.com\/wp-content\/uploads\/2021\/10\/gym-fitness-centre-f-the-reverie-saigon-300x169.jpg 379w, \n\t\t\t\thttps:\/\/www.thereveriesaigon.com\/wp-content\/uploads\/2021\/10\/gym-fitness-centre-f-the-reverie-saigon-300x169.jpg 420w, \n\t\t\t\thttps:\/\/www.thereveriesaigon.com\/wp-content\/uploads\/2021\/10\/gym-fitness-centre-f-the-reverie-saigon-1024x576.jpg 768w, \n\t\t\t\thttps:\/\/www.thereveriesaigon.com\/wp-content\/uploads\/2021\/10\/gym-fitness-centre-f-the-reverie-saigon-1200x675.jpg 1020w, \n\t\t\t\thttps:\/\/www.thereveriesaigon.com\/wp-content\/uploads\/2021\/10\/gym-fitness-centre-f-the-reverie-saigon.jpg 1600w, \n\t\t\t\thttps:\/\/www.thereveriesaigon.com\/wp-content\/uploads\/2021\/10\/gym-fitness-centre-f-the-reverie-saigon.jpg 1900w,\"\n\t\t\t\tsizes=\"100vw\" alt=\"The Reverie Saigon | Residence Lounge | Gym\" type=\"image\/webp\">\n\t\t\t\t\t\t<img decoding=\"async\" src=\"https:\/\/www.thereveriesaigon.com\/wp-content\/uploads\/2021\/10\/gym-fitness-centre-f-the-reverie-saigon.jpg\" alt=\"The Reverie Saigon | Residence Lounge | Gym\" class=\"w-100 bg-primary div-fill absolute\"  loading=\"lazy\">\n\t\t<\/picture>\n\t\t\t\t\t\n\t\t\t\t<div class=\"logo-360\">\n\n\t\t\t\t<\/div>\n\t\t\t<\/div>\n\t\t<\/div>\n\t\t<div class=\"pop-up-target\" data-targetlightbox=\"lightbox\">\n\t\t\t<iframe class=\"bg-primary div-fill absolute\" src=\"https:\/\/www.panomatics.com\/virtualtours\/vietnam\/thereveriesaigon\/index.html?startscene=103\"><\/iframe>\n\t\t\t<div class=\"close-button\" data-targetlightbox=\"lightbox\" data-linklightbox=\"lightbox\"><\/div>\n\t\t<\/div>\n\t\t<div class=\"pop-up-overlay\" data-targetlightbox=\"lightbox\" data-linklightbox=\"lightbox\"><\/div>\n\t<\/div>\n<\/div>\n","protected":false},"excerpt":{"rendered":"","protected":false},"author":9,"featured_media":3666,"parent":11380,"menu_order":52,"comment_status":"closed","ping_status":"closed","template":"","meta":{"_acf_changed":false,"inline_featured_image":false,"footnotes":""},"class_list":["post-12379","page","type-page","status-publish","has-post-thumbnail","hentry"],"acf":{"default":"is_default_theme","theme_type":"is_default_theme"},"yoast_head":"<!-- This site is optimized with the Yoast SEO plugin v27.0 - https:\/\/yoast.com\/product\/yoast-seo-wordpress\/ -->\n<title>The Reverie Saigon | Trung T\u00e2m Th\u1ec3 H\u00ecnh &amp; H\u1ed3 B\u01a1i | Spa t\u1ed1t nh\u1ea5t H\u1ed3 Ch\u00ed Minh<\/title>\n<meta name=\"description\" content=\"C\u00f9ng v\u1edbi The Spa, t\u1ea7ng 6 c\u00f2n l\u00e0 trung t\u00e2m th\u1ec3 h\u00ecnh \u1ea5n t\u01b0\u1ee3ng nh\u1ea5t Th\u00e0nh ph\u1ed1 H\u1ed3 Ch\u00ed Minh. V\u1edbi di\u1ec7n t\u00edch 120 m\u00e9t vu\u00f4ng, ph\u00f2ng t\u1eadp c\u1ea1nh h\u1ed3 b\u01a1i n\u00e0y \u0111\u01b0\u1ee3c trang b\u1ecb c\u00e1c m\u00e1y t\u1eadp cardio ARTIS\" \/>\n<meta name=\"robots\" content=\"index, follow, max-snippet:-1, max-image-preview:large, max-video-preview:-1\" \/>\n<link rel=\"canonical\" href=\"https:\/\/www.thereveriesaigon.com\/vi\/spa-phong-tap-the-hinh\/trung-tam-the-hinh-ho-boi\/\" \/>\n<meta property=\"og:locale\" content=\"vi_VN\" \/>\n<meta property=\"og:type\" content=\"article\" \/>\n<meta property=\"og:title\" content=\"The Reverie Saigon | Trung T\u00e2m Th\u1ec3 H\u00ecnh &amp; H\u1ed3 B\u01a1i | Spa t\u1ed1t nh\u1ea5t H\u1ed3 Ch\u00ed Minh\" \/>\n<meta property=\"og:description\" content=\"C\u00f9ng v\u1edbi The Spa, t\u1ea7ng 6 c\u00f2n l\u00e0 trung t\u00e2m th\u1ec3 h\u00ecnh \u1ea5n t\u01b0\u1ee3ng nh\u1ea5t Th\u00e0nh ph\u1ed1 H\u1ed3 Ch\u00ed Minh. V\u1edbi di\u1ec7n t\u00edch 120 m\u00e9t vu\u00f4ng, ph\u00f2ng t\u1eadp c\u1ea1nh h\u1ed3 b\u01a1i n\u00e0y \u0111\u01b0\u1ee3c trang b\u1ecb c\u00e1c m\u00e1y t\u1eadp cardio ARTIS\" \/>\n<meta property=\"og:url\" content=\"https:\/\/www.thereveriesaigon.com\/vi\/spa-phong-tap-the-hinh\/trung-tam-the-hinh-ho-boi\/\" \/>\n<meta property=\"og:site_name\" content=\"The Reverie Saigon\" \/>\n<meta property=\"article:modified_time\" content=\"2025-10-30T03:33:17+00:00\" \/>\n<meta property=\"og:image\" content=\"https:\/\/www.thereveriesaigon.com\/wp-content\/uploads\/2021\/10\/pool-night-purple-f-the-reverie-saigon.jpg\" \/>\n\t<meta property=\"og:image:width\" content=\"1920\" \/>\n\t<meta property=\"og:image:height\" content=\"1080\" \/>\n\t<meta property=\"og:image:type\" content=\"image\/jpeg\" \/>\n<meta name=\"twitter:card\" content=\"summary_large_image\" \/>\n<script type=\"application\/ld+json\" class=\"yoast-schema-graph\">{\"@context\":\"https:\/\/schema.org\",\"@graph\":[{\"@type\":\"WebPage\",\"@id\":\"https:\/\/www.thereveriesaigon.com\/vi\/spa-phong-tap-the-hinh\/trung-tam-the-hinh-ho-boi\/\",\"url\":\"https:\/\/www.thereveriesaigon.com\/vi\/spa-phong-tap-the-hinh\/trung-tam-the-hinh-ho-boi\/\",\"name\":\"The Reverie Saigon | Trung T\u00e2m Th\u1ec3 H\u00ecnh & H\u1ed3 B\u01a1i | Spa t\u1ed1t nh\u1ea5t H\u1ed3 Ch\u00ed Minh\",\"isPartOf\":{\"@id\":\"https:\/\/www.thereveriesaigon.com\/#website\"},\"primaryImageOfPage\":{\"@id\":\"https:\/\/www.thereveriesaigon.com\/vi\/spa-phong-tap-the-hinh\/trung-tam-the-hinh-ho-boi\/#primaryimage\"},\"image\":{\"@id\":\"https:\/\/www.thereveriesaigon.com\/vi\/spa-phong-tap-the-hinh\/trung-tam-the-hinh-ho-boi\/#primaryimage\"},\"thumbnailUrl\":\"https:\/\/www.thereveriesaigon.com\/wp-content\/uploads\/2021\/10\/pool-night-purple-f-the-reverie-saigon.jpg\",\"datePublished\":\"2022-09-09T10:45:00+00:00\",\"dateModified\":\"2025-10-30T03:33:17+00:00\",\"description\":\"C\u00f9ng v\u1edbi The Spa, t\u1ea7ng 6 c\u00f2n l\u00e0 trung t\u00e2m th\u1ec3 h\u00ecnh \u1ea5n t\u01b0\u1ee3ng nh\u1ea5t Th\u00e0nh ph\u1ed1 H\u1ed3 Ch\u00ed Minh. V\u1edbi di\u1ec7n t\u00edch 120 m\u00e9t vu\u00f4ng, ph\u00f2ng t\u1eadp c\u1ea1nh h\u1ed3 b\u01a1i n\u00e0y \u0111\u01b0\u1ee3c trang b\u1ecb c\u00e1c m\u00e1y t\u1eadp cardio ARTIS\",\"breadcrumb\":{\"@id\":\"https:\/\/www.thereveriesaigon.com\/vi\/spa-phong-tap-the-hinh\/trung-tam-the-hinh-ho-boi\/#breadcrumb\"},\"inLanguage\":\"vi-VN\",\"potentialAction\":[{\"@type\":\"ReadAction\",\"target\":[\"https:\/\/www.thereveriesaigon.com\/vi\/spa-phong-tap-the-hinh\/trung-tam-the-hinh-ho-boi\/\"]}]},{\"@type\":\"ImageObject\",\"inLanguage\":\"vi-VN\",\"@id\":\"https:\/\/www.thereveriesaigon.com\/vi\/spa-phong-tap-the-hinh\/trung-tam-the-hinh-ho-boi\/#primaryimage\",\"url\":\"https:\/\/www.thereveriesaigon.com\/wp-content\/uploads\/2021\/10\/pool-night-purple-f-the-reverie-saigon.jpg\",\"contentUrl\":\"https:\/\/www.thereveriesaigon.com\/wp-content\/uploads\/2021\/10\/pool-night-purple-f-the-reverie-saigon.jpg\",\"width\":1920,\"height\":1080,\"caption\":\"The Reverie Saigon | The Spa | Swimming Pool\"},{\"@type\":\"BreadcrumbList\",\"@id\":\"https:\/\/www.thereveriesaigon.com\/vi\/spa-phong-tap-the-hinh\/trung-tam-the-hinh-ho-boi\/#breadcrumb\",\"itemListElement\":[{\"@type\":\"ListItem\",\"position\":1,\"name\":\"Spa &#038; Ph\u00f2ng t\u1eadp\",\"item\":\"https:\/\/www.thereveriesaigon.com\/vi\/spa-phong-tap-the-hinh\/\"},{\"@type\":\"ListItem\",\"position\":2,\"name\":\"Trung T\u00e2m Th\u1ec3 H\u00ecnh &#038; H\u1ed3 B\u01a1i\"}]},{\"@type\":\"WebSite\",\"@id\":\"https:\/\/www.thereveriesaigon.com\/#website\",\"url\":\"https:\/\/www.thereveriesaigon.com\/\",\"name\":\"The Reverie Saigon\",\"description\":\"\",\"publisher\":{\"@id\":\"https:\/\/www.thereveriesaigon.com\/#organization\"},\"potentialAction\":[{\"@type\":\"SearchAction\",\"target\":{\"@type\":\"EntryPoint\",\"urlTemplate\":\"https:\/\/www.thereveriesaigon.com\/?s={search_term_string}\"},\"query-input\":{\"@type\":\"PropertyValueSpecification\",\"valueRequired\":true,\"valueName\":\"search_term_string\"}}],\"inLanguage\":\"vi-VN\"},{\"@type\":\"Organization\",\"@id\":\"https:\/\/www.thereveriesaigon.com\/#organization\",\"name\":\"The Reverie Saigon\",\"url\":\"https:\/\/www.thereveriesaigon.com\/\",\"logo\":{\"@type\":\"ImageObject\",\"inLanguage\":\"vi-VN\",\"@id\":\"https:\/\/www.thereveriesaigon.com\/#\/schema\/logo\/image\/\",\"url\":\"https:\/\/www.thereveriesaigon.com\/wp-content\/uploads\/2021\/11\/TRS-Master-Wine-List-5.pdf2021\/11\/TRS-Master-Wine-List-4.pdf2021\/11\/TRS-Master-Wine-List-5.pdf2021\/11\/Thousands-of-Shining-Star-3.pdf2021\/11\/Thousands-of-Shining-Star-4.pdf2021\/11\/Thousands-of-Shining-Star.pdf2021\/11\/Chef-Wong-s-Recommendation-August.pdf2022\/11\/Truffle-menu---Caf-Cardinal.pdf2022\/11\/Truffle-menu---Da-Vittorio-Saigon.pdf2021\/10\/The-Reverie-Logo.jpg\",\"contentUrl\":\"https:\/\/www.thereveriesaigon.com\/wp-content\/uploads\/2021\/11\/TRS-Master-Wine-List-5.pdf2021\/11\/TRS-Master-Wine-List-4.pdf2021\/11\/TRS-Master-Wine-List-5.pdf2021\/11\/Thousands-of-Shining-Star-3.pdf2021\/11\/Thousands-of-Shining-Star-4.pdf2021\/11\/Thousands-of-Shining-Star.pdf2021\/11\/Chef-Wong-s-Recommendation-August.pdf2022\/11\/Truffle-menu---Caf-Cardinal.pdf2022\/11\/Truffle-menu---Da-Vittorio-Saigon.pdf2021\/10\/The-Reverie-Logo.jpg\",\"width\":2000,\"height\":1597,\"caption\":\"The Reverie Saigon\"},\"image\":{\"@id\":\"https:\/\/www.thereveriesaigon.com\/#\/schema\/logo\/image\/\"}}]}<\/script>\n<!-- \/ Yoast SEO plugin. -->","yoast_head_json":{"title":"The Reverie Saigon | Trung T\u00e2m Th\u1ec3 H\u00ecnh & H\u1ed3 B\u01a1i | Spa t\u1ed1t nh\u1ea5t H\u1ed3 Ch\u00ed Minh","description":"C\u00f9ng v\u1edbi The Spa, t\u1ea7ng 6 c\u00f2n l\u00e0 trung t\u00e2m th\u1ec3 h\u00ecnh \u1ea5n t\u01b0\u1ee3ng nh\u1ea5t Th\u00e0nh ph\u1ed1 H\u1ed3 Ch\u00ed Minh. V\u1edbi di\u1ec7n t\u00edch 120 m\u00e9t vu\u00f4ng, ph\u00f2ng t\u1eadp c\u1ea1nh h\u1ed3 b\u01a1i n\u00e0y \u0111\u01b0\u1ee3c trang b\u1ecb c\u00e1c m\u00e1y t\u1eadp cardio ARTIS","robots":{"index":"index","follow":"follow","max-snippet":"max-snippet:-1","max-image-preview":"max-image-preview:large","max-video-preview":"max-video-preview:-1"},"canonical":"https:\/\/www.thereveriesaigon.com\/vi\/spa-phong-tap-the-hinh\/trung-tam-the-hinh-ho-boi\/","og_locale":"vi_VN","og_type":"article","og_title":"The Reverie Saigon | Trung T\u00e2m Th\u1ec3 H\u00ecnh & H\u1ed3 B\u01a1i | Spa t\u1ed1t nh\u1ea5t H\u1ed3 Ch\u00ed Minh","og_description":"C\u00f9ng v\u1edbi The Spa, t\u1ea7ng 6 c\u00f2n l\u00e0 trung t\u00e2m th\u1ec3 h\u00ecnh \u1ea5n t\u01b0\u1ee3ng nh\u1ea5t Th\u00e0nh ph\u1ed1 H\u1ed3 Ch\u00ed Minh. V\u1edbi di\u1ec7n t\u00edch 120 m\u00e9t vu\u00f4ng, ph\u00f2ng t\u1eadp c\u1ea1nh h\u1ed3 b\u01a1i n\u00e0y \u0111\u01b0\u1ee3c trang b\u1ecb c\u00e1c m\u00e1y t\u1eadp cardio ARTIS","og_url":"https:\/\/www.thereveriesaigon.com\/vi\/spa-phong-tap-the-hinh\/trung-tam-the-hinh-ho-boi\/","og_site_name":"The Reverie Saigon","article_modified_time":"2025-10-30T03:33:17+00:00","og_image":[{"width":1920,"height":1080,"url":"https:\/\/www.thereveriesaigon.com\/wp-content\/uploads\/2021\/10\/pool-night-purple-f-the-reverie-saigon.jpg","type":"image\/jpeg"}],"twitter_card":"summary_large_image","schema":{"@context":"https:\/\/schema.org","@graph":[{"@type":"WebPage","@id":"https:\/\/www.thereveriesaigon.com\/vi\/spa-phong-tap-the-hinh\/trung-tam-the-hinh-ho-boi\/","url":"https:\/\/www.thereveriesaigon.com\/vi\/spa-phong-tap-the-hinh\/trung-tam-the-hinh-ho-boi\/","name":"The Reverie Saigon | Trung T\u00e2m Th\u1ec3 H\u00ecnh & H\u1ed3 B\u01a1i | Spa t\u1ed1t nh\u1ea5t H\u1ed3 Ch\u00ed Minh","isPartOf":{"@id":"https:\/\/www.thereveriesaigon.com\/#website"},"primaryImageOfPage":{"@id":"https:\/\/www.thereveriesaigon.com\/vi\/spa-phong-tap-the-hinh\/trung-tam-the-hinh-ho-boi\/#primaryimage"},"image":{"@id":"https:\/\/www.thereveriesaigon.com\/vi\/spa-phong-tap-the-hinh\/trung-tam-the-hinh-ho-boi\/#primaryimage"},"thumbnailUrl":"https:\/\/www.thereveriesaigon.com\/wp-content\/uploads\/2021\/10\/pool-night-purple-f-the-reverie-saigon.jpg","datePublished":"2022-09-09T10:45:00+00:00","dateModified":"2025-10-30T03:33:17+00:00","description":"C\u00f9ng v\u1edbi The Spa, t\u1ea7ng 6 c\u00f2n l\u00e0 trung t\u00e2m th\u1ec3 h\u00ecnh \u1ea5n t\u01b0\u1ee3ng nh\u1ea5t Th\u00e0nh ph\u1ed1 H\u1ed3 Ch\u00ed Minh. V\u1edbi di\u1ec7n t\u00edch 120 m\u00e9t vu\u00f4ng, ph\u00f2ng t\u1eadp c\u1ea1nh h\u1ed3 b\u01a1i n\u00e0y \u0111\u01b0\u1ee3c trang b\u1ecb c\u00e1c m\u00e1y t\u1eadp cardio ARTIS","breadcrumb":{"@id":"https:\/\/www.thereveriesaigon.com\/vi\/spa-phong-tap-the-hinh\/trung-tam-the-hinh-ho-boi\/#breadcrumb"},"inLanguage":"vi-VN","potentialAction":[{"@type":"ReadAction","target":["https:\/\/www.thereveriesaigon.com\/vi\/spa-phong-tap-the-hinh\/trung-tam-the-hinh-ho-boi\/"]}]},{"@type":"ImageObject","inLanguage":"vi-VN","@id":"https:\/\/www.thereveriesaigon.com\/vi\/spa-phong-tap-the-hinh\/trung-tam-the-hinh-ho-boi\/#primaryimage","url":"https:\/\/www.thereveriesaigon.com\/wp-content\/uploads\/2021\/10\/pool-night-purple-f-the-reverie-saigon.jpg","contentUrl":"https:\/\/www.thereveriesaigon.com\/wp-content\/uploads\/2021\/10\/pool-night-purple-f-the-reverie-saigon.jpg","width":1920,"height":1080,"caption":"The Reverie Saigon | The Spa | Swimming Pool"},{"@type":"BreadcrumbList","@id":"https:\/\/www.thereveriesaigon.com\/vi\/spa-phong-tap-the-hinh\/trung-tam-the-hinh-ho-boi\/#breadcrumb","itemListElement":[{"@type":"ListItem","position":1,"name":"Spa &#038; Ph\u00f2ng t\u1eadp","item":"https:\/\/www.thereveriesaigon.com\/vi\/spa-phong-tap-the-hinh\/"},{"@type":"ListItem","position":2,"name":"Trung T\u00e2m Th\u1ec3 H\u00ecnh &#038; H\u1ed3 B\u01a1i"}]},{"@type":"WebSite","@id":"https:\/\/www.thereveriesaigon.com\/#website","url":"https:\/\/www.thereveriesaigon.com\/","name":"The Reverie Saigon","description":"","publisher":{"@id":"https:\/\/www.thereveriesaigon.com\/#organization"},"potentialAction":[{"@type":"SearchAction","target":{"@type":"EntryPoint","urlTemplate":"https:\/\/www.thereveriesaigon.com\/?s={search_term_string}"},"query-input":{"@type":"PropertyValueSpecification","valueRequired":true,"valueName":"search_term_string"}}],"inLanguage":"vi-VN"},{"@type":"Organization","@id":"https:\/\/www.thereveriesaigon.com\/#organization","name":"The Reverie Saigon","url":"https:\/\/www.thereveriesaigon.com\/","logo":{"@type":"ImageObject","inLanguage":"vi-VN","@id":"https:\/\/www.thereveriesaigon.com\/#\/schema\/logo\/image\/","url":"https:\/\/www.thereveriesaigon.com\/wp-content\/uploads\/2021\/11\/TRS-Master-Wine-List-5.pdf2021\/11\/TRS-Master-Wine-List-4.pdf2021\/11\/TRS-Master-Wine-List-5.pdf2021\/11\/Thousands-of-Shining-Star-3.pdf2021\/11\/Thousands-of-Shining-Star-4.pdf2021\/11\/Thousands-of-Shining-Star.pdf2021\/11\/Chef-Wong-s-Recommendation-August.pdf2022\/11\/Truffle-menu---Caf-Cardinal.pdf2022\/11\/Truffle-menu---Da-Vittorio-Saigon.pdf2021\/10\/The-Reverie-Logo.jpg","contentUrl":"https:\/\/www.thereveriesaigon.com\/wp-content\/uploads\/2021\/11\/TRS-Master-Wine-List-5.pdf2021\/11\/TRS-Master-Wine-List-4.pdf2021\/11\/TRS-Master-Wine-List-5.pdf2021\/11\/Thousands-of-Shining-Star-3.pdf2021\/11\/Thousands-of-Shining-Star-4.pdf2021\/11\/Thousands-of-Shining-Star.pdf2021\/11\/Chef-Wong-s-Recommendation-August.pdf2022\/11\/Truffle-menu---Caf-Cardinal.pdf2022\/11\/Truffle-menu---Da-Vittorio-Saigon.pdf2021\/10\/The-Reverie-Logo.jpg","width":2000,"height":1597,"caption":"The Reverie Saigon"},"image":{"@id":"https:\/\/www.thereveriesaigon.com\/#\/schema\/logo\/image\/"}}]}},"_links":{"self":[{"href":"https:\/\/www.thereveriesaigon.com\/vi\/wp-json\/wp\/v2\/pages\/12379","targetHints":{"allow":["GET"]}}],"collection":[{"href":"https:\/\/www.thereveriesaigon.com\/vi\/wp-json\/wp\/v2\/pages"}],"about":[{"href":"https:\/\/www.thereveriesaigon.com\/vi\/wp-json\/wp\/v2\/types\/page"}],"author":[{"embeddable":true,"href":"https:\/\/www.thereveriesaigon.com\/vi\/wp-json\/wp\/v2\/users\/9"}],"replies":[{"embeddable":true,"href":"https:\/\/www.thereveriesaigon.com\/vi\/wp-json\/wp\/v2\/comments?post=12379"}],"version-history":[{"count":3,"href":"https:\/\/www.thereveriesaigon.com\/vi\/wp-json\/wp\/v2\/pages\/12379\/revisions"}],"predecessor-version":[{"id":42013,"href":"https:\/\/www.thereveriesaigon.com\/vi\/wp-json\/wp\/v2\/pages\/12379\/revisions\/42013"}],"up":[{"embeddable":true,"href":"https:\/\/www.thereveriesaigon.com\/vi\/wp-json\/wp\/v2\/pages\/11380"}],"wp:featuredmedia":[{"embeddable":true,"href":"https:\/\/www.thereveriesaigon.com\/vi\/wp-json\/wp\/v2\/media\/3666"}],"wp:attachment":[{"href":"https:\/\/www.thereveriesaigon.com\/vi\/wp-json\/wp\/v2\/media?parent=12379"}],"curies":[{"name":"wp","href":"https:\/\/api.w.org\/{rel}","templated":true}]}}