{"id":13538,"date":"2021-11-08T12:35:31","date_gmt":"2021-11-08T12:35:31","guid":{"rendered":"https:\/\/www.thereveriesaigon.com\/spa-phong-tap-the-hinh\/goi-tiec-va-uu-dai\/"},"modified":"2025-09-30T11:41:02","modified_gmt":"2025-09-30T10:41:02","slug":"goi-spa-va-uu-dai","status":"publish","type":"page","link":"https:\/\/www.thereveriesaigon.com\/vi\/spa-phong-tap-the-hinh\/goi-spa-va-uu-dai\/","title":{"rendered":"G\u00f3i &#038; Khuy\u1ebfn m\u00e3i"},"content":{"rendered":"<div data-type=\"organism\" data-temp=\"header-image-block.twig\" class=\"header-image-block \">\n    <div class=\"bg-secondary relative\">\n        <div class=\"site-width flex justify-center flex-column vh-90 \">\n                        <h1 class=\"fs-120 ff-2 t-shadow c-white relative z-20\">\n               <i class=\"fs-110\">The Spa T\u1ea1i Kh\u00e1ch S\u1ea1n The Reverie Saigon<\/i><br>\n               <span> C\u00e1c G\u00f3i Tr\u1ecb Li\u1ec7u<\/span>\n            <\/h1> \n                        \n        <\/div>\n\n        \n\t \n\t \n\t\t \n\t \n\n\n\n\n\n\n\n\t\t\t<picture>\n\t\t\t<source srcset=\"\n\t\t\t\thttps:\/\/www.thereveriesaigon.com\/wp-content\/uploads\/2022\/06\/The-Reverie-Saigon-The-Spa-Manicure-Pedicure-Salon-1920x1080-1-sm-300x169.jpg 379w, \n\t\t\t\thttps:\/\/www.thereveriesaigon.com\/wp-content\/uploads\/2022\/06\/The-Reverie-Saigon-The-Spa-Manicure-Pedicure-Salon-1920x1080-1-sm-300x169.jpg 420w, \n\t\t\t\thttps:\/\/www.thereveriesaigon.com\/wp-content\/uploads\/2022\/06\/The-Reverie-Saigon-The-Spa-Manicure-Pedicure-Salon-1920x1080-1-sm-1024x576.jpg 768w, \n\t\t\t\thttps:\/\/www.thereveriesaigon.com\/wp-content\/uploads\/2022\/06\/The-Reverie-Saigon-The-Spa-Manicure-Pedicure-Salon-1920x1080-1-sm-1200x675.jpg 1020w, \n\t\t\t\thttps:\/\/www.thereveriesaigon.com\/wp-content\/uploads\/2022\/06\/The-Reverie-Saigon-The-Spa-Manicure-Pedicure-Salon-1920x1080-1-sm.jpg 1600w, \n\t\t\t\thttps:\/\/www.thereveriesaigon.com\/wp-content\/uploads\/2022\/06\/The-Reverie-Saigon-The-Spa-Manicure-Pedicure-Salon-1920x1080-1-sm.jpg 1900w,\"\n\t\t\t\tsizes=\"100vw\" alt=\"The Reverie Saigon | Visiting the spa | Manicure Salon\" type=\"image\/webp\">\n\t\t\t\t\t\t<img decoding=\"async\" src=\"https:\/\/www.thereveriesaigon.com\/wp-content\/uploads\/2022\/06\/The-Reverie-Saigon-The-Spa-Manicure-Pedicure-Salon-1920x1080-1-sm.jpg\" alt=\"The Reverie Saigon | Visiting the spa | Manicure Salon\" class=\"div-fill absolute z-10\"  loading=\"lazy\">\n\t\t<\/picture>\n\t    <\/div>\n<\/div>\n\n<div class=\"static-posttype-listing-block\" data-type=\"organism\" data-temp=\"static-posttype-listing-block.twig\">\n\t<div class=\"site-width\">\n\t\t<span data-type=\"molecule\" data-temp=\"text.twig\" class=\"molecule-text\">\n<!-- Add Standard Text -->\n<h2 class=\"fs-40 ff-2 i-gold\">Tham kh\u1ea3o <em>c\u00e1c g\u00f3i khuy\u1ebfn m\u00e3i m\u1edbi nh\u1ea5t.<\/em><\/h2>\n\n\n<!-- Handle Download, External and Internal Links -->\n<div class=\"flex flex-wrap gap-36 m-inherit btn-parent\">\n\t<\/div><\/span>\t<\/div>\n\t\t\t\t<div class=\"landscape-image-text-block site-width flex justify-end   gap-135 m-flex-wrap m-gap-0 m-flex-column-reverse  mv-140 align-items-center static-posttype-listing-block inherit-link\" data-type=\"organism\">\n\t\t\t<div class=\"col col-420 m-w-100\" data-animation=\"text-animation-1\">\n\t\t\t\t\t\t\t\t\n\t\t\t\t\n               \t<h2 class=\"fs-40 ff-2 i-gold\">Y\u00eau Chi\u1ec1u \u00cam \u00c1i<\/h2>\n\t\t\t\t<p>Ch\u00fat y\u00eau th\u01b0\u01a1ng \u00eam d\u1ecbu d\u00e0nh t\u1eb7ng \u0111\u1ebfn n\u00e0ng v\u1edbi tr\u1ea3i nghi\u1ec7m th\u01b0 gi\u00e3n \u0111\u1eb7c bi\u1ec7t v\u00e0 ph\u1ee5c h\u1ed3i v\u1ebb \u0111\u1eb9p t\u1ef1 nhi\u00ean<\/p>\n\n\t\t\t\t\n\t\t\t\t\n\t\t\t\t\n\t\t\t\t\n\t\t\t\t\t\t\t\t\t<a href=\"https:\/\/www.thereveriesaigon.com\/vi\/spa-packages\/yeu-chieu-em-ai\/\" class=\"btn\">Kh\u00e1m Ph\u00e1<\/a>\n\t\t\t\t\n\t\t\t\t                                \n\t\t\t<\/div>\n\t\t\t<div class=\"col-1055 align-self-stretch m-w-100 flex gap-36 m-mb-30\" data-animation=\"image-animation-2\">\n\t\t\t\t\t\t\t\t\t\t\t\t\t\t\t\t\t\t\t\t\t\n\t\n\n\n\n\t\t\t\t\t\t\t\t\t\t\t\t\t\t\t\n\n\n\t\t\t<picture>\n\t\t\t<source srcset=\"\n\t\t\t\thttps:\/\/www.thereveriesaigon.com\/wp-content\/uploads\/2026\/03\/Web-Thumbnail-2-300x165-379x0-c-default.webp 379w, \n\t\t\t\thttps:\/\/www.thereveriesaigon.com\/wp-content\/uploads\/2026\/03\/Web-Thumbnail-2-300x165-420x0-c-default.webp 420w, \n\t\t\t\thttps:\/\/www.thereveriesaigon.com\/wp-content\/uploads\/2026\/03\/Web-Thumbnail-2-768x0-c-default.webp 768w, \n\t\t\t\thttps:\/\/www.thereveriesaigon.com\/wp-content\/uploads\/2026\/03\/Web-Thumbnail-2-510x0-c-default.webp 1020w, \n\t\t\t\thttps:\/\/www.thereveriesaigon.com\/wp-content\/uploads\/2026\/03\/Web-Thumbnail-2-800x0-c-default.webp 1600w, \n\t\t\t\thttps:\/\/www.thereveriesaigon.com\/wp-content\/uploads\/2026\/03\/Web-Thumbnail-2-960x0-c-default.webp 1900w,\"\n\t\t\t\tsizes=\"100vw\" alt=\"\" type=\"image\/webp\">\n\t\t\t\t\t\t<img decoding=\"async\" src=\"https:\/\/www.thereveriesaigon.com\/wp-content\/uploads\/2026\/03\/Web-Thumbnail-2.jpg\" alt=\"\" class=\"m-res-h bg-primary div-fill-soft row-600 m-row-200 m-w-100 block\" loading=\"lazy\">\n\t\t<\/picture>\n\t\t\t\t\t\t\t\t\t\t\t\n\t\t\t\t\n\t\t\t\t\t\t\t\t\n\t\t\t\t\t\t\t<\/div>\n\t\t<\/div>\n\t\t\t<div class=\"landscape-image-text-block site-width flex justify-end flex-row-reverse  gap-135 m-flex-wrap m-gap-0 m-flex-column-reverse  mv-140 align-items-center static-posttype-listing-block inherit-link\" data-type=\"organism\">\n\t\t\t<div class=\"col col-420 m-w-100\" data-animation=\"text-animation-1\">\n\t\t\t\t\t\t\t\t\n\t\t\t\t\n               \t<h2 class=\"fs-40 ff-2 i-gold\">H\u01b0\u01a1ng Th\u01a1m V\u1ed7 V\u1ec1<\/h2>\n\t\t\t\t<p>Th\u01b0 gi\u00e3n v\u1edbi li\u1ec7u ph\u00e1p Massage N\u1ebfn 90 ph\u00fat, n\u01a1i h\u01a1i \u1ea5m d\u1ecbu nh\u1eb9 v\u00e0 h\u01b0\u01a1ng th\u01a1m th\u01b0 th\u00e1i tan bi\u1ebfn c\u0103ng th\u1eb3ng, k\u00e8m m\u00f3n qu\u00e0 tinh ch\u1ecdn \u0111\u1ec3 gi\u1eef&hellip;<\/p>\n\n\t\t\t\t\n\t\t\t\t\n\t\t\t\t\n\t\t\t\t\n\t\t\t\t\t\t\t\t\t<a href=\"https:\/\/www.thereveriesaigon.com\/vi\/spa-packages\/huong-thom-vo-ve\/\" class=\"btn\">Kh\u00e1m Ph\u00e1<\/a>\n\t\t\t\t\n\t\t\t\t                                \n\t\t\t<\/div>\n\t\t\t<div class=\"col-1055 align-self-stretch m-w-100 flex gap-36 m-mb-30\" data-animation=\"image-animation-2\">\n\t\t\t\t\t\t\t\t\t\t\t\t\t\t\t\t\t\t\t\t\t\n\t\n\n\n\n\t\t\t\t\t\t\t\t\t\t\t\t\t\t\t\n\n\n\t\t\t<picture>\n\t\t\t<source srcset=\"\n\t\t\t\thttps:\/\/www.thereveriesaigon.com\/wp-content\/uploads\/2025\/07\/1-300x150-379x0-c-default.webp 379w, \n\t\t\t\thttps:\/\/www.thereveriesaigon.com\/wp-content\/uploads\/2025\/07\/1-300x150-420x0-c-default.webp 420w, \n\t\t\t\thttps:\/\/www.thereveriesaigon.com\/wp-content\/uploads\/2025\/07\/1-768x0-c-default.webp 768w, \n\t\t\t\thttps:\/\/www.thereveriesaigon.com\/wp-content\/uploads\/2025\/07\/1-510x0-c-default.webp 1020w, \n\t\t\t\thttps:\/\/www.thereveriesaigon.com\/wp-content\/uploads\/2025\/07\/1-800x0-c-default.webp 1600w, \n\t\t\t\thttps:\/\/www.thereveriesaigon.com\/wp-content\/uploads\/2025\/07\/1-960x0-c-default.webp 1900w,\"\n\t\t\t\tsizes=\"100vw\" alt=\"\" type=\"image\/webp\">\n\t\t\t\t\t\t<img decoding=\"async\" src=\"https:\/\/www.thereveriesaigon.com\/wp-content\/uploads\/2025\/07\/1.jpg\" alt=\"\" class=\"m-res-h bg-primary div-fill-soft row-600 m-row-200 m-w-100 block\" loading=\"lazy\">\n\t\t<\/picture>\n\t\t\t\t\t\t\t\t\t\t\t\n\t\t\t\t\n\t\t\t\t\t\t\t\t\n\t\t\t\t\t\t\t<\/div>\n\t\t<\/div>\n\t\t\t<div class=\"landscape-image-text-block site-width flex justify-end   gap-135 m-flex-wrap m-gap-0 m-flex-column-reverse  mv-140 align-items-center static-posttype-listing-block inherit-link\" data-type=\"organism\">\n\t\t\t<div class=\"col col-420 m-w-100\" data-animation=\"text-animation-1\">\n\t\t\t\t\t\t\t\t\n\t\t\t\t\n               \t<h2 class=\"fs-40 ff-2 i-gold\">Origin of Love<\/h2>\n\t\t\t\t<p>H\u00e3y d\u00e0nh t\u1eb7ng ng\u01b0\u1eddi th\u01b0\u01a1ng m\u1ed9t h\u00e0nh tr\u00ecnh kh\u00f3 qu\u00ean, b\u1eaft \u0111\u1ea7u v\u1edbi xe limousine \u0111\u00f3n t\u1ea1i S\u00e0i G\u00f2n v\u00e0 ti\u1ebfp n\u1ed1i trong ph\u00f2ng spa ri\u00eang ng\u1eadp tr\u00e0n n\u1ebfn v\u00e0&hellip;<\/p>\n\n\t\t\t\t\n\t\t\t\t\n\t\t\t\t\n\t\t\t\t\n\t\t\t\t\t\t\t\t\t<a href=\"https:\/\/www.thereveriesaigon.com\/vi\/spa-packages\/origin-of-love\/\" class=\"btn\">Kh\u00e1m Ph\u00e1<\/a>\n\t\t\t\t\n\t\t\t\t                                \n\t\t\t<\/div>\n\t\t\t<div class=\"col-1055 align-self-stretch m-w-100 flex gap-36 m-mb-30\" data-animation=\"image-animation-2\">\n\t\t\t\t\t\t\t\t\t\t\t\t\t\t\t\t\t\t\t\t\t\n\t\n\n\n\n\t\t\t\t\t\t\t\t\t\t\t\t\t\t\t\n\n\n\t\t\t<picture>\n\t\t\t<source srcset=\"\n\t\t\t\thttps:\/\/www.thereveriesaigon.com\/wp-content\/uploads\/2021\/12\/The-Reverie-Saigon-The-Spa-Model-II-1920x1080-1-300x169-379x0-c-default.webp 379w, \n\t\t\t\thttps:\/\/www.thereveriesaigon.com\/wp-content\/uploads\/2021\/12\/The-Reverie-Saigon-The-Spa-Model-II-1920x1080-1-300x169-420x0-c-default.webp 420w, \n\t\t\t\thttps:\/\/www.thereveriesaigon.com\/wp-content\/uploads\/2021\/12\/The-Reverie-Saigon-The-Spa-Model-II-1920x1080-1-1024x576-768x0-c-default.webp 768w, \n\t\t\t\thttps:\/\/www.thereveriesaigon.com\/wp-content\/uploads\/2021\/12\/The-Reverie-Saigon-The-Spa-Model-II-1920x1080-1-1200x675-510x0-c-default.webp 1020w, \n\t\t\t\thttps:\/\/www.thereveriesaigon.com\/wp-content\/uploads\/2021\/12\/The-Reverie-Saigon-The-Spa-Model-II-1920x1080-1-800x0-c-default.webp 1600w, \n\t\t\t\thttps:\/\/www.thereveriesaigon.com\/wp-content\/uploads\/2021\/12\/The-Reverie-Saigon-The-Spa-Model-II-1920x1080-1-960x0-c-default.webp 1900w,\"\n\t\t\t\tsizes=\"100vw\" alt=\"The Reverie Saigon | The Spa | Spa and Beauty Treatments\" type=\"image\/webp\">\n\t\t\t\t\t\t<img decoding=\"async\" src=\"https:\/\/www.thereveriesaigon.com\/wp-content\/uploads\/2021\/12\/The-Reverie-Saigon-The-Spa-Model-II-1920x1080-1.jpg\" alt=\"The Reverie Saigon | The Spa | Spa and Beauty Treatments\" class=\"m-res-h bg-primary div-fill-soft row-600 m-row-200 m-w-100 block\" loading=\"lazy\">\n\t\t<\/picture>\n\t\t\t\t\t\t\t\t\t\t\t\n\t\t\t\t\n\t\t\t\t\t\t\t\t\n\t\t\t\t\t\t\t<\/div>\n\t\t<\/div>\n\t<\/div>","protected":false},"excerpt":{"rendered":"","protected":false},"author":9,"featured_media":0,"parent":11380,"menu_order":56,"comment_status":"closed","ping_status":"closed","template":"","meta":{"_acf_changed":false,"inline_featured_image":false,"footnotes":""},"class_list":["post-13538","page","type-page","status-publish","hentry"],"acf":{"default":"is_default_theme","theme_type":"is_default_theme"},"yoast_head":"<!-- This site is optimized with the Yoast SEO plugin v27.0 - https:\/\/yoast.com\/product\/yoast-seo-wordpress\/ -->\n<title>The Reverie Saigon | G\u00f3i &amp; Khuy\u1ebfn m\u00e3i | Spa sang tr\u1ecdng t\u1ea1i Vi\u1ec7t Nam<\/title>\n<meta name=\"description\" content=\"Tham kh\u1ea3o th\u00eam nh\u1eefng g\u00f3i tr\u1ecb li\u1ec7u v\u00e0 \u01b0u \u0111\u00e3i m\u1edbi nh\u1ea5t c\u1ee7a ch\u00fang t\u00f4i\" \/>\n<meta name=\"robots\" content=\"index, follow, max-snippet:-1, max-image-preview:large, max-video-preview:-1\" \/>\n<link rel=\"canonical\" href=\"https:\/\/www.thereveriesaigon.com\/vi\/spa-phong-tap-the-hinh\/goi-spa-va-uu-dai\/\" \/>\n<meta property=\"og:locale\" content=\"vi_VN\" \/>\n<meta property=\"og:type\" content=\"article\" \/>\n<meta property=\"og:title\" content=\"The Reverie Saigon | G\u00f3i &amp; Khuy\u1ebfn m\u00e3i | Spa sang tr\u1ecdng t\u1ea1i Vi\u1ec7t Nam\" \/>\n<meta property=\"og:description\" content=\"Tham kh\u1ea3o th\u00eam nh\u1eefng g\u00f3i tr\u1ecb li\u1ec7u v\u00e0 \u01b0u \u0111\u00e3i m\u1edbi nh\u1ea5t c\u1ee7a ch\u00fang t\u00f4i\" \/>\n<meta property=\"og:url\" content=\"https:\/\/www.thereveriesaigon.com\/vi\/spa-phong-tap-the-hinh\/goi-spa-va-uu-dai\/\" \/>\n<meta property=\"og:site_name\" content=\"The Reverie Saigon\" \/>\n<meta property=\"article:modified_time\" content=\"2025-09-30T10:41:02+00:00\" \/>\n<meta name=\"twitter:card\" content=\"summary_large_image\" \/>\n<script type=\"application\/ld+json\" class=\"yoast-schema-graph\">{\"@context\":\"https:\/\/schema.org\",\"@graph\":[{\"@type\":\"WebPage\",\"@id\":\"https:\/\/www.thereveriesaigon.com\/vi\/spa-phong-tap-the-hinh\/goi-spa-va-uu-dai\/\",\"url\":\"https:\/\/www.thereveriesaigon.com\/vi\/spa-phong-tap-the-hinh\/goi-spa-va-uu-dai\/\",\"name\":\"The Reverie Saigon | G\u00f3i & Khuy\u1ebfn m\u00e3i | Spa sang tr\u1ecdng t\u1ea1i Vi\u1ec7t Nam\",\"isPartOf\":{\"@id\":\"https:\/\/www.thereveriesaigon.com\/#website\"},\"datePublished\":\"2021-11-08T12:35:31+00:00\",\"dateModified\":\"2025-09-30T10:41:02+00:00\",\"description\":\"Tham kh\u1ea3o th\u00eam nh\u1eefng g\u00f3i tr\u1ecb li\u1ec7u v\u00e0 \u01b0u \u0111\u00e3i m\u1edbi nh\u1ea5t c\u1ee7a ch\u00fang t\u00f4i\",\"breadcrumb\":{\"@id\":\"https:\/\/www.thereveriesaigon.com\/vi\/spa-phong-tap-the-hinh\/goi-spa-va-uu-dai\/#breadcrumb\"},\"inLanguage\":\"vi-VN\",\"potentialAction\":[{\"@type\":\"ReadAction\",\"target\":[\"https:\/\/www.thereveriesaigon.com\/vi\/spa-phong-tap-the-hinh\/goi-spa-va-uu-dai\/\"]}]},{\"@type\":\"BreadcrumbList\",\"@id\":\"https:\/\/www.thereveriesaigon.com\/vi\/spa-phong-tap-the-hinh\/goi-spa-va-uu-dai\/#breadcrumb\",\"itemListElement\":[{\"@type\":\"ListItem\",\"position\":1,\"name\":\"Spa &#038; Ph\u00f2ng t\u1eadp\",\"item\":\"https:\/\/www.thereveriesaigon.com\/vi\/spa-phong-tap-the-hinh\/\"},{\"@type\":\"ListItem\",\"position\":2,\"name\":\"G\u00f3i &#038; Khuy\u1ebfn m\u00e3i\"}]},{\"@type\":\"WebSite\",\"@id\":\"https:\/\/www.thereveriesaigon.com\/#website\",\"url\":\"https:\/\/www.thereveriesaigon.com\/\",\"name\":\"The Reverie Saigon\",\"description\":\"\",\"publisher\":{\"@id\":\"https:\/\/www.thereveriesaigon.com\/#organization\"},\"potentialAction\":[{\"@type\":\"SearchAction\",\"target\":{\"@type\":\"EntryPoint\",\"urlTemplate\":\"https:\/\/www.thereveriesaigon.com\/?s={search_term_string}\"},\"query-input\":{\"@type\":\"PropertyValueSpecification\",\"valueRequired\":true,\"valueName\":\"search_term_string\"}}],\"inLanguage\":\"vi-VN\"},{\"@type\":\"Organization\",\"@id\":\"https:\/\/www.thereveriesaigon.com\/#organization\",\"name\":\"The Reverie Saigon\",\"url\":\"https:\/\/www.thereveriesaigon.com\/\",\"logo\":{\"@type\":\"ImageObject\",\"inLanguage\":\"vi-VN\",\"@id\":\"https:\/\/www.thereveriesaigon.com\/#\/schema\/logo\/image\/\",\"url\":\"https:\/\/www.thereveriesaigon.com\/wp-content\/uploads\/2021\/11\/TRS-Master-Wine-List-5.pdf2021\/11\/TRS-Master-Wine-List-4.pdf2021\/11\/TRS-Master-Wine-List-5.pdf2021\/11\/Thousands-of-Shining-Star-3.pdf2021\/11\/Thousands-of-Shining-Star-4.pdf2021\/11\/Thousands-of-Shining-Star.pdf2021\/11\/Chef-Wong-s-Recommendation-August.pdf2022\/11\/Truffle-menu---Caf-Cardinal.pdf2022\/11\/Truffle-menu---Da-Vittorio-Saigon.pdf2021\/10\/The-Reverie-Logo.jpg\",\"contentUrl\":\"https:\/\/www.thereveriesaigon.com\/wp-content\/uploads\/2021\/11\/TRS-Master-Wine-List-5.pdf2021\/11\/TRS-Master-Wine-List-4.pdf2021\/11\/TRS-Master-Wine-List-5.pdf2021\/11\/Thousands-of-Shining-Star-3.pdf2021\/11\/Thousands-of-Shining-Star-4.pdf2021\/11\/Thousands-of-Shining-Star.pdf2021\/11\/Chef-Wong-s-Recommendation-August.pdf2022\/11\/Truffle-menu---Caf-Cardinal.pdf2022\/11\/Truffle-menu---Da-Vittorio-Saigon.pdf2021\/10\/The-Reverie-Logo.jpg\",\"width\":2000,\"height\":1597,\"caption\":\"The Reverie Saigon\"},\"image\":{\"@id\":\"https:\/\/www.thereveriesaigon.com\/#\/schema\/logo\/image\/\"}}]}<\/script>\n<!-- \/ Yoast SEO plugin. -->","yoast_head_json":{"title":"The Reverie Saigon | G\u00f3i & Khuy\u1ebfn m\u00e3i | Spa sang tr\u1ecdng t\u1ea1i Vi\u1ec7t Nam","description":"Tham kh\u1ea3o th\u00eam nh\u1eefng g\u00f3i tr\u1ecb li\u1ec7u v\u00e0 \u01b0u \u0111\u00e3i m\u1edbi nh\u1ea5t c\u1ee7a ch\u00fang t\u00f4i","robots":{"index":"index","follow":"follow","max-snippet":"max-snippet:-1","max-image-preview":"max-image-preview:large","max-video-preview":"max-video-preview:-1"},"canonical":"https:\/\/www.thereveriesaigon.com\/vi\/spa-phong-tap-the-hinh\/goi-spa-va-uu-dai\/","og_locale":"vi_VN","og_type":"article","og_title":"The Reverie Saigon | G\u00f3i & Khuy\u1ebfn m\u00e3i | Spa sang tr\u1ecdng t\u1ea1i Vi\u1ec7t Nam","og_description":"Tham kh\u1ea3o th\u00eam nh\u1eefng g\u00f3i tr\u1ecb li\u1ec7u v\u00e0 \u01b0u \u0111\u00e3i m\u1edbi nh\u1ea5t c\u1ee7a ch\u00fang t\u00f4i","og_url":"https:\/\/www.thereveriesaigon.com\/vi\/spa-phong-tap-the-hinh\/goi-spa-va-uu-dai\/","og_site_name":"The Reverie Saigon","article_modified_time":"2025-09-30T10:41:02+00:00","twitter_card":"summary_large_image","schema":{"@context":"https:\/\/schema.org","@graph":[{"@type":"WebPage","@id":"https:\/\/www.thereveriesaigon.com\/vi\/spa-phong-tap-the-hinh\/goi-spa-va-uu-dai\/","url":"https:\/\/www.thereveriesaigon.com\/vi\/spa-phong-tap-the-hinh\/goi-spa-va-uu-dai\/","name":"The Reverie Saigon | G\u00f3i & Khuy\u1ebfn m\u00e3i | Spa sang tr\u1ecdng t\u1ea1i Vi\u1ec7t Nam","isPartOf":{"@id":"https:\/\/www.thereveriesaigon.com\/#website"},"datePublished":"2021-11-08T12:35:31+00:00","dateModified":"2025-09-30T10:41:02+00:00","description":"Tham kh\u1ea3o th\u00eam nh\u1eefng g\u00f3i tr\u1ecb li\u1ec7u v\u00e0 \u01b0u \u0111\u00e3i m\u1edbi nh\u1ea5t c\u1ee7a ch\u00fang t\u00f4i","breadcrumb":{"@id":"https:\/\/www.thereveriesaigon.com\/vi\/spa-phong-tap-the-hinh\/goi-spa-va-uu-dai\/#breadcrumb"},"inLanguage":"vi-VN","potentialAction":[{"@type":"ReadAction","target":["https:\/\/www.thereveriesaigon.com\/vi\/spa-phong-tap-the-hinh\/goi-spa-va-uu-dai\/"]}]},{"@type":"BreadcrumbList","@id":"https:\/\/www.thereveriesaigon.com\/vi\/spa-phong-tap-the-hinh\/goi-spa-va-uu-dai\/#breadcrumb","itemListElement":[{"@type":"ListItem","position":1,"name":"Spa &#038; Ph\u00f2ng t\u1eadp","item":"https:\/\/www.thereveriesaigon.com\/vi\/spa-phong-tap-the-hinh\/"},{"@type":"ListItem","position":2,"name":"G\u00f3i &#038; Khuy\u1ebfn m\u00e3i"}]},{"@type":"WebSite","@id":"https:\/\/www.thereveriesaigon.com\/#website","url":"https:\/\/www.thereveriesaigon.com\/","name":"The Reverie Saigon","description":"","publisher":{"@id":"https:\/\/www.thereveriesaigon.com\/#organization"},"potentialAction":[{"@type":"SearchAction","target":{"@type":"EntryPoint","urlTemplate":"https:\/\/www.thereveriesaigon.com\/?s={search_term_string}"},"query-input":{"@type":"PropertyValueSpecification","valueRequired":true,"valueName":"search_term_string"}}],"inLanguage":"vi-VN"},{"@type":"Organization","@id":"https:\/\/www.thereveriesaigon.com\/#organization","name":"The Reverie Saigon","url":"https:\/\/www.thereveriesaigon.com\/","logo":{"@type":"ImageObject","inLanguage":"vi-VN","@id":"https:\/\/www.thereveriesaigon.com\/#\/schema\/logo\/image\/","url":"https:\/\/www.thereveriesaigon.com\/wp-content\/uploads\/2021\/11\/TRS-Master-Wine-List-5.pdf2021\/11\/TRS-Master-Wine-List-4.pdf2021\/11\/TRS-Master-Wine-List-5.pdf2021\/11\/Thousands-of-Shining-Star-3.pdf2021\/11\/Thousands-of-Shining-Star-4.pdf2021\/11\/Thousands-of-Shining-Star.pdf2021\/11\/Chef-Wong-s-Recommendation-August.pdf2022\/11\/Truffle-menu---Caf-Cardinal.pdf2022\/11\/Truffle-menu---Da-Vittorio-Saigon.pdf2021\/10\/The-Reverie-Logo.jpg","contentUrl":"https:\/\/www.thereveriesaigon.com\/wp-content\/uploads\/2021\/11\/TRS-Master-Wine-List-5.pdf2021\/11\/TRS-Master-Wine-List-4.pdf2021\/11\/TRS-Master-Wine-List-5.pdf2021\/11\/Thousands-of-Shining-Star-3.pdf2021\/11\/Thousands-of-Shining-Star-4.pdf2021\/11\/Thousands-of-Shining-Star.pdf2021\/11\/Chef-Wong-s-Recommendation-August.pdf2022\/11\/Truffle-menu---Caf-Cardinal.pdf2022\/11\/Truffle-menu---Da-Vittorio-Saigon.pdf2021\/10\/The-Reverie-Logo.jpg","width":2000,"height":1597,"caption":"The Reverie Saigon"},"image":{"@id":"https:\/\/www.thereveriesaigon.com\/#\/schema\/logo\/image\/"}}]}},"_links":{"self":[{"href":"https:\/\/www.thereveriesaigon.com\/vi\/wp-json\/wp\/v2\/pages\/13538","targetHints":{"allow":["GET"]}}],"collection":[{"href":"https:\/\/www.thereveriesaigon.com\/vi\/wp-json\/wp\/v2\/pages"}],"about":[{"href":"https:\/\/www.thereveriesaigon.com\/vi\/wp-json\/wp\/v2\/types\/page"}],"author":[{"embeddable":true,"href":"https:\/\/www.thereveriesaigon.com\/vi\/wp-json\/wp\/v2\/users\/9"}],"replies":[{"embeddable":true,"href":"https:\/\/www.thereveriesaigon.com\/vi\/wp-json\/wp\/v2\/comments?post=13538"}],"version-history":[{"count":3,"href":"https:\/\/www.thereveriesaigon.com\/vi\/wp-json\/wp\/v2\/pages\/13538\/revisions"}],"predecessor-version":[{"id":40276,"href":"https:\/\/www.thereveriesaigon.com\/vi\/wp-json\/wp\/v2\/pages\/13538\/revisions\/40276"}],"up":[{"embeddable":true,"href":"https:\/\/www.thereveriesaigon.com\/vi\/wp-json\/wp\/v2\/pages\/11380"}],"wp:attachment":[{"href":"https:\/\/www.thereveriesaigon.com\/vi\/wp-json\/wp\/v2\/media?parent=13538"}],"curies":[{"name":"wp","href":"https:\/\/api.w.org\/{rel}","templated":true}]}}