{"id":1472,"date":"2021-07-26T08:23:38","date_gmt":"2021-07-26T07:23:38","guid":{"rendered":"https:\/\/www.thereveriesaigon.com\/tong-quan-ve-uu-dai-dac-biet\/"},"modified":"2025-10-30T09:04:37","modified_gmt":"2025-10-30T09:04:37","slug":"uu-dai-dac-biet","status":"publish","type":"page","link":"https:\/\/www.thereveriesaigon.com\/vi\/uu-dai-dac-biet\/","title":{"rendered":"Xem t\u1ea5t c\u1ea3 \u01b0u \u0111\u00e3i"},"content":{"rendered":"<div data-type=\"organism\" data-temp=\"header-image-block.twig\" class=\"header-image-block \">\n    <div class=\"bg-secondary relative\">\n        <div class=\"site-width flex justify-center flex-column vh-90 \">\n                        <h1 class=\"fs-120 ff-2 t-shadow c-white relative z-20\">\n               <i class=\"fs-110\"><i>T\u1ea5t C\u1ea3 \u01af<\/i>u \u0110\u00e3i<\/i><br>\n               <span>&#038; S\u1ef1 Ki\u1ec7n<\/span>\n            <\/h1> \n                        \n        <\/div>\n\n        \n\t \n\t \n\t\t \n\t \n\n\n\n\n\n\n\n\t\t\t<picture>\n\t\t\t<source srcset=\"\n\t\t\t\thttps:\/\/www.thereveriesaigon.com\/wp-content\/uploads\/2023\/02\/The-Reverie-Saigon-Cafe-Cardinal-II-1-1-300x211.jpg 379w, \n\t\t\t\thttps:\/\/www.thereveriesaigon.com\/wp-content\/uploads\/2023\/02\/The-Reverie-Saigon-Cafe-Cardinal-II-1-1-300x211.jpg 420w, \n\t\t\t\thttps:\/\/www.thereveriesaigon.com\/wp-content\/uploads\/2023\/02\/The-Reverie-Saigon-Cafe-Cardinal-II-1-1-1024x721.jpg 768w, \n\t\t\t\thttps:\/\/www.thereveriesaigon.com\/wp-content\/uploads\/2023\/02\/The-Reverie-Saigon-Cafe-Cardinal-II-1-1-1200x845.jpg 1020w, \n\t\t\t\thttps:\/\/www.thereveriesaigon.com\/wp-content\/uploads\/2023\/02\/The-Reverie-Saigon-Cafe-Cardinal-II-1-1.jpg 1600w, \n\t\t\t\thttps:\/\/www.thereveriesaigon.com\/wp-content\/uploads\/2023\/02\/The-Reverie-Saigon-Cafe-Cardinal-II-1-1.jpg 1900w,\"\n\t\t\t\tsizes=\"100vw\" alt=\"The-Reverie-Saigon-Cafe-Cardinal\" type=\"image\/webp\">\n\t\t\t\t\t\t<img decoding=\"async\" src=\"https:\/\/www.thereveriesaigon.com\/wp-content\/uploads\/2023\/02\/The-Reverie-Saigon-Cafe-Cardinal-II-1-1.jpg\" alt=\"The-Reverie-Saigon-Cafe-Cardinal\" class=\"div-fill absolute z-10\"  loading=\"lazy\">\n\t\t<\/picture>\n\t    <\/div>\n<\/div><div id=\"filter-and-comparison-block\" class=\"filter-and-comparison-block mt-150 mb-160\" data-type=\"organism\" data-temp=\"filter-and-comparison-block.twig\">\n\t<div class=\"site-width is_top\">\n\t\t<!-- Bar -->\n\t\t<div class=\"filter-and-comparison-bar flex m-flex-wrap\">\n\t\t\t<!-- Filter -->\n\t\t\t\n\t\t\t<div class=\"w-50 m-w-100  m-mt-10\">\n\n\t\t\t\t\t\t\t\t\t<h2 class=\"ff-2 fs-40 i-gold mb-40\">Xem c\u00e1c \u01b0u \u0111\u00e3i v\u00e0 s\u1ef1 ki\u1ec7n <em>m\u1edbi nh\u1ea5t c\u1ee7a ch\u00fang t\u00f4i<\/em><\/h2>\n\t\t\t\t\t<ul id=\"filter-list\" class=\"tt-uppercase flex\">\n\t\t\t\t\t\t<li class=\"mr-60\">\n\t\t\t\t\t\t\t<a class=\"data-filter data-filter-active\" data-filter=\"all\" data-filter-roomtype=\"all\" data-filter-name=\"T\u1ea5t c\u1ea3\" data-filter-method=\"special-offers\" >T\u1ea5t c\u1ea3<\/a>\n\t\t\t\t\t\t<\/li>\n\t\t\t\t\t\t\t\t\t\t\t\t\t<li class=\"mr-60\">\n\t\t\t\t\t\t\t\t<a class=\"data-filter\" data-filter=\"all\" data-filter-roomtype=\"106\" data-filter-name=\"\u1ea9m th\u1ef1c\" data-filter-method=\"special-offers\" >\u1ea8m Th\u1ef1c<\/a>\n\t\t\t\t\t\t\t<\/li>\n\t\t\t\t\t\t\t\t\t\t\t\t\t<li class=\"mr-60\">\n\t\t\t\t\t\t\t\t<a class=\"data-filter\" data-filter=\"all\" data-filter-roomtype=\"109\" data-filter-name=\"phong c\u00e1ch s\u1ed1ng\" data-filter-method=\"special-offers\" >Phong c\u00e1ch s\u1ed1ng<\/a>\n\t\t\t\t\t\t\t<\/li>\n\t\t\t\t\t\t\t\t\t\t\t\t\t<li class=\"mr-60\">\n\t\t\t\t\t\t\t\t<a class=\"data-filter\" data-filter=\"all\" data-filter-roomtype=\"147\" data-filter-name=\"ph\u00f2ng ngh\u1ec9\" data-filter-method=\"special-offers\" >Ph\u00f2ng ngh\u1ec9<\/a>\n\t\t\t\t\t\t\t<\/li>\n\t\t\t\t\t\t\t\t\t\t\t\t\t<li class=\"mr-60\">\n\t\t\t\t\t\t\t\t<a class=\"data-filter\" data-filter=\"all\" data-filter-roomtype=\"113\" data-filter-name=\"spa\" data-filter-method=\"special-offers\" >Spa<\/a>\n\t\t\t\t\t\t\t<\/li>\n\t\t\t\t\t\t\t\t\t\t\t\t\n\t\t\t\t\t<\/ul>\n\t\t\t\t\n\t\t\t<\/div>\n\t\t\n\t\t\t<div id=\"additional-filter-options\">\n\t\t\t\t\t\t\t\t\t<div data-attr=\"disable_compare\"><\/div>\n\t\t\t\t\t\t\t<\/div>\n\t\t\t\n\t\t\t<!-- Comparison -->\n\t\t\t<div id=\"compare-section\" class=\"w-50 m-w-100  m-mt-10\">\n\t\t\t\t\t\t\t<\/div>\n\n\t\t<\/div>\n\n\t<\/div>\n\n\t<div id=\"filter-results\" class=\"filter-and-comparison-results\" data-filter-default=\"special-offers\">\n\t<\/div>\n\n\t\t\t<!-- <div class=\"filter-and-comparison-footer flex justify-center\">\n\t\t\t<a id=\"filter-more\" href=\"#filter-more\" class=\"btn\">Xem Th\u00eam<\/a>\n\t\t<\/div> -->\n\t\n\n\t<div id=\"comparison-window\" class=\"pt-160 side-scrolling\">\n\t\t<div class=\"flex m-flex-column site-width justify-start pt-80 m-pt-80\">\n\t\t\t\n\t\t<\/div>\n\t\t<div class=\"close-comparison-window\"><\/div>\n\t\t<div class=\"temp-data\">\n\t\t\t<div data-comparison=\"1\" class=\"comparison\">\n\t\t\t\t\n\t\t\t<\/div>\n\t\t\t<div data-comparison=\"2\" class=\"comparison\">\n\t\t\t\t\n\t\t\t<\/div>\n\t\t\t<div data-comparison=\"3\" class=\"comparison\">\n\t\t\t\t\n\t\t\t<\/div>\n\t\t<\/div>\n\t<\/div>\n<\/div>","protected":false},"excerpt":{"rendered":"","protected":false},"author":1,"featured_media":0,"parent":0,"menu_order":109,"comment_status":"closed","ping_status":"closed","template":"","meta":{"_acf_changed":false,"inline_featured_image":false,"footnotes":""},"class_list":["post-1472","page","type-page","status-publish","hentry"],"acf":{"default":"is_default_theme","theme_type":"is_default_theme"},"yoast_head":"<!-- This site is optimized with the Yoast SEO plugin v27.0 - https:\/\/yoast.com\/product\/yoast-seo-wordpress\/ -->\n<title>The Reverie Saigon | Xem t\u1ea5t c\u1ea3 \u01b0u \u0111\u00e3i | \u01afu \u0111\u00e3i \u0111\u1eb7c bi\u1ec7t g\u1ea7n nh\u1ea5t<\/title>\n<meta name=\"description\" content=\"Xem c\u00e1c \u01b0u \u0111\u00e3i v\u00e0 s\u1ef1 ki\u1ec7n m\u1edbi nh\u1ea5t c\u1ee7a ch\u00fang t\u00f4i\" \/>\n<meta name=\"robots\" content=\"index, follow, max-snippet:-1, max-image-preview:large, max-video-preview:-1\" \/>\n<link rel=\"canonical\" href=\"https:\/\/www.thereveriesaigon.com\/vi\/uu-dai-dac-biet\/\" \/>\n<meta property=\"og:locale\" content=\"vi_VN\" \/>\n<meta property=\"og:type\" content=\"article\" \/>\n<meta property=\"og:title\" content=\"The Reverie Saigon | Xem t\u1ea5t c\u1ea3 \u01b0u \u0111\u00e3i | \u01afu \u0111\u00e3i \u0111\u1eb7c bi\u1ec7t g\u1ea7n nh\u1ea5t\" \/>\n<meta property=\"og:description\" content=\"Xem c\u00e1c \u01b0u \u0111\u00e3i v\u00e0 s\u1ef1 ki\u1ec7n m\u1edbi nh\u1ea5t c\u1ee7a ch\u00fang t\u00f4i\" \/>\n<meta property=\"og:url\" content=\"https:\/\/www.thereveriesaigon.com\/vi\/uu-dai-dac-biet\/\" \/>\n<meta property=\"og:site_name\" content=\"The Reverie Saigon\" \/>\n<meta property=\"article:modified_time\" content=\"2025-10-30T09:04:37+00:00\" \/>\n<meta name=\"twitter:card\" content=\"summary_large_image\" \/>\n<script type=\"application\/ld+json\" class=\"yoast-schema-graph\">{\"@context\":\"https:\/\/schema.org\",\"@graph\":[{\"@type\":\"WebPage\",\"@id\":\"https:\/\/www.thereveriesaigon.com\/vi\/uu-dai-dac-biet\/\",\"url\":\"https:\/\/www.thereveriesaigon.com\/vi\/uu-dai-dac-biet\/\",\"name\":\"The Reverie Saigon | Xem t\u1ea5t c\u1ea3 \u01b0u \u0111\u00e3i | \u01afu \u0111\u00e3i \u0111\u1eb7c bi\u1ec7t g\u1ea7n nh\u1ea5t\",\"isPartOf\":{\"@id\":\"https:\/\/www.thereveriesaigon.com\/#website\"},\"datePublished\":\"2021-07-26T07:23:38+00:00\",\"dateModified\":\"2025-10-30T09:04:37+00:00\",\"description\":\"Xem c\u00e1c \u01b0u \u0111\u00e3i v\u00e0 s\u1ef1 ki\u1ec7n m\u1edbi nh\u1ea5t c\u1ee7a ch\u00fang t\u00f4i\",\"inLanguage\":\"vi-VN\",\"potentialAction\":[{\"@type\":\"ReadAction\",\"target\":[\"https:\/\/www.thereveriesaigon.com\/vi\/uu-dai-dac-biet\/\"]}]},{\"@type\":\"WebSite\",\"@id\":\"https:\/\/www.thereveriesaigon.com\/#website\",\"url\":\"https:\/\/www.thereveriesaigon.com\/\",\"name\":\"The Reverie Saigon\",\"description\":\"\",\"publisher\":{\"@id\":\"https:\/\/www.thereveriesaigon.com\/#organization\"},\"potentialAction\":[{\"@type\":\"SearchAction\",\"target\":{\"@type\":\"EntryPoint\",\"urlTemplate\":\"https:\/\/www.thereveriesaigon.com\/?s={search_term_string}\"},\"query-input\":{\"@type\":\"PropertyValueSpecification\",\"valueRequired\":true,\"valueName\":\"search_term_string\"}}],\"inLanguage\":\"vi-VN\"},{\"@type\":\"Organization\",\"@id\":\"https:\/\/www.thereveriesaigon.com\/#organization\",\"name\":\"The Reverie Saigon\",\"url\":\"https:\/\/www.thereveriesaigon.com\/\",\"logo\":{\"@type\":\"ImageObject\",\"inLanguage\":\"vi-VN\",\"@id\":\"https:\/\/www.thereveriesaigon.com\/#\/schema\/logo\/image\/\",\"url\":\"https:\/\/www.thereveriesaigon.com\/wp-content\/uploads\/2021\/11\/TRS-Master-Wine-List-5.pdf2021\/11\/TRS-Master-Wine-List-4.pdf2021\/11\/TRS-Master-Wine-List-5.pdf2021\/11\/Thousands-of-Shining-Star-3.pdf2021\/11\/Thousands-of-Shining-Star-4.pdf2021\/11\/Thousands-of-Shining-Star.pdf2021\/11\/Chef-Wong-s-Recommendation-August.pdf2022\/11\/Truffle-menu---Caf-Cardinal.pdf2022\/11\/Truffle-menu---Da-Vittorio-Saigon.pdf2021\/10\/The-Reverie-Logo.jpg\",\"contentUrl\":\"https:\/\/www.thereveriesaigon.com\/wp-content\/uploads\/2021\/11\/TRS-Master-Wine-List-5.pdf2021\/11\/TRS-Master-Wine-List-4.pdf2021\/11\/TRS-Master-Wine-List-5.pdf2021\/11\/Thousands-of-Shining-Star-3.pdf2021\/11\/Thousands-of-Shining-Star-4.pdf2021\/11\/Thousands-of-Shining-Star.pdf2021\/11\/Chef-Wong-s-Recommendation-August.pdf2022\/11\/Truffle-menu---Caf-Cardinal.pdf2022\/11\/Truffle-menu---Da-Vittorio-Saigon.pdf2021\/10\/The-Reverie-Logo.jpg\",\"width\":2000,\"height\":1597,\"caption\":\"The Reverie Saigon\"},\"image\":{\"@id\":\"https:\/\/www.thereveriesaigon.com\/#\/schema\/logo\/image\/\"}}]}<\/script>\n<!-- \/ Yoast SEO plugin. -->","yoast_head_json":{"title":"The Reverie Saigon | Xem t\u1ea5t c\u1ea3 \u01b0u \u0111\u00e3i | \u01afu \u0111\u00e3i \u0111\u1eb7c bi\u1ec7t g\u1ea7n nh\u1ea5t","description":"Xem c\u00e1c \u01b0u \u0111\u00e3i v\u00e0 s\u1ef1 ki\u1ec7n m\u1edbi nh\u1ea5t c\u1ee7a ch\u00fang t\u00f4i","robots":{"index":"index","follow":"follow","max-snippet":"max-snippet:-1","max-image-preview":"max-image-preview:large","max-video-preview":"max-video-preview:-1"},"canonical":"https:\/\/www.thereveriesaigon.com\/vi\/uu-dai-dac-biet\/","og_locale":"vi_VN","og_type":"article","og_title":"The Reverie Saigon | Xem t\u1ea5t c\u1ea3 \u01b0u \u0111\u00e3i | \u01afu \u0111\u00e3i \u0111\u1eb7c bi\u1ec7t g\u1ea7n nh\u1ea5t","og_description":"Xem c\u00e1c \u01b0u \u0111\u00e3i v\u00e0 s\u1ef1 ki\u1ec7n m\u1edbi nh\u1ea5t c\u1ee7a ch\u00fang t\u00f4i","og_url":"https:\/\/www.thereveriesaigon.com\/vi\/uu-dai-dac-biet\/","og_site_name":"The Reverie Saigon","article_modified_time":"2025-10-30T09:04:37+00:00","twitter_card":"summary_large_image","schema":{"@context":"https:\/\/schema.org","@graph":[{"@type":"WebPage","@id":"https:\/\/www.thereveriesaigon.com\/vi\/uu-dai-dac-biet\/","url":"https:\/\/www.thereveriesaigon.com\/vi\/uu-dai-dac-biet\/","name":"The Reverie Saigon | Xem t\u1ea5t c\u1ea3 \u01b0u \u0111\u00e3i | \u01afu \u0111\u00e3i \u0111\u1eb7c bi\u1ec7t g\u1ea7n nh\u1ea5t","isPartOf":{"@id":"https:\/\/www.thereveriesaigon.com\/#website"},"datePublished":"2021-07-26T07:23:38+00:00","dateModified":"2025-10-30T09:04:37+00:00","description":"Xem c\u00e1c \u01b0u \u0111\u00e3i v\u00e0 s\u1ef1 ki\u1ec7n m\u1edbi nh\u1ea5t c\u1ee7a ch\u00fang t\u00f4i","inLanguage":"vi-VN","potentialAction":[{"@type":"ReadAction","target":["https:\/\/www.thereveriesaigon.com\/vi\/uu-dai-dac-biet\/"]}]},{"@type":"WebSite","@id":"https:\/\/www.thereveriesaigon.com\/#website","url":"https:\/\/www.thereveriesaigon.com\/","name":"The Reverie Saigon","description":"","publisher":{"@id":"https:\/\/www.thereveriesaigon.com\/#organization"},"potentialAction":[{"@type":"SearchAction","target":{"@type":"EntryPoint","urlTemplate":"https:\/\/www.thereveriesaigon.com\/?s={search_term_string}"},"query-input":{"@type":"PropertyValueSpecification","valueRequired":true,"valueName":"search_term_string"}}],"inLanguage":"vi-VN"},{"@type":"Organization","@id":"https:\/\/www.thereveriesaigon.com\/#organization","name":"The Reverie Saigon","url":"https:\/\/www.thereveriesaigon.com\/","logo":{"@type":"ImageObject","inLanguage":"vi-VN","@id":"https:\/\/www.thereveriesaigon.com\/#\/schema\/logo\/image\/","url":"https:\/\/www.thereveriesaigon.com\/wp-content\/uploads\/2021\/11\/TRS-Master-Wine-List-5.pdf2021\/11\/TRS-Master-Wine-List-4.pdf2021\/11\/TRS-Master-Wine-List-5.pdf2021\/11\/Thousands-of-Shining-Star-3.pdf2021\/11\/Thousands-of-Shining-Star-4.pdf2021\/11\/Thousands-of-Shining-Star.pdf2021\/11\/Chef-Wong-s-Recommendation-August.pdf2022\/11\/Truffle-menu---Caf-Cardinal.pdf2022\/11\/Truffle-menu---Da-Vittorio-Saigon.pdf2021\/10\/The-Reverie-Logo.jpg","contentUrl":"https:\/\/www.thereveriesaigon.com\/wp-content\/uploads\/2021\/11\/TRS-Master-Wine-List-5.pdf2021\/11\/TRS-Master-Wine-List-4.pdf2021\/11\/TRS-Master-Wine-List-5.pdf2021\/11\/Thousands-of-Shining-Star-3.pdf2021\/11\/Thousands-of-Shining-Star-4.pdf2021\/11\/Thousands-of-Shining-Star.pdf2021\/11\/Chef-Wong-s-Recommendation-August.pdf2022\/11\/Truffle-menu---Caf-Cardinal.pdf2022\/11\/Truffle-menu---Da-Vittorio-Saigon.pdf2021\/10\/The-Reverie-Logo.jpg","width":2000,"height":1597,"caption":"The Reverie Saigon"},"image":{"@id":"https:\/\/www.thereveriesaigon.com\/#\/schema\/logo\/image\/"}}]}},"_links":{"self":[{"href":"https:\/\/www.thereveriesaigon.com\/vi\/wp-json\/wp\/v2\/pages\/1472","targetHints":{"allow":["GET"]}}],"collection":[{"href":"https:\/\/www.thereveriesaigon.com\/vi\/wp-json\/wp\/v2\/pages"}],"about":[{"href":"https:\/\/www.thereveriesaigon.com\/vi\/wp-json\/wp\/v2\/types\/page"}],"author":[{"embeddable":true,"href":"https:\/\/www.thereveriesaigon.com\/vi\/wp-json\/wp\/v2\/users\/1"}],"replies":[{"embeddable":true,"href":"https:\/\/www.thereveriesaigon.com\/vi\/wp-json\/wp\/v2\/comments?post=1472"}],"version-history":[{"count":4,"href":"https:\/\/www.thereveriesaigon.com\/vi\/wp-json\/wp\/v2\/pages\/1472\/revisions"}],"predecessor-version":[{"id":42145,"href":"https:\/\/www.thereveriesaigon.com\/vi\/wp-json\/wp\/v2\/pages\/1472\/revisions\/42145"}],"wp:attachment":[{"href":"https:\/\/www.thereveriesaigon.com\/vi\/wp-json\/wp\/v2\/media?parent=1472"}],"curies":[{"name":"wp","href":"https:\/\/api.w.org\/{rel}","templated":true}]}}