{"id":17760,"date":"2022-03-07T11:00:15","date_gmt":"2022-03-07T11:00:15","guid":{"rendered":"https:\/\/www.thereveriesaigon.com\/thong-tin-ve-covid-19\/"},"modified":"2022-05-25T09:33:13","modified_gmt":"2022-05-25T08:33:13","slug":"thong-tin-ve-covid-19","status":"publish","type":"page","link":"https:\/\/www.thereveriesaigon.com\/vi\/thong-tin-ve-covid-19\/","title":{"rendered":"Th\u00f4ng tin v\u1ec1 Covid-19"},"content":{"rendered":"<div data-type=\"organism\" data-temp=\"header-image-block.twig\" class=\"header-image-block \">\n    <div class=\"bg-secondary relative\">\n        <div class=\"site-width flex justify-center flex-column vh-90 \">\n                        <h1 class=\"fs-120 ff-2 t-shadow c-white relative z-20\">\n               <i class=\"fs-110\">Covid-19<\/i><br>\n               <span>Th\u00f4ng tin v\u1ec1 Covid-19<\/span>\n            <\/h1> \n                        \n        <\/div>\n\n        \n\t \n\t \n\t\t \n\t \n\n\n\n\n\n\n\n\t\t\t<picture>\n\t\t\t<source srcset=\"\n\t\t\t\thttps:\/\/www.thereveriesaigon.com\/wp-content\/uploads\/2021\/12\/The-Reverie-Saigon-Exterior-at-Sunset-300x169.jpg 379w, \n\t\t\t\thttps:\/\/www.thereveriesaigon.com\/wp-content\/uploads\/2021\/12\/The-Reverie-Saigon-Exterior-at-Sunset-300x169.jpg 420w, \n\t\t\t\thttps:\/\/www.thereveriesaigon.com\/wp-content\/uploads\/2021\/12\/The-Reverie-Saigon-Exterior-at-Sunset-1024x576.jpg 768w, \n\t\t\t\thttps:\/\/www.thereveriesaigon.com\/wp-content\/uploads\/2021\/12\/The-Reverie-Saigon-Exterior-at-Sunset-1200x675.jpg 1020w, \n\t\t\t\thttps:\/\/www.thereveriesaigon.com\/wp-content\/uploads\/2021\/12\/The-Reverie-Saigon-Exterior-at-Sunset.jpg 1600w, \n\t\t\t\thttps:\/\/www.thereveriesaigon.com\/wp-content\/uploads\/2021\/12\/The-Reverie-Saigon-Exterior-at-Sunset.jpg 1900w,\"\n\t\t\t\tsizes=\"100vw\" alt=\"The Reverie Saigon | Hotels in Saigon | Exterior at Sunset\" type=\"image\/webp\">\n\t\t\t\t\t\t<img decoding=\"async\" src=\"https:\/\/www.thereveriesaigon.com\/wp-content\/uploads\/2021\/12\/The-Reverie-Saigon-Exterior-at-Sunset.jpg\" alt=\"The Reverie Saigon | Hotels in Saigon | Exterior at Sunset\" class=\"div-fill absolute z-10\"  loading=\"lazy\">\n\t\t<\/picture>\n\t    <\/div>\n<\/div>\n\n<div class=\"introduction site-width flex justify-between gap-135 m-flex-wrap m-gap-0 flex-row-reverse m-flex-column-reverse mv-140 align-items-center\" data-type=\"organism\" data-temp=\"introduction-and-award-block.twig\">\n\t<div class=\"m-w-100 col-510 align-self-stretch flex justify-end\">\n\t\t\n\t<\/div>\n\t<div class=\"col col-865\">\n\t\t<!-- Retrieve Text -->\n\t\t<span data-type=\"molecule\" data-temp=\"text.twig\" class=\"molecule-text\">\n<!-- Add Standard Text -->\n<h2 class=\"title standard mv-40 fs-18 tt-uppercase\">Th\u00f4ng tin v\u1ec1 Covid-19<\/h2>\n<p class=\"fs-40 ff-2 i-gold\"><em>Cam k\u1ebft c\u1ee7a ch\u00fang<\/em> t\u00f4i t\u1edbi s\u1ef1 an to\u00e0n c\u1ee7a qu\u00fd kh\u00e1ch<\/p>\n<p>S\u1ee9c kh\u1ecfe v\u00e0 s\u1ef1 an to\u00e0n c\u1ee7a kh\u00e1ch v\u00e0 nh\u00e2n vi\u00ean lu\u00f4n l\u00e0 \u01b0u ti\u00ean h\u00e0ng \u0111\u1ea7u c\u1ee7a ch\u00fang t\u00f4i. \u0110\u00e2y c\u0169ng l\u00e0 tr\u1ecdng t\u00e2m trong nh\u1eefng n\u1ed7 l\u1ef1c c\u1ee7a ch\u00fang t\u00f4i \u0111\u1ec3 ch\u00e0o \u0111\u00f3n qu\u00fd kh\u00e1ch tr\u1edf l\u1ea1i kh\u00e1ch s\u1ea1n The Reverie Saigon.<\/p>\n<p>&nbsp;<\/p>\n<p>L\u00e0 m\u1ed9t kh\u00e1ch s\u1ea1n 5 sao sang tr\u1ecdng v\u00e0 l\u00e0 th\u00e0nh vi\u00ean c\u1ee7a The Leading Hotels Of The World, The Reverie Saigon lu\u00f4n th\u1ef1c h\u00e0nh nghi\u00eam t\u00fac c\u00e1c ti\u00eau chu\u1ea9n v\u1ec7 sinh v\u00e0 an to\u00e0n s\u1ee9c kh\u1ecfe. Ngo\u00e0i ra, ch\u00fang t\u00f4i lu\u00f4n c\u1eadp nh\u1eadt h\u01b0\u1edbng d\u1eabn m\u1edbi \u0111\u01b0\u1ee3c chia s\u1ebb b\u1edfi c\u00e1c t\u1ed5 ch\u1ee9c y t\u1ebf kh\u00e1c nhau nh\u01b0 T\u1ed5 ch\u1ee9c Y t\u1ebf Th\u1ebf gi\u1edbi (WHO), Trung t\u00e2m Ki\u1ec3m so\u00e1t v\u00e0 Ph\u00f2ng ng\u1eeba D\u1ecbch b\u1ec7nh (CDC) v\u00e0 c\u00e1c c\u01a1 quan ch\u00ednh ph\u1ee7. T\u1eeb \u0111\u00f3 t\u0103ng c\u01b0\u1eddng \u0111i\u1ec1u ch\u1ec9nh c\u00e1c ti\u00eau chu\u1ea9n v\u00e0 ph\u01b0\u01a1ng ph\u00e1p ph\u00f2ng ng\u1eeba d\u1ecbch b\u1ec7nh cho ph\u00f9 h\u1ee3p.<\/p>\n<p>&nbsp;<\/p>\n<p>Ch\u00fang t\u00f4i l\u00e0 kh\u00e1ch s\u1ea1n duy nh\u1ea5t t\u1ea1i Tp HCMC \u0111\u01b0\u1ee3c nh\u1eadn ch\u1ee9ng ch\u1ec9 to\u00e0n c\u1ea7u Sharecare Health Security VERIFIED \u2122 b\u1edfi t\u1ed5 ch\u1ee9c Forbes Travel Guide v\u00e0 c\u0169ng l\u00e0 m\u1ed9t trong b\u1ed1n kh\u00e1ch s\u1ea1n \u0111\u01b0\u1ee3c nh\u1eadn ch\u1ee9ng ch\u1ec9 GBAC STAR \u2122 t\u1ea1i Vi\u1ec7t Nam.<\/p>\n<p>&nbsp;<\/p>\n<p>Vui l\u00f2ng b\u1ea5m v\u00e0o <a href=\"https:\/\/www.thereveriesaigon.com\/vi\/khach-san-the-reverie-saigon-di-tien-phong-dam-bao-suc-khoe-va-an-toan\/\">\u0111\u00e2y<\/a> \u0111\u1ec3 xem chi ti\u1ebft.<\/p>\n<p>&nbsp;<\/p>\n<p>Ch\u00fang t\u00f4i hi\u1ec3u r\u1eb1ng t\u00ecnh h\u00ecnh d\u1ecbch b\u1ec7nh hi\u1ec7n t\u1ea1i \u1ea3nh h\u01b0\u1edfng t\u1edbi vi\u1ec7c l\u00ean k\u1ebf ho\u1ea1ch cho chuy\u1ebfn du l\u1ecbch c\u1ee7a kh\u00e1ch h\u00e0ng c\u1ee7a ch\u00fang t\u00f4i. \u0110\u1ec3 kh\u00e1ch h\u00e0ng y\u00ean t\u00e2m v\u00e0 tin t\u01b0\u1edfng h\u01a1n khi \u0111\u1eb7t ph\u00f2ng, ch\u00fang t\u00f4i \u0111\u00e3 \u0111i\u1ec1u ch\u1ec9nh ch\u00ednh s\u00e1ch h\u1ee7y \u0111\u1eb7t ph\u00f2ng c\u1ee7a m\u00ecnh. Vui l\u00f2ng xem trang \u0111\u1eb7t ph\u00f2ng c\u1ee7a ch\u00fang t\u00f4i \u0111\u1ec3 bi\u1ebft th\u00eam chi ti\u1ebft.<\/p>\n<p>&nbsp;<\/p>\n<p>T\u1ea1i The Reverie Saigon, ch\u00fang t\u00f4i t\u1ef1 h\u00e0o mang \u0111\u1ebfn m\u1ed9t tr\u1ea3i nghi\u1ec7m \u0111\u1ed9c nh\u1ea5t v\u00f4 nh\u1ecb v\u1edbi phong c\u00e1ch sang tr\u1ecdng v\u00e0 d\u1ecbch v\u1ee5 tinh t\u1ebf. K\u00ednh ch\u00fac qu\u00fd kh\u00e1ch th\u1eadt nhi\u1ec1u s\u1ee9c kh\u1ecfe v\u00e0 \u01b0\u1edbc mong \u0111\u01b0\u1ee3c ch\u00e0o \u0111\u00f3n qu\u00fd kh\u00e1ch trong th\u1eddi gian t\u1edbi.<\/p>\n<p>\u0110\u1ed9i ng\u0169 qu\u1ea3n l\u00fd The Reverie Saigon<\/p>\n\n\n<!-- Handle Download, External and Internal Links -->\n<div class=\"flex flex-wrap gap-36 m-inherit btn-parent\">\n\t\t\t<a class=\"btn \" \n\t\t\thref=\"\t\t\t\t\t\t\t\t\thttps:\/\/www.thereveriesaigon.com\/wp-content\/uploads\/2022\/03\/Our-Commitment-to-your-Safety-_-presentation.pdf\n\t\t\t\t\t\t\t\t\" \n\t\t\t\t\n\t\t\t\t\n\t\t\t\t\t\t\t\t\ttarget=\"_blank\"\n\t\t\t\t\t\t\t\t>\n\t\t\tChi ti\u1ebft v\u1ec1 cam k\u1ebft c\u1ee7a ch\u00fang t\u00f4i\n\t\t<\/a>\n\t<\/div><\/span>\t<\/div>\n<\/div>\n\n<div class=\"separator-block site-width\" data-type=\"organism\" data-temp=\"introduction-and-award-block.twig\">\n    <div class=\"inner relative w-100\">\n        <div class=\"seperator-badge absolute\">\n          \n        <\/div>\n    <\/div>\n<\/div>\n\n\n\n<div class=\"square-image-text-block site-width flex justify-end gap-36 m-flex-wrap m-gap-0  m-flex-column-reverse mv-140 align-items-center square-image-text-block default\" data-type=\"organism\" data-temp=\"square-image-text-block.twig\">\n\t<div class=\"col col-780 m-w-100 pr-100 m-pr-0\">\n\t\t<span data-type=\"molecule\" data-temp=\"text.twig\" class=\"molecule-text\">\n<!-- Add Standard Text -->\n<p>Quy \u0111\u1ecbnh nh\u1eadp c\u1ea3nh<\/p>\n<ul>\n<li>Qu\u00fd kh\u00e1ch ph\u1ea3i cung c\u1ea5p gi\u1ea5y x\u00e9t nghi\u1ec7m SARS-CoV-2 tr\u01b0\u1edbc khi xu\u1ea5t c\u1ea3nh sang Vi\u1ec7t Nam. K\u1ebft qu\u1ea3 x\u00e9t nghi\u1ec7m ph\u1ea3i \u0111\u01b0\u1ee3c th\u1ef1c hi\u1ec7n tr\u01b0\u1edbc 72 gi\u1edd s\u1eed d\u1ee5ng ph\u01b0\u01a1ng ph\u00e1p RT-PCR \/RT-LAMP ho\u1eb7c trong v\u00f2ng 24 gi\u1edd s\u1eed d\u1ee5ng ph\u01b0\u01a1ng ph\u00e1p x\u00e9t nghi\u1ec7m nhanh kh\u00e1ng nguy\u00ean v\u1edbi vi r\u00fat SARS-CoV-2 v\u00e0 \u0111\u01b0\u1ee3c c\u01a1 quan c\u00f3 th\u1ea9m quy\u1ec1n c\u1ee7a n\u01b0\u1edbc th\u1ef1c hi\u1ec7n x\u00e9t nghi\u1ec7m c\u1ea5p gi\u1ea5y ch\u1ee9ng nh\u1eadn. N\u1ebfu k\u1ebft qu\u1ea3 x\u00e9t nghi\u1ec7m \u00e2m t\u00ednh th\u00ec \u0111\u01b0\u1ee3c ph\u00e9p r\u1eddi kh\u1ecfi n\u01a1i l\u01b0u tr\u00fa v\u00e0 th\u1ef1c hi\u1ec7n c\u00e1c bi\u1ec7n ph\u00e1p ph\u00f2ng ch\u1ed1ng d\u1ecbch theo quy \u0111\u1ecbnh. N\u1ebfu k\u1ebft qu\u1ea3 x\u00e9t nghi\u1ec7m d\u01b0\u01a1ng t\u00ednh th\u00ec ph\u1ea3i th\u00f4ng b\u00e1o ngay cho c\u01a1 quan y t\u1ebf \u0111\u1ecba ph\u01b0\u01a1ng \u0111\u1ec3 \u0111\u01b0\u1ee3c h\u01b0\u1edbng d\u1eabn x\u1eed l\u00fd k\u1ecbp th\u1eddi<\/li>\n<li>Qu\u00fd kh\u00e1ch s\u1ebd \u0111\u01b0\u1ee3c y\u00eau c\u1ea7u xu\u1ea5t tr\u00ecnh ch\u1ee9ng nh\u1eadn ti\u00eam v\u1eafc xin \u00edt nh\u1ea5t 2 m\u0169i trong v\u00f2ng 14 ng\u00e0y tr\u01b0\u1edbc khi \u0111\u1ebfn. Kh\u00e1ch ch\u01b0a ti\u00eam ng\u1eeba v\u1eafc xin v\u00ec l\u00ed do s\u1ee9c kh\u1ecfe \u0111\u01b0\u1ee3c y\u00eau c\u1ea7u tr\u00ecnh gi\u1ea5y x\u00e1c nh\u1eadn t\u1eeb c\u01a1 quan c\u00f3 th\u1ea9m quy\u1ec1n.<\/li>\n<li>Tr\u1ebb d\u01b0\u1edbi 2 tu\u1ed5i kh\u00f4ng b\u1eaft bu\u1ed9c ph\u1ea3i x\u00e9t nghi\u1ec7m SARS-CoV-2, ch\u01b0a \u0111\u01b0\u1ee3c ti\u00eam v\u00e1c xin ph\u00f2ng COVID-19 ho\u1eb7c ch\u01b0a t\u1eebng nhi\u1ec5m SARS-CoV-2 \u0111\u1ec1u \u0111\u01b0\u1ee3c nh\u1eadp c\u1ea3nh, tham gia c\u00e1c ho\u1ea1t \u0111\u1ed9ng \u1edf ngo\u00e0i n\u01a1i l\u01b0u tr\u00fa c\u00f9ng b\u1ed1, m\u1eb9 ho\u1eb7c ng\u01b0\u1eddi b\u1ea3o h\u1ed9<\/li>\n<li>T\u1ea1i c\u1eeda kh\u1ea9u, n\u1ebfu qu\u00fd kh\u00e1ch c\u00f3 tri\u1ec7u ch\u1ee9ng nhi\u1ec5m SARS-CoV-2 (s\u1ed1t, ho, \u0111au h\u1ecdng, ch\u1ea3y n\u01b0\u1edbc m\u0169i, ngh\u1eb9t m\u0169i, \u0111au ng\u01b0\u1eddi, m\u1ec7t m\u1ecfi, \u1edbn l\u1ea1nh, gi\u1ea3m ho\u1eb7c m\u1ea5t v\u1ecb gi\u00e1c, gi\u1ea3m ho\u1eb7c m\u1ea5t kh\u1ee9u gi\u00e1c, \u0111au, nh\u1ee9c \u0111\u1ea7u, ti\u00eau ch\u1ea3y, kh\u00f3 th\u1edf, vi\u00eam \u0111\u01b0\u1eddng h\u00f4 h\u1ea5p,\u2026), vui l\u00f2ng th\u00f4ng b\u00e1o ngay cho c\u01a1 quan y t\u1ebf t\u1ea1i c\u1eeda kh\u1ea9u \u0111\u1ec3 th\u1ef1c hi\u1ec7n c\u00e1c bi\u1ec7n ph\u00e1p y t\u1ebf theo quy \u0111\u1ecbnh.<\/li>\n<li>Kh\u00e1ch l\u01b0u tr\u00fa c\u1ea7n l\u01b0u \u00fd s\u1ee9c kh\u1ecfe, n\u1ebfu c\u00f3 c\u00e1c tri\u1ec7u ch\u1ee9ng nhi\u1ec5m SARS-CoV-2 (s\u1ed1t, ho, \u0111au h\u1ecdng, ch\u1ea3y n\u01b0\u1edbc m\u0169i, ngh\u1eb9t m\u0169i, \u0111au ng\u01b0\u1eddi, m\u1ec7t m\u1ecfi, \u1edbn l\u1ea1nh, gi\u1ea3m ho\u1eb7c m\u1ea5t v\u1ecb gi\u00e1c, gi\u1ea3m ho\u1eb7c m\u1ea5t kh\u1ee9u gi\u00e1c, \u0111au, nh\u1ee9c \u0111\u1ea7u, ti\u00eau ch\u1ea3y, kh\u00f3 th\u1edf, vi\u00eam \u0111\u01b0\u1eddng h\u00f4 h\u1ea5p,\u2026), vui l\u00f2ng th\u00f4ng b\u00e1o ngay cho nh\u00e2n vi\u00ean kh\u00e1ch s\u1ea1n \u0111\u1ec3 \u0111\u01b0\u1ee3c h\u01b0\u1edbng d\u1eabn v\u00e0 theo d\u00f5i, qu\u00fd kh\u00e1ch \u0111\u1ed3ng th\u1eddi th\u1ef1c hi\u1ec7n c\u00e1c bi\u1ec7n ph\u00e1p ph\u00f2ng b\u1ec7nh nh\u01b0 th\u01b0\u1eddng xuy\u00ean \u0111eo kh\u1ea9u trang, kh\u1eed khu\u1ea9n tay b\u1eb1ng dung d\u1ecbch s\u00e1t khu\u1ea9n<\/li>\n<li>Qu\u00fd kh\u00e1ch ph\u1ea3i khai b\u00e1o y t\u1ebf tr\u01b0\u1edbc khi v\u00e0o n\u01a1i l\u01b0u tr\u00fa v\u00e0 \u0111\u01b0\u1ee3c khuy\u1ebfn kh\u00edch s\u1eed d\u1ee5ng \u1ee9ng d\u1ee5ng khai b\u00e1o y t\u1ebf (PC-COVID) trong th\u1eddi gian l\u01b0u tr\u00fa t\u1ea1i Vi\u1ec7t Nam theo quy \u0111\u1ecbnh<\/li>\n<li>Nh\u1eefng y\u00eau c\u1ea7u n\u00e0y c\u00f3 th\u1ec3 thay \u0111\u1ed5i th\u01b0\u1eddng xuy\u00ean, v\u00ec v\u1eady qu\u00fd kh\u00e1ch n\u00ean ki\u1ec3m tra c\u00e1c quy \u0111\u1ecbnh c\u1ee7a ng\u00e0nh du l\u1ecbch tr\u01b0\u1edbc m\u1ed7i chuy\u1ebfn \u0111i. T\u1ea5t c\u1ea3 kh\u00e1ch l\u01b0u tr\u00fa ph\u1ea3i ch\u1ea5p h\u00e0nh cung c\u1ea5p \u0111\u1ea7y \u0111\u1ee7 gi\u1ea5y t\u1edd c\u1ea7n thi\u1ebft \u0111\u01b0\u1ee3c y\u00eau c\u1ea7u b\u1edfi ch\u00ednh quy\u1ec1n \u0111\u1ecba ph\u01b0\u01a1ng trong th\u1eddi gian l\u01b0u tr\u00fa<\/li>\n<\/ul>\n\n\n<!-- Handle Download, External and Internal Links -->\n<div class=\"flex flex-wrap gap-36 m-inherit btn-parent\">\n\t<\/div><\/span>\t<\/div>\n\n\t<div class=\"col-780 align-self-stretch m-w-100 m-mb-30 relative\">\n\t\t\n\t \n\t \n\t\t \n\t \n\n\n\n\n\t\t\t\t\t\t\t\t\t\t\t\t\t\t\t\n\n\n\t\t\t<picture>\n\t\t\t<source srcset=\"\n\t\t\t\thttps:\/\/www.thereveriesaigon.com\/wp-content\/uploads\/2022\/03\/Our-Commitment-to-your-Safety-_-presentation-6-300x232.jpg 379w, \n\t\t\t\thttps:\/\/www.thereveriesaigon.com\/wp-content\/uploads\/2022\/03\/Our-Commitment-to-your-Safety-_-presentation-6-300x232.jpg 420w, \n\t\t\t\thttps:\/\/www.thereveriesaigon.com\/wp-content\/uploads\/2022\/03\/Our-Commitment-to-your-Safety-_-presentation-6-1024x792.jpg 768w, \n\t\t\t\thttps:\/\/www.thereveriesaigon.com\/wp-content\/uploads\/2022\/03\/Our-Commitment-to-your-Safety-_-presentation-6-1200x928.jpg 1020w, \n\t\t\t\thttps:\/\/www.thereveriesaigon.com\/wp-content\/uploads\/2022\/03\/Our-Commitment-to-your-Safety-_-presentation-6.jpg 1600w, \n\t\t\t\thttps:\/\/www.thereveriesaigon.com\/wp-content\/uploads\/2022\/03\/Our-Commitment-to-your-Safety-_-presentation-6.jpg 1900w,\"\n\t\t\t\tsizes=\"100vw\" alt=\"\u00a9The Reverie Saigon | Our Commitment to Safety\" type=\"image\/webp\">\n\t\t\t\t\t\t<img decoding=\"async\" src=\"https:\/\/www.thereveriesaigon.com\/wp-content\/uploads\/2022\/03\/Our-Commitment-to-your-Safety-_-presentation-6.jpg\" alt=\"\u00a9The Reverie Saigon | Our Commitment to Safety\" class=\"bg-primary div-fill-soft row-600 m-row-260\"  loading=\"lazy\">\n\t\t<\/picture>\n\t\t<\/div>\n<\/div>\n\n<div class=\"square-image-text-block site-width flex justify-end gap-36 m-flex-wrap m-gap-0  m-flex-column-reverse mv-140 align-items-center square-image-text-block flex-row-reverse\" data-type=\"organism\" data-temp=\"square-image-text-block.twig\">\n\t<div class=\"col col-780 m-w-100 pr-100 m-pr-0\">\n\t\t<span data-type=\"molecule\" data-temp=\"text.twig\" class=\"molecule-text\">\n<!-- Add Standard Text -->\n<p>C\u00e1c bi\u1ec7n ph\u00e1p \u0111\u1ea3m b\u1ea3o an to\u00e0n v\u00e0 ph\u00f2ng ng\u1eeba Covid-19<\/p>\n<ul>\n<li>\u0110\u1ed9i ng\u0169 nh\u00e2n vi\u00ean \u0111\u1ea3m b\u1ea3o ho\u00e0n th\u00e0nh vi\u1ec7c ti\u00eam ch\u1ee7ng v\u1eafc xin \u0111\u1ea7y \u0111\u1ee7 v\u00e0 \u0111\u01b0\u1ee3c y\u00eau c\u1ea7u x\u00e9t nghi\u1ec7m \u0111\u1ecbnh k\u1ef3 theo quy \u0111\u1ecbnh c\u1ee7a \u0111\u1ecba ph\u01b0\u01a1ng<\/li>\n<li>T\u1ea5t c\u1ea3 kh\u00e1ch v\u00e0 nh\u00e2n vi\u00ean khi v\u00e0o t\u00f2a nh\u00e0 Times Square \u0111\u01b0\u1ee3c y\u00eau c\u1ea7u ki\u1ec3m tra th\u00e2n nhi\u1ec7t v\u00e0 \u0111eo kh\u1ea9u trang \u1edf nh\u1eefng khu v\u1ef1c c\u00f4ng c\u1ed9ng c\u1ee7a t\u00f2a nh\u00e0<\/li>\n<li>C\u00e1c tr\u1ea1m s\u00e1t khu\u1ea9n tay \u0111\u01b0\u1ee3c \u0111\u1eb7t \u1edf t\u1ea5t c\u1ea3 l\u1ed1i ra v\u00e0o c\u1ee7a t\u00f2a nh\u00e0, thang m\u00e1y, c\u00e1c nh\u00e0 h\u00e0ng v\u00e0 spa<\/li>\n<li>Nh\u1eefng v\u1eadt d\u1ee5ng \u0111\u01b0\u1ee3c ti\u1ebfp x\u00fac th\u01b0\u1eddng xuy\u00ean trong ph\u00f2ng \u0111\u01b0\u1ee3c v\u1ec7 sinh v\u00e0 kh\u1eed tr\u00f9ng k\u1ef9 l\u01b0\u1ee1ng nh\u01b0 c\u00f4ng t\u1eafc \u0111\u00e8n, tay n\u1eafm c\u1eeda, \u0111i\u1ec1u ki\u1ec3n t\u1eeb xa, \u0111i\u1ec1u ch\u1ec9nh \u0111i\u1ec1u h\u00f2a, m\u1eb7t b\u00e0n v\u00e0 \u0111i\u1ec7n tho\u1ea1i<\/li>\n<li>Quy tr\u00ecnh v\u1ec7 sinh nghi\u00eam ng\u1eb7t \u0111\u01b0\u1ee3c \u00e1p d\u1ee5ng cho c\u00e1c thi\u1ebft b\u1ecb \u0111i\u1ec1u h\u00f2a trong ph\u00f2ng v\u00e0 nh\u1eefng khu v\u1ef1c c\u00f4ng c\u1ed9ng<\/li>\n<li>Kh\u00e1ch s\u1ea1n \u0111\u00e3 t\u0103ng t\u1ea7ng su\u1ea5t kh\u1eed tr\u00f9ng theo ti\u00eau chu\u1ea9n b\u1ec7nh vi\u1ec7n cho t\u1ea5t c\u1ea3 nh\u1eefng b\u1ec1 m\u1eb7t th\u01b0\u1eddng xuy\u00ean ti\u1ebfp x\u00fac v\u00e0 khu v\u1ef1c c\u00f4ng c\u1ed9ng nh\u01b0 s\u1ea3nh ti\u1ebfp t\u00e2n, nh\u00e0 h\u00e0ng, ph\u00f2ng h\u1ed9i ngh\u1ecb v\u00e0 s\u1ef1 ki\u1ec7n, khu v\u1ef1c v\u1ec7 sinh c\u00f4ng c\u1ed9ng, d\u1ee5ng c\u1ee5 t\u1ea1i ph\u00f2ng t\u1eadp th\u1ec3 thao, thang m\u00e1y v\u00e0 thang cu\u1ed1n<\/li>\n<li>C\u00e1c bi\u1ec7n ph\u00e1p gi\u00e3n c\u00e1ch x\u00e3 h\u1ed9i \u0111\u01b0\u1ee3c \u00e1p d\u1ee5ng t\u1ea1i nh\u1eefng n\u01a1i c\u1ea7n thi\u1ebft<\/li>\n<li>T\u1ea5t c\u1ea3 nh\u1eefng kh\u00e1ch \u0111\u1ebfn nh\u1eadn ph\u00f2ng \u0111\u1ec1u \u0111\u01b0\u1ee3c y\u00eau c\u1ea7u cung c\u1ea5p gi\u1ea5y khai b\u00e1o y t\u1ebf v\u00e0 l\u1ecbch tr\u00ecnh di chuy\u1ec3n<\/li>\n<li>T\u1ea5t c\u1ea3 c\u00e1c nh\u00e2n vi\u00ean ph\u1ee5 tr\u00e1ch h\u00e0nh l\u00fd \u0111\u1ec1u mang g\u0103ng tay b\u1eb1ng v\u1ea3i 24\/7 \u0111\u1ec3 gi\u1ea3m ti\u1ebfp x\u00fac v\u1edbi t\u01b0 trang c\u1ee7a kh\u00e1ch l\u01b0u tr\u00fa<\/li>\n<li>T\u1ea5t c\u1ea3 h\u00e0nh l\u00fd c\u1ee7a kh\u00e1ch l\u01b0u tr\u00fa s\u1ebd \u0111\u01b0\u1ee3c kh\u1eed tr\u00f9ng tr\u01b0\u1edbc khi \u0111\u01b0\u1ee3c g\u1eedi \u0111\u1ebfn ph\u00f2ng<\/li>\n<li>M\u00e1y kh\u1eed tr\u00f9ng th\u1ebb ph\u00f2ng \u0111\u01b0\u1ee3c b\u1ed1 tr\u00ed t\u1ea1i qu\u1ea7y ti\u1ebfp t\u00e2n<\/li>\n<\/ul>\n\n\n<!-- Handle Download, External and Internal Links -->\n<div class=\"flex flex-wrap gap-36 m-inherit btn-parent\">\n\t<\/div><\/span>\t<\/div>\n\n\t<div class=\"col-780 align-self-stretch m-w-100 m-mb-30 relative\">\n\t\t\n\t \n\t \n\t\t \n\t \n\n\n\n\n\t\t\t\t\t\t\t\t\t\t\t\t\t\t\t\n\n\n\t\t\t<picture>\n\t\t\t<source srcset=\"\n\t\t\t\thttps:\/\/www.thereveriesaigon.com\/wp-content\/uploads\/2022\/03\/Our-Commitment-to-your-Safety-_-presentation-2-300x200.jpg 379w, \n\t\t\t\thttps:\/\/www.thereveriesaigon.com\/wp-content\/uploads\/2022\/03\/Our-Commitment-to-your-Safety-_-presentation-2-300x200.jpg 420w, \n\t\t\t\thttps:\/\/www.thereveriesaigon.com\/wp-content\/uploads\/2022\/03\/Our-Commitment-to-your-Safety-_-presentation-2-1024x683.jpg 768w, \n\t\t\t\thttps:\/\/www.thereveriesaigon.com\/wp-content\/uploads\/2022\/03\/Our-Commitment-to-your-Safety-_-presentation-2-1200x801.jpg 1020w, \n\t\t\t\thttps:\/\/www.thereveriesaigon.com\/wp-content\/uploads\/2022\/03\/Our-Commitment-to-your-Safety-_-presentation-2-2000x1335.jpg 1600w, \n\t\t\t\thttps:\/\/www.thereveriesaigon.com\/wp-content\/uploads\/2022\/03\/Our-Commitment-to-your-Safety-_-presentation-2-2000x1335.jpg 1900w,\"\n\t\t\t\tsizes=\"100vw\" alt=\"\u00a9The Reverie Saigon | Our Commitment to Safety\" type=\"image\/webp\">\n\t\t\t\t\t\t<img decoding=\"async\" src=\"https:\/\/www.thereveriesaigon.com\/wp-content\/uploads\/2022\/03\/Our-Commitment-to-your-Safety-_-presentation-2-2000x1335.jpg\" alt=\"\u00a9The Reverie Saigon | Our Commitment to Safety\" class=\"bg-primary div-fill-soft row-600 m-row-260\"  loading=\"lazy\">\n\t\t<\/picture>\n\t\t<\/div>\n<\/div>","protected":false},"excerpt":{"rendered":"","protected":false},"author":8,"featured_media":0,"parent":0,"menu_order":0,"comment_status":"closed","ping_status":"closed","template":"","meta":{"_acf_changed":false,"inline_featured_image":false,"footnotes":""},"class_list":["post-17760","page","type-page","status-publish","hentry"],"acf":{"default":"is_default_theme","theme_type":"is_default_theme"},"yoast_head":"<!-- This site is optimized with the Yoast SEO plugin v27.0 - https:\/\/yoast.com\/product\/yoast-seo-wordpress\/ -->\n<title>Th\u00f4ng tin v\u1ec1 Covid-19<\/title>\n<meta name=\"description\" content=\"Cam k\u1ebft c\u1ee7a ch\u00fang t\u00f4i t\u1edbi s\u1ef1 an to\u00e0n c\u1ee7a qu\u00fd kh\u00e1ch\" \/>\n<meta name=\"robots\" content=\"index, follow, max-snippet:-1, max-image-preview:large, max-video-preview:-1\" \/>\n<link rel=\"canonical\" href=\"https:\/\/www.thereveriesaigon.com\/vi\/thong-tin-ve-covid-19\/\" \/>\n<meta property=\"og:locale\" content=\"vi_VN\" \/>\n<meta property=\"og:type\" content=\"article\" \/>\n<meta property=\"og:title\" content=\"Th\u00f4ng tin v\u1ec1 Covid-19\" \/>\n<meta property=\"og:description\" content=\"Cam k\u1ebft c\u1ee7a ch\u00fang t\u00f4i t\u1edbi s\u1ef1 an to\u00e0n c\u1ee7a qu\u00fd kh\u00e1ch\" \/>\n<meta property=\"og:url\" content=\"https:\/\/www.thereveriesaigon.com\/vi\/thong-tin-ve-covid-19\/\" \/>\n<meta property=\"og:site_name\" content=\"The Reverie Saigon\" \/>\n<meta property=\"article:modified_time\" content=\"2022-05-25T08:33:13+00:00\" \/>\n<meta name=\"twitter:card\" content=\"summary_large_image\" \/>\n<script type=\"application\/ld+json\" class=\"yoast-schema-graph\">{\"@context\":\"https:\/\/schema.org\",\"@graph\":[{\"@type\":\"WebPage\",\"@id\":\"https:\/\/www.thereveriesaigon.com\/vi\/thong-tin-ve-covid-19\/\",\"url\":\"https:\/\/www.thereveriesaigon.com\/vi\/thong-tin-ve-covid-19\/\",\"name\":\"Th\u00f4ng tin v\u1ec1 Covid-19\",\"isPartOf\":{\"@id\":\"https:\/\/www.thereveriesaigon.com\/#website\"},\"datePublished\":\"2022-03-07T11:00:15+00:00\",\"dateModified\":\"2022-05-25T08:33:13+00:00\",\"description\":\"Cam k\u1ebft c\u1ee7a ch\u00fang t\u00f4i t\u1edbi s\u1ef1 an to\u00e0n c\u1ee7a qu\u00fd kh\u00e1ch\",\"inLanguage\":\"vi-VN\",\"potentialAction\":[{\"@type\":\"ReadAction\",\"target\":[\"https:\/\/www.thereveriesaigon.com\/vi\/thong-tin-ve-covid-19\/\"]}]},{\"@type\":\"WebSite\",\"@id\":\"https:\/\/www.thereveriesaigon.com\/#website\",\"url\":\"https:\/\/www.thereveriesaigon.com\/\",\"name\":\"The Reverie Saigon\",\"description\":\"\",\"publisher\":{\"@id\":\"https:\/\/www.thereveriesaigon.com\/#organization\"},\"potentialAction\":[{\"@type\":\"SearchAction\",\"target\":{\"@type\":\"EntryPoint\",\"urlTemplate\":\"https:\/\/www.thereveriesaigon.com\/?s={search_term_string}\"},\"query-input\":{\"@type\":\"PropertyValueSpecification\",\"valueRequired\":true,\"valueName\":\"search_term_string\"}}],\"inLanguage\":\"vi-VN\"},{\"@type\":\"Organization\",\"@id\":\"https:\/\/www.thereveriesaigon.com\/#organization\",\"name\":\"The Reverie Saigon\",\"url\":\"https:\/\/www.thereveriesaigon.com\/\",\"logo\":{\"@type\":\"ImageObject\",\"inLanguage\":\"vi-VN\",\"@id\":\"https:\/\/www.thereveriesaigon.com\/#\/schema\/logo\/image\/\",\"url\":\"https:\/\/www.thereveriesaigon.com\/wp-content\/uploads\/2021\/11\/TRS-Master-Wine-List-5.pdf2021\/11\/TRS-Master-Wine-List-4.pdf2021\/11\/TRS-Master-Wine-List-5.pdf2021\/11\/Thousands-of-Shining-Star-3.pdf2021\/11\/Thousands-of-Shining-Star-4.pdf2021\/11\/Thousands-of-Shining-Star.pdf2021\/11\/Chef-Wong-s-Recommendation-August.pdf2022\/11\/Truffle-menu---Caf-Cardinal.pdf2022\/11\/Truffle-menu---Da-Vittorio-Saigon.pdf2021\/10\/The-Reverie-Logo.jpg\",\"contentUrl\":\"https:\/\/www.thereveriesaigon.com\/wp-content\/uploads\/2021\/11\/TRS-Master-Wine-List-5.pdf2021\/11\/TRS-Master-Wine-List-4.pdf2021\/11\/TRS-Master-Wine-List-5.pdf2021\/11\/Thousands-of-Shining-Star-3.pdf2021\/11\/Thousands-of-Shining-Star-4.pdf2021\/11\/Thousands-of-Shining-Star.pdf2021\/11\/Chef-Wong-s-Recommendation-August.pdf2022\/11\/Truffle-menu---Caf-Cardinal.pdf2022\/11\/Truffle-menu---Da-Vittorio-Saigon.pdf2021\/10\/The-Reverie-Logo.jpg\",\"width\":2000,\"height\":1597,\"caption\":\"The Reverie Saigon\"},\"image\":{\"@id\":\"https:\/\/www.thereveriesaigon.com\/#\/schema\/logo\/image\/\"}}]}<\/script>\n<!-- \/ Yoast SEO plugin. -->","yoast_head_json":{"title":"Th\u00f4ng tin v\u1ec1 Covid-19","description":"Cam k\u1ebft c\u1ee7a ch\u00fang t\u00f4i t\u1edbi s\u1ef1 an to\u00e0n c\u1ee7a qu\u00fd kh\u00e1ch","robots":{"index":"index","follow":"follow","max-snippet":"max-snippet:-1","max-image-preview":"max-image-preview:large","max-video-preview":"max-video-preview:-1"},"canonical":"https:\/\/www.thereveriesaigon.com\/vi\/thong-tin-ve-covid-19\/","og_locale":"vi_VN","og_type":"article","og_title":"Th\u00f4ng tin v\u1ec1 Covid-19","og_description":"Cam k\u1ebft c\u1ee7a ch\u00fang t\u00f4i t\u1edbi s\u1ef1 an to\u00e0n c\u1ee7a qu\u00fd kh\u00e1ch","og_url":"https:\/\/www.thereveriesaigon.com\/vi\/thong-tin-ve-covid-19\/","og_site_name":"The Reverie Saigon","article_modified_time":"2022-05-25T08:33:13+00:00","twitter_card":"summary_large_image","schema":{"@context":"https:\/\/schema.org","@graph":[{"@type":"WebPage","@id":"https:\/\/www.thereveriesaigon.com\/vi\/thong-tin-ve-covid-19\/","url":"https:\/\/www.thereveriesaigon.com\/vi\/thong-tin-ve-covid-19\/","name":"Th\u00f4ng tin v\u1ec1 Covid-19","isPartOf":{"@id":"https:\/\/www.thereveriesaigon.com\/#website"},"datePublished":"2022-03-07T11:00:15+00:00","dateModified":"2022-05-25T08:33:13+00:00","description":"Cam k\u1ebft c\u1ee7a ch\u00fang t\u00f4i t\u1edbi s\u1ef1 an to\u00e0n c\u1ee7a qu\u00fd kh\u00e1ch","inLanguage":"vi-VN","potentialAction":[{"@type":"ReadAction","target":["https:\/\/www.thereveriesaigon.com\/vi\/thong-tin-ve-covid-19\/"]}]},{"@type":"WebSite","@id":"https:\/\/www.thereveriesaigon.com\/#website","url":"https:\/\/www.thereveriesaigon.com\/","name":"The Reverie Saigon","description":"","publisher":{"@id":"https:\/\/www.thereveriesaigon.com\/#organization"},"potentialAction":[{"@type":"SearchAction","target":{"@type":"EntryPoint","urlTemplate":"https:\/\/www.thereveriesaigon.com\/?s={search_term_string}"},"query-input":{"@type":"PropertyValueSpecification","valueRequired":true,"valueName":"search_term_string"}}],"inLanguage":"vi-VN"},{"@type":"Organization","@id":"https:\/\/www.thereveriesaigon.com\/#organization","name":"The Reverie Saigon","url":"https:\/\/www.thereveriesaigon.com\/","logo":{"@type":"ImageObject","inLanguage":"vi-VN","@id":"https:\/\/www.thereveriesaigon.com\/#\/schema\/logo\/image\/","url":"https:\/\/www.thereveriesaigon.com\/wp-content\/uploads\/2021\/11\/TRS-Master-Wine-List-5.pdf2021\/11\/TRS-Master-Wine-List-4.pdf2021\/11\/TRS-Master-Wine-List-5.pdf2021\/11\/Thousands-of-Shining-Star-3.pdf2021\/11\/Thousands-of-Shining-Star-4.pdf2021\/11\/Thousands-of-Shining-Star.pdf2021\/11\/Chef-Wong-s-Recommendation-August.pdf2022\/11\/Truffle-menu---Caf-Cardinal.pdf2022\/11\/Truffle-menu---Da-Vittorio-Saigon.pdf2021\/10\/The-Reverie-Logo.jpg","contentUrl":"https:\/\/www.thereveriesaigon.com\/wp-content\/uploads\/2021\/11\/TRS-Master-Wine-List-5.pdf2021\/11\/TRS-Master-Wine-List-4.pdf2021\/11\/TRS-Master-Wine-List-5.pdf2021\/11\/Thousands-of-Shining-Star-3.pdf2021\/11\/Thousands-of-Shining-Star-4.pdf2021\/11\/Thousands-of-Shining-Star.pdf2021\/11\/Chef-Wong-s-Recommendation-August.pdf2022\/11\/Truffle-menu---Caf-Cardinal.pdf2022\/11\/Truffle-menu---Da-Vittorio-Saigon.pdf2021\/10\/The-Reverie-Logo.jpg","width":2000,"height":1597,"caption":"The Reverie Saigon"},"image":{"@id":"https:\/\/www.thereveriesaigon.com\/#\/schema\/logo\/image\/"}}]}},"_links":{"self":[{"href":"https:\/\/www.thereveriesaigon.com\/vi\/wp-json\/wp\/v2\/pages\/17760","targetHints":{"allow":["GET"]}}],"collection":[{"href":"https:\/\/www.thereveriesaigon.com\/vi\/wp-json\/wp\/v2\/pages"}],"about":[{"href":"https:\/\/www.thereveriesaigon.com\/vi\/wp-json\/wp\/v2\/types\/page"}],"author":[{"embeddable":true,"href":"https:\/\/www.thereveriesaigon.com\/vi\/wp-json\/wp\/v2\/users\/8"}],"replies":[{"embeddable":true,"href":"https:\/\/www.thereveriesaigon.com\/vi\/wp-json\/wp\/v2\/comments?post=17760"}],"version-history":[{"count":4,"href":"https:\/\/www.thereveriesaigon.com\/vi\/wp-json\/wp\/v2\/pages\/17760\/revisions"}],"predecessor-version":[{"id":18576,"href":"https:\/\/www.thereveriesaigon.com\/vi\/wp-json\/wp\/v2\/pages\/17760\/revisions\/18576"}],"wp:attachment":[{"href":"https:\/\/www.thereveriesaigon.com\/vi\/wp-json\/wp\/v2\/media?parent=17760"}],"curies":[{"name":"wp","href":"https:\/\/api.w.org\/{rel}","templated":true}]}}